{"id":2065,"date":"2019-12-12T15:50:07","date_gmt":"2019-12-12T15:50:07","guid":{"rendered":"http:\/\/okthemes.com\/lucia-vineyards-demo\/?page_id=2065"},"modified":"2024-07-18T17:36:02","modified_gmt":"2024-07-18T17:36:02","slug":"contact","status":"publish","type":"page","link":"https:\/\/vilasunce.ba\/bs\/contact\/","title":{"rendered":"Kontakt"},"content":{"rendered":"<div class=\"vc_row wpb_row vc_row-fluid vc_hidden-lg vc_hidden-md vc_hidden-sm\"><div class=\"wpb_column vc_column_container vc_col-sm-12\"><div class=\"vc_column-inner\"><div class=\"wpb_wrapper\"><div class=\"vc_empty_space  vc_hidden-lg vc_hidden-md vc_hidden-sm\"   style=\"height: 335px\"><span class=\"vc_empty_space_inner\"><\/span><\/div><\/div><\/div><\/div><\/div><div class=\"vc_row wpb_row vc_row-fluid vc_custom_1680002330730\"><div class=\"wpb_column vc_column_container vc_col-sm-12\"><div class=\"vc_column-inner\"><div class=\"wpb_wrapper\"><div class=\"vc_empty_space  vc_hidden-xs\"   style=\"height: 105px\"><span class=\"vc_empty_space_inner\"><\/span><\/div>\n\t<div class=\"gg-special-button-wrapper  special-button-align-center special-button-style-btn-primary\"><a class=\"btn btn-primary\" href=\"https:\/\/goo.gl\/maps\/scPUmtAWoGMarHkK8\" title=\"Pogledajte lokaciju na Google Maps\" target=\"_blank\">Pogledajte lokaciju na Google Maps<\/a><\/div><\/div><\/div><\/div><\/div><div class=\"vc_row wpb_row vc_row-fluid vc_hidden-xs vc_row-o-equal-height vc_row-o-content-middle vc_row-flex\"><div class=\"wpb_column vc_column_container vc_col-sm-6 vc_col-has-fill\"><div class=\"vc_column-inner vc_custom_1720690643591\"><div class=\"wpb_wrapper\">\n\t<div class=\"title-subtitle-box  vc_custom_1578911856023\" style=\" text-align: left;\">\n\t\t<h1 style=\" font-weight: normal;\" class=\"special-title\" >Kako nas prona\u0107i<\/h1>\n\t<\/div> \n\t<div class=\"gg-infobox  text-align-left\" >\n\t\t<div class=\"infobox-title\" >Adresa<\/div>\n\t\t<span class=\"gg-horizontal-line\" ><\/span>\n\t\t<div class=\"infobox-description\" ><p>Bora\u010dko jezero, 88400, Konjic<\/p>\n<\/div>\n\t<\/div> \n\t<div class=\"gg-infobox  text-align-left\" >\n\t\t<div class=\"infobox-title\" >Telefonski broj<\/div>\n\t\t<span class=\"gg-horizontal-line\" ><\/span>\n\t\t<div class=\"infobox-description\" ><p>+387 62 111 577<br \/>\n+387 62 111 322<\/p>\n<\/div>\n\t<\/div> \n\t<div class=\"gg-infobox  text-align-left vc_custom_1683104005356\" >\n\t\t<div class=\"infobox-title\" >E-mail adresa<\/div>\n\t\t<span class=\"gg-horizontal-line\" ><\/span>\n\t\t<div class=\"infobox-description\" ><p><a href=\"mailto:info@vilasunce.ba\">info@vilasunce.ba<\/a><\/p>\n<\/div>\n\t<\/div> <\/div><\/div><\/div><div class=\"wpb_column vc_column_container vc_col-sm-6 vc_col-has-fill\"><div class=\"vc_column-inner vc_custom_1679898996029\"><div class=\"wpb_wrapper\">\n\t<div class=\"wpb_text_column wpb_content_element  vc_custom_1720690023863\" >\n\t\t<div class=\"wpb_wrapper\">\n\t\t\t<p><iframe loading=\"lazy\" style=\"border: none;\" src=\"https:\/\/snazzymaps.com\/embed\/16713\" width=\"100%\" height=\"879px\"><\/iframe><\/p>\n\n\t\t<\/div>\n\t<\/div>\n<\/div><\/div><\/div><\/div><div class=\"vc_row wpb_row vc_row-fluid vc_hidden-lg vc_hidden-md vc_hidden-sm vc_row-o-equal-height vc_row-o-content-middle vc_row-flex\"><div class=\"wpb_column vc_column_container vc_col-sm-6 vc_col-has-fill\"><div class=\"vc_column-inner vc_custom_1680080764053\"><div class=\"wpb_wrapper\">\n\t<div class=\"wpb_text_column wpb_content_element  vc_custom_1680030684849\" >\n\t\t<div class=\"wpb_wrapper\">\n\t\t\t<p><iframe loading=\"lazy\" style=\"border: none;\" src=\"https:\/\/snazzymaps.com\/embed\/16713\" width=\"100%\" height=\"824px\"><\/iframe><\/p>\n\n\t\t<\/div>\n\t<\/div>\n<\/div><\/div><\/div><div class=\"wpb_column vc_column_container vc_col-sm-6 vc_col-has-fill\"><div class=\"vc_column-inner vc_custom_1680030865515\"><div class=\"wpb_wrapper\">\n\t<div class=\"title-subtitle-box  vc_custom_1578911856023\" style=\" text-align: left;\">\n\t\t<h1 style=\" font-weight: normal;\" class=\"special-title\" >Kako nas prona\u0107i<\/h1>\n\t<\/div> \n\t<div class=\"gg-infobox  text-align-left\" >\n\t\t<div class=\"infobox-title\" >Adresa<\/div>\n\t\t<span class=\"gg-horizontal-line\" ><\/span>\n\t\t<div class=\"infobox-description\" ><p>Bora\u010dko jezero, 88400, Konjic<\/p>\n<\/div>\n\t<\/div> \n\t<div class=\"gg-infobox  text-align-left\" >\n\t\t<div class=\"infobox-title\" >Telefonski broj<\/div>\n\t\t<span class=\"gg-horizontal-line\" ><\/span>\n\t\t<div class=\"infobox-description\" ><p>+387 62 111 577<br \/>\n+387 62 111 322<\/p>\n<\/div>\n\t<\/div> \n\t<div class=\"gg-infobox  text-align-left vc_custom_1679898324062\" >\n\t\t<div class=\"infobox-title\" >E-mail adresa<\/div>\n\t\t<span class=\"gg-horizontal-line\" ><\/span>\n\t\t<div class=\"infobox-description\" ><p><a href=\"mailto:customer@luciademo.com\">info@villa-sunce.ba<\/a><\/p>\n<\/div>\n\t<\/div> <\/div><\/div><\/div><\/div><div class=\"vc_row wpb_row vc_row-fluid vc_row-o-equal-height vc_row-flex\"><div class=\"wpb_column vc_column_container vc_col-sm-12 vc_col-lg-2\"><div class=\"vc_column-inner\"><div class=\"wpb_wrapper\"><\/div><\/div><\/div><div class=\"wpb_column vc_column_container vc_col-sm-12 vc_col-lg-8 vc_col-has-fill\"><div class=\"vc_column-inner vc_custom_1579621427408\"><div class=\"wpb_wrapper\">\n\t<div class=\"title-subtitle-box\" style=\" text-align: left;\">\n\t\t<h3 style=\" font-weight: normal;\" class=\"special-title\" >Po\u0161aljite nam poruku<\/h3>\n\t<\/div> \n<div class=\"wpcf7 no-js\" id=\"wpcf7-f3119-o1\" lang=\"en-US\" dir=\"ltr\" data-wpcf7-id=\"3119\">\n<div class=\"screen-reader-response\"><p role=\"status\" aria-live=\"polite\" aria-atomic=\"true\"><\/p> <ul><\/ul><\/div>\n<form action=\"\/bs\/wp-json\/wp\/v2\/pages\/2065#wpcf7-f3119-o1\" method=\"post\" class=\"wpcf7-form init\" aria-label=\"Contact form\" novalidate=\"novalidate\" data-status=\"init\" data-trp-original-action=\"\/bs\/wp-json\/wp\/v2\/pages\/2065#wpcf7-f3119-o1\">\n<div style=\"display: none;\">\n<input type=\"hidden\" name=\"_wpcf7\" value=\"3119\" \/>\n<input type=\"hidden\" name=\"_wpcf7_version\" value=\"6.0.1\" \/>\n<input type=\"hidden\" name=\"_wpcf7_locale\" value=\"en_US\" \/>\n<input type=\"hidden\" name=\"_wpcf7_unit_tag\" value=\"wpcf7-f3119-o1\" \/>\n<input type=\"hidden\" name=\"_wpcf7_container_post\" value=\"0\" \/>\n<input type=\"hidden\" name=\"_wpcf7_posted_data_hash\" value=\"\" \/>\n<input type=\"hidden\" name=\"_cf7a__timestamp\" value=\"PN75jZo57KzTJJLlauFrUw==\" \/>\n<input type=\"hidden\" name=\"_cf7a_version\" value=\"1.0\" \/>\n<input type=\"hidden\" name=\"_cf7a_address\" value=\"gs545FC4ltzu61krjLahzQ==\" \/>\n<input type=\"hidden\" name=\"_cf7a_referer\" value=\"87r\/UhvVdJ3smDE2fcU1hA==\" \/>\n<input type=\"hidden\" name=\"_cf7a_protocol\" value=\"vOUv3ZZxihFZ5n1cIIp5mQ==\" \/>\n<input type=\"hidden\" name=\"_wpcf7_recaptcha_response\" value=\"\" \/>\n<input type=\"hidden\" name=\"_cf7a_bot_fingerprint\" value=\"PN75jZo57KzTJJLlauFrUw==\" \/>\n<input type=\"hidden\" name=\"_cf7a_bot_fingerprint_extras\" value=\"\" \/>\n<input type=\"hidden\" name=\"_cf7a_append_on_submit\" value=\"\" \/>\n<\/div>\n<p><label> Va\u0161e ime (obavezno)<br \/>\n<span class=\"wpcf7-form-control-wrap\" data-name=\"your-name\"><input size=\"40\" maxlength=\"400\" class=\"wpcf7-form-control wpcf7-text wpcf7-validates-as-required\" aria-required=\"true\" aria-invalid=\"false\" value=\"\" type=\"text\" name=\"your-name\" \/><input type=\"text\" name=\"name\" value=\"\" autocomplete=\"fill\" class=\"fit-the-fullspace\" aria-hidden=\"true\" tabindex=\"-1\" \/><\/span> <\/label>\n<\/p>\n<p><label> Va\u0161 email (obavezno)<br \/>\n<span class=\"wpcf7-form-control-wrap\" data-name=\"your-email\"><input size=\"40\" maxlength=\"400\" class=\"wpcf7-form-control wpcf7-email wpcf7-validates-as-required wpcf7-text wpcf7-validates-as-email\" aria-required=\"true\" aria-invalid=\"false\" value=\"\" type=\"email\" name=\"your-email\" \/><\/span> <\/label>\n<\/p>\n<p><label> Naslov<br \/>\n<span class=\"wpcf7-form-control-wrap\" data-name=\"your-subject\"><input size=\"40\" maxlength=\"400\" class=\"wpcf7-form-control wpcf7-text\" aria-invalid=\"false\" value=\"\" type=\"text\" name=\"your-subject\" \/><input type=\"text\" name=\"address\" value=\"\" autocomplete=\"fill\" class=\"fit-the-fullspace\" aria-hidden=\"true\" tabindex=\"-1\" \/><\/span> <\/label>\n<\/p>\n<p><label> Va\u0161a poruka<br \/>\n<span class=\"wpcf7-form-control-wrap\" data-name=\"your-message\"><textarea cols=\"40\" rows=\"10\" maxlength=\"2000\" class=\"wpcf7-form-control wpcf7-textarea\" aria-invalid=\"false\" name=\"your-message\"><\/textarea><\/span> <\/label>\n<\/p>\n<p><span class=\"wpcf7-form-control-wrap\" data-name=\"checkbox-577\"><span class=\"wpcf7-form-control wpcf7-checkbox wpcf7-validates-as-required\"><span class=\"wpcf7-list-item first last\"><input type=\"checkbox\" name=\"checkbox-577[]\" value=\"Check here to indicate that you have read and agree to the terms of privacy policy\" \/><span class=\"wpcf7-list-item-label\">Ovdje ozna\u010dite da ste pro\u010ditali i da se sla\u017eete sa uslovima politike privatnosti<\/span><\/span><\/span><\/span>\n<\/p>\n<p><input class=\"wpcf7-form-control wpcf7-submit has-spinner\" type=\"submit\" value=\"Po\u0161aljite\" \/>\n<\/p><div class=\"wpcf7-response-output\" aria-hidden=\"true\"><\/div>\n<input type=\"hidden\" name=\"trp-form-language\" value=\"bs\"\/><\/form>\n<\/div>\n<\/div><\/div><\/div><div class=\"wpb_column vc_column_container vc_col-sm-12 vc_col-lg-2\"><div class=\"vc_column-inner\"><div class=\"wpb_wrapper\"><\/div><\/div><\/div><\/div>","protected":false},"excerpt":{"rendered":"View location on Google Maps How to find us Address Bora\u010dko jezero, 88400, Konjic Phone number +387 62 111 577 +387 62 111 322 Email address info@vilasunce.ba How to find us Address Bora\u010dko jezero, 88400, Konjic Phone number +387 62 111 577 +387 62 111 322 Email address info@villa-sunce.ba Send us a message Your Name<p class=\"more-link-wrapper\"><a class=\"btn btn-primary\" href=\"https:\/\/vilasunce.ba\/bs\/contact\/\">Read More<\/a><\/p>","protected":false},"author":1,"featured_media":3127,"parent":0,"menu_order":0,"comment_status":"closed","ping_status":"closed","template":"","meta":{"footnotes":""},"class_list":["post-2065","page","type-page","status-publish","has-post-thumbnail","hentry","has_thumb"],"acf":[],"_links":{"self":[{"href":"https:\/\/vilasunce.ba\/bs\/wp-json\/wp\/v2\/pages\/2065","targetHints":{"allow":["GET"]}}],"collection":[{"href":"https:\/\/vilasunce.ba\/bs\/wp-json\/wp\/v2\/pages"}],"about":[{"href":"https:\/\/vilasunce.ba\/bs\/wp-json\/wp\/v2\/types\/page"}],"author":[{"embeddable":true,"href":"https:\/\/vilasunce.ba\/bs\/wp-json\/wp\/v2\/users\/1"}],"replies":[{"embeddable":true,"href":"https:\/\/vilasunce.ba\/bs\/wp-json\/wp\/v2\/comments?post=2065"}],"version-history":[{"count":0,"href":"https:\/\/vilasunce.ba\/bs\/wp-json\/wp\/v2\/pages\/2065\/revisions"}],"wp:featuredmedia":[{"embeddable":true,"href":"https:\/\/vilasunce.ba\/bs\/wp-json\/wp\/v2\/media\/3127"}],"wp:attachment":[{"href":"https:\/\/vilasunce.ba\/bs\/wp-json\/wp\/v2\/media?parent=2065"}],"curies":[{"name":"wp","href":"https:\/\/api.w.org\/{rel}","templated":true}]}}