{"id":2075,"date":"2019-12-12T15:51:56","date_gmt":"2019-12-12T15:51:56","guid":{"rendered":"http:\/\/okthemes.com\/lucia-vineyards-demo\/?page_id=2075"},"modified":"2023-05-19T05:40:48","modified_gmt":"2023-05-19T05:40:48","slug":"nasa-prica","status":"publish","type":"page","link":"https:\/\/vilasunce.ba\/bs\/nasa-prica\/","title":{"rendered":"O nama"},"content":{"rendered":"<div class=\"vc_row wpb_row vc_row-fluid vc_custom_1580811855427 vc_row-o-equal-height vc_row-o-content-middle vc_row-flex\"><div class=\"wpb_column vc_column_container vc_col-sm-6 vc_col-has-fill\"><div class=\"vc_column-inner vc_custom_1576244366699\"><div class=\"wpb_wrapper\">\n\t<div class=\"title-subtitle-box  vc_custom_1680972581317\" style=\" text-align: left;\">\n\t\t<h1 style=\" font-weight: normal;\" class=\"special-title\" >\n\t\t<span class=\"toptitle\" style=\"\">vila sunce<\/span>Our story<\/h1>\n\t\t<span class=\"gg-horizontal-line\"><\/span>\n\t\t<div class=\"box-description\"><p>Villa Sunce is located on Lake Bora\u010dka, only 300 meters from the first beach. It is located 20 meters above the river \u0160i\u0161tica and offers an unforgettable view of the endemic rocks of the Prenj massif. It is especially suitable for collective vacations and group trips, and we also offer you the organization of a large number of additional activities. Our central geographic position in terms of tourist attractions in Bosnia and Herzegovina is something that characterizes us as a starting and ending station for numerous day trips.<\/p>\n<p>If you want something truly special for your vacation, choose Villa Sunce and enjoy the chirping of birds, the gurgling of water and the natural environment with friendly staff who will make sure that your stay is as pleasant as possible.<\/p>\n<\/div>\n\t<\/div> <\/div><\/div><\/div><div class=\"reveal-effect masker wow wpb_column vc_column_container vc_col-sm-6 vc_col-has-fill\"><div class=\"vc_column-inner vc_custom_1682364658126\"><div class=\"wpb_wrapper\"><div class=\"vc_empty_space\"   style=\"height: 300px\"><span class=\"vc_empty_space_inner\"><\/span><\/div><\/div><\/div><\/div><\/div><div class=\"vc_row wpb_row vc_row-fluid vc_custom_1580811860099 vc_row-o-equal-height vc_row-o-content-middle vc_row-flex\"><div class=\"vc_hidden-xs reveal-effect masker wow wpb_column vc_column_container vc_col-sm-6 vc_col-has-fill\"><div class=\"vc_column-inner vc_custom_1682364984541\"><div class=\"wpb_wrapper\"><div class=\"vc_empty_space\"   style=\"height: 300px\"><span class=\"vc_empty_space_inner\"><\/span><\/div><\/div><\/div><\/div><div class=\"wpb_column vc_column_container vc_col-sm-3 vc_col-has-fill\"><div class=\"vc_column-inner vc_custom_1580822529295\"><div class=\"wpb_wrapper\">\n\t<div class=\"title-subtitle-box\" style=\" text-align: left;\">\n\t\t<span class=\"subtitle\" style=\"\">Make the most of your vacation in the unspoilt nature of Lake Bora\u010dki. Whether the holiday will be active or passive is up to you.<\/span>\n\t<\/div> <\/div><\/div><\/div><div class=\"reveal-effect masker wow wpb_column vc_column_container vc_col-sm-3 vc_col-has-fill\"><div class=\"vc_column-inner vc_custom_1682365614024\"><div class=\"wpb_wrapper\"><div class=\"vc_empty_space\"   style=\"height: 200px\"><span class=\"vc_empty_space_inner\"><\/span><\/div><\/div><\/div><\/div><\/div><div class=\"vc_row wpb_row vc_row-fluid\"><div class=\"wpb_column vc_column_container vc_col-sm-2\"><div class=\"vc_column-inner\"><div class=\"wpb_wrapper\"><\/div><\/div><\/div><div class=\"wpb_column vc_column_container vc_col-sm-8\"><div class=\"vc_column-inner\"><div class=\"wpb_wrapper\">\n\t<blockquote  class=\"gg-vc-quote   font_size_large text-align-center vc_custom_1680972715928\">\n\tOur villa is the perfect place for a romantic getaway for couples, families and lovers of sports and active holidays.\n\t<cite>Vila Sunce<\/cite>\n\t<\/blockquote><\/div><\/div><\/div><div class=\"wpb_column vc_column_container vc_col-sm-2\"><div class=\"vc_column-inner\"><div class=\"wpb_wrapper\"><\/div><\/div><\/div><\/div><div id=\"our-craft\" class=\"vc_row wpb_row vc_row-fluid paketi vc_custom_1682772830983 vc_row-has-fill vc_row-o-equal-height vc_row-o-content-middle vc_row-flex\"><div class=\"wpb_column vc_column_container vc_col-sm-6\"><div class=\"vc_column-inner vc_custom_1682765933169\"><div class=\"wpb_wrapper\">\n\t<div class=\"title-subtitle-box\" style=\" text-align: left;\">\n\t\t<h1 style=\" font-weight: normal;\" class=\"special-title\" >\n\t\t<span class=\"toptitle\" style=\"\">vila sunce<\/span>Our recommendation<\/h1>\n\t\t<span class=\"subtitle\" style=\"\">Visit Bora\u010dko jezero and have an unforgettable experience in our ``Vila Sunce``<\/span>\n\t<\/div> \n\t<div  class=\"wpb_single_image wpb_content_element vc_align_center  vc_custom_1679900131282\">\n\t\t\n\t\t<figure class=\"wpb_wrapper vc_figure\">\n\t\t\t<div class=\"vc_single_image-wrapper   vc_box_border_grey\"><img decoding=\"async\" width=\"1920\" height=\"1080\" src=\"https:\/\/vilasunce.ba\/wp-content\/uploads\/revslider\/video-media\/VillaSunce-ispravka-FINAL_1.jpeg\" class=\"vc_single_image-img attachment-full\" alt=\"\" title=\"VillaSunce-ispravka-FINAL_1.jpeg\" \/><\/div>\n\t\t<\/figure>\n\t<\/div>\n<\/div><\/div><\/div><div class=\"wpb_column vc_column_container vc_col-sm-6 vc_col-has-fill\"><div class=\"vc_column-inner vc_custom_1576575907642\"><div class=\"wpb_wrapper\"><div class=\"vc_tta-container\" data-vc-action=\"collapseAll\"><div class=\"vc_general vc_tta vc_tta-accordion vc_tta-color-black vc_tta-style-flat vc_tta-shape-square vc_tta-o-shape-group vc_tta-controls-align-left vc_tta-o-no-fill vc_tta-o-all-clickable\"><div class=\"vc_tta-panels-container\"><div class=\"vc_tta-panels\"><div class=\"vc_tta-panel\" id=\"1576575919904-2ef760b0-32a3\" data-vc-content=\".vc_tta-panel-body\"><div class=\"vc_tta-panel-heading\"><h4 class=\"vc_tta-panel-title vc_tta-controls-icon-position-right\"><a href=\"#1576575919904-2ef760b0-32a3\" data-vc-accordion data-vc-container=\".vc_tta-container\"><span class=\"vc_tta-title-text\">PACKAGE 1. \"Vila Sunce\" Everything in one place<\/span><i class=\"vc_tta-controls-icon vc_tta-controls-icon-plus\"><\/i><\/a><\/h4><\/div><div class=\"vc_tta-panel-body\">\n\t<div class=\"wpb_text_column wpb_content_element\" >\n\t\t<div class=\"wpb_wrapper\">\n\t\t\t<p>HOLIDAY FOR TWO ON BORACKO LAKE \/ 2 NIGHTS ON A HALF BOARD BASIS<\/p>\n\n\t\t<\/div>\n\t<\/div>\n\n\t<div class=\"wpb_text_column wpb_content_element\" >\n\t\t<div class=\"wpb_wrapper\">\n\t\t\t<p>Offer includes:<\/p>\n<ul>\n<li>Accommodation in double rooms<\/li>\n<li>2 nights (half board \/ breakfast and dinner)<\/li>\n<li>Use of the outdoor pool<\/li>\n<li>Sunbeds at the pool<\/li>\n<li>Basketball court<\/li>\n<li>Internet<\/li>\n<li>Parking<\/li>\n<\/ul>\n\n\t\t<\/div>\n\t<\/div>\n<div class=\"vc_separator wpb_content_element vc_separator_align_center vc_sep_width_50 vc_sep_pos_align_left vc_separator_no_text\" ><span class=\"vc_sep_holder vc_sep_holder_l\"><span  style=\"border-color:rgb(255,255,255);border-color:rgba(255,255,255,0.1);\" class=\"vc_sep_line\"><\/span><\/span><span class=\"vc_sep_holder vc_sep_holder_r\"><span  style=\"border-color:rgb(255,255,255);border-color:rgba(255,255,255,0.1);\" class=\"vc_sep_line\"><\/span><\/span>\n<\/div>\n\t<div class=\"wpb_text_column wpb_content_element\" >\n\t\t<div class=\"wpb_wrapper\">\n\t\t\t<p>Complete your stay with activities in nature that we offer:<\/p>\n<ul>\n<li>Kanjon Rakitnice<\/li>\n<li>Canoeing<\/li>\n<li>Ribolov<\/li>\n<li>Ferrata<\/li>\n<li>E-mtb bike<\/li>\n<li>ATV Quads<\/li>\n<li>Rafting on the Neretva<\/li>\n<\/ul>\n\n\t\t<\/div>\n\t<\/div>\n<div class=\"vc_separator wpb_content_element vc_separator_align_center vc_sep_width_100 vc_sep_pos_align_left vc_separator_no_text\" ><span class=\"vc_sep_holder vc_sep_holder_l\"><span  style=\"border-color:rgb(255,255,255);border-color:rgba(255,255,255,0.1);\" class=\"vc_sep_line\"><\/span><\/span><span class=\"vc_sep_holder vc_sep_holder_r\"><span  style=\"border-color:rgb(255,255,255);border-color:rgba(255,255,255,0.1);\" class=\"vc_sep_line\"><\/span><\/span>\n<\/div>\n\t<div class=\"wpb_text_column wpb_content_element\" >\n\t\t<div class=\"wpb_wrapper\">\n\t\t\t<p><strong>PRICE OF THE PACKAGE:<\/strong><\/p>\n\n\t\t<\/div>\n\t<\/div>\n<div class=\"vc_separator wpb_content_element vc_separator_align_center vc_sep_width_100 vc_sep_pos_align_left vc_separator_no_text\" ><span class=\"vc_sep_holder vc_sep_holder_l\"><span  style=\"border-color:rgb(255,255,255);border-color:rgba(255,255,255,0.1);\" class=\"vc_sep_line\"><\/span><\/span><span class=\"vc_sep_holder vc_sep_holder_r\"><span  style=\"border-color:rgb(255,255,255);border-color:rgba(255,255,255,0.1);\" class=\"vc_sep_line\"><\/span><\/span>\n<\/div><\/div><\/div><div class=\"vc_tta-panel\" id=\"1682771009665-a6e83533-22c2\" data-vc-content=\".vc_tta-panel-body\"><div class=\"vc_tta-panel-heading\"><h4 class=\"vc_tta-panel-title vc_tta-controls-icon-position-right\"><a href=\"#1682771009665-a6e83533-22c2\" data-vc-accordion data-vc-container=\".vc_tta-container\"><span class=\"vc_tta-title-text\">PACKAGE 2. \"Vila Sunce\" Everything in one place<\/span><i class=\"vc_tta-controls-icon vc_tta-controls-icon-plus\"><\/i><\/a><\/h4><\/div><div class=\"vc_tta-panel-body\">\n\t<div class=\"wpb_text_column wpb_content_element\" >\n\t\t<div class=\"wpb_wrapper\">\n\t\t\t<p>HOLIDAY FOR TWO ON BORACKO LAKE \/ 3 NIGHTS ON A HALF BOARD BASIS<\/p>\n\n\t\t<\/div>\n\t<\/div>\n\n\t<div class=\"wpb_text_column wpb_content_element\" >\n\t\t<div class=\"wpb_wrapper\">\n\t\t\t<p>Offer includes:<\/p>\n<ul>\n<li>Accommodation in double rooms<\/li>\n<li>3 nights (half board \/ breakfast and dinner)<\/li>\n<li>Use of the outdoor pool<\/li>\n<li>Sunbeds at the pool<\/li>\n<li>Basketball court<\/li>\n<li>Internet<\/li>\n<li>Parking<\/li>\n<\/ul>\n\n\t\t<\/div>\n\t<\/div>\n<div class=\"vc_separator wpb_content_element vc_separator_align_center vc_sep_width_50 vc_sep_pos_align_left vc_separator_no_text\" ><span class=\"vc_sep_holder vc_sep_holder_l\"><span  style=\"border-color:rgb(255,255,255);border-color:rgba(255,255,255,0.1);\" class=\"vc_sep_line\"><\/span><\/span><span class=\"vc_sep_holder vc_sep_holder_r\"><span  style=\"border-color:rgb(255,255,255);border-color:rgba(255,255,255,0.1);\" class=\"vc_sep_line\"><\/span><\/span>\n<\/div>\n\t<div class=\"wpb_text_column wpb_content_element\" >\n\t\t<div class=\"wpb_wrapper\">\n\t\t\t<p>Complete your stay with activities in nature that we offer:<\/p>\n<ul>\n<li>Kanjon Rakitnice<\/li>\n<li>Canoeing<\/li>\n<li>Ribolov<\/li>\n<li>Ferrata<\/li>\n<li>E-mtb bike<\/li>\n<li>ATV Quads<\/li>\n<li>Rafting on the Neretva<\/li>\n<\/ul>\n\n\t\t<\/div>\n\t<\/div>\n<div class=\"vc_separator wpb_content_element vc_separator_align_center vc_sep_width_100 vc_sep_pos_align_left vc_separator_no_text\" ><span class=\"vc_sep_holder vc_sep_holder_l\"><span  style=\"border-color:rgb(255,255,255);border-color:rgba(255,255,255,0.1);\" class=\"vc_sep_line\"><\/span><\/span><span class=\"vc_sep_holder vc_sep_holder_r\"><span  style=\"border-color:rgb(255,255,255);border-color:rgba(255,255,255,0.1);\" class=\"vc_sep_line\"><\/span><\/span>\n<\/div>\n\t<div class=\"wpb_text_column wpb_content_element\" >\n\t\t<div class=\"wpb_wrapper\">\n\t\t\t<p><strong>PRICE OF THE PACKAGE:<\/strong><\/p>\n\n\t\t<\/div>\n\t<\/div>\n<div class=\"vc_separator wpb_content_element vc_separator_align_center vc_sep_width_100 vc_sep_pos_align_left vc_separator_no_text\" ><span class=\"vc_sep_holder vc_sep_holder_l\"><span  style=\"border-color:rgb(255,255,255);border-color:rgba(255,255,255,0.1);\" class=\"vc_sep_line\"><\/span><\/span><span class=\"vc_sep_holder vc_sep_holder_r\"><span  style=\"border-color:rgb(255,255,255);border-color:rgba(255,255,255,0.1);\" class=\"vc_sep_line\"><\/span><\/span>\n<\/div><\/div><\/div><div class=\"vc_tta-panel\" id=\"1682771467498-550937c1-12ba\" data-vc-content=\".vc_tta-panel-body\"><div class=\"vc_tta-panel-heading\"><h4 class=\"vc_tta-panel-title vc_tta-controls-icon-position-right\"><a href=\"#1682771467498-550937c1-12ba\" data-vc-accordion data-vc-container=\".vc_tta-container\"><span class=\"vc_tta-title-text\">FAMILY PACKAGE 1. \"Vila Sunce\" Everything in one place<\/span><i class=\"vc_tta-controls-icon vc_tta-controls-icon-plus\"><\/i><\/a><\/h4><\/div><div class=\"vc_tta-panel-body\">\n\t<div class=\"wpb_text_column wpb_content_element\" >\n\t\t<div class=\"wpb_wrapper\">\n\t\t\t<p>2 NIGHTS ON A HALF BOARD BASIS<\/p>\n<p>Two adults<br \/>\nOne child up to 6 years FREE<br \/>\nSecond child aged 6-12 extra charge from (put the price for two nights)<br \/>\nChildren&#8217;s menu included<\/p>\n\n\t\t<\/div>\n\t<\/div>\n<div class=\"vc_separator wpb_content_element vc_separator_align_center vc_sep_width_50 vc_sep_pos_align_left vc_separator_no_text\" ><span class=\"vc_sep_holder vc_sep_holder_l\"><span  style=\"border-color:rgb(255,255,255);border-color:rgba(255,255,255,0.1);\" class=\"vc_sep_line\"><\/span><\/span><span class=\"vc_sep_holder vc_sep_holder_r\"><span  style=\"border-color:rgb(255,255,255);border-color:rgba(255,255,255,0.1);\" class=\"vc_sep_line\"><\/span><\/span>\n<\/div>\n\t<div class=\"wpb_text_column wpb_content_element\" >\n\t\t<div class=\"wpb_wrapper\">\n\t\t\t<p>Offer includes:<\/p>\n<ul>\n<li>Accommodation based on 2 half-boards (breakfast and dinner)<\/li>\n<li>Use of the outdoor pool<\/li>\n<li>Sunbeds at the pool<\/li>\n<li>Basketball court<\/li>\n<li>Children&#8217;s play area<\/li>\n<li>Internet<\/li>\n<li>Parking<\/li>\n<\/ul>\n\n\t\t<\/div>\n\t<\/div>\n<div class=\"vc_separator wpb_content_element vc_separator_align_center vc_sep_width_50 vc_sep_pos_align_left vc_separator_no_text\" ><span class=\"vc_sep_holder vc_sep_holder_l\"><span  style=\"border-color:rgb(255,255,255);border-color:rgba(255,255,255,0.1);\" class=\"vc_sep_line\"><\/span><\/span><span class=\"vc_sep_holder vc_sep_holder_r\"><span  style=\"border-color:rgb(255,255,255);border-color:rgba(255,255,255,0.1);\" class=\"vc_sep_line\"><\/span><\/span>\n<\/div>\n\t<div class=\"wpb_text_column wpb_content_element\" >\n\t\t<div class=\"wpb_wrapper\">\n\t\t\t<p>Complete your stay with activities in nature that we offer:<\/p>\n<ul>\n<li>Kanjon Rakitnice<\/li>\n<li>Canoeing<\/li>\n<li>Ribolov<\/li>\n<li>Ferrata<\/li>\n<li>E-mtb bike<\/li>\n<li>ATV Quads<\/li>\n<li>Rafting on the Neretva<\/li>\n<\/ul>\n\n\t\t<\/div>\n\t<\/div>\n<div class=\"vc_separator wpb_content_element vc_separator_align_center vc_sep_width_100 vc_sep_pos_align_left vc_separator_no_text\" ><span class=\"vc_sep_holder vc_sep_holder_l\"><span  style=\"border-color:rgb(255,255,255);border-color:rgba(255,255,255,0.1);\" class=\"vc_sep_line\"><\/span><\/span><span class=\"vc_sep_holder vc_sep_holder_r\"><span  style=\"border-color:rgb(255,255,255);border-color:rgba(255,255,255,0.1);\" class=\"vc_sep_line\"><\/span><\/span>\n<\/div>\n\t<div class=\"wpb_text_column wpb_content_element\" >\n\t\t<div class=\"wpb_wrapper\">\n\t\t\t<p><strong>PRICE OF THE PACKAGE:<\/strong><\/p>\n\n\t\t<\/div>\n\t<\/div>\n<div class=\"vc_separator wpb_content_element vc_separator_align_center vc_sep_width_100 vc_sep_pos_align_left vc_separator_no_text\" ><span class=\"vc_sep_holder vc_sep_holder_l\"><span  style=\"border-color:rgb(255,255,255);border-color:rgba(255,255,255,0.1);\" class=\"vc_sep_line\"><\/span><\/span><span class=\"vc_sep_holder vc_sep_holder_r\"><span  style=\"border-color:rgb(255,255,255);border-color:rgba(255,255,255,0.1);\" class=\"vc_sep_line\"><\/span><\/span>\n<\/div><\/div><\/div><div class=\"vc_tta-panel\" id=\"1682771529364-e245e43f-5c21\" data-vc-content=\".vc_tta-panel-body\"><div class=\"vc_tta-panel-heading\"><h4 class=\"vc_tta-panel-title vc_tta-controls-icon-position-right\"><a href=\"#1682771529364-e245e43f-5c21\" data-vc-accordion data-vc-container=\".vc_tta-container\"><span class=\"vc_tta-title-text\">FAMILY PACKAGE 2. \"Vila Sunce\" Everything in one place<\/span><i class=\"vc_tta-controls-icon vc_tta-controls-icon-plus\"><\/i><\/a><\/h4><\/div><div class=\"vc_tta-panel-body\">\n\t<div class=\"wpb_text_column wpb_content_element\" >\n\t\t<div class=\"wpb_wrapper\">\n\t\t\t<p>3 NIGHTS ON A HALF BOARD BASIS<\/p>\n<p>Two adults<br \/>\nOne child up to 6 years FREE<br \/>\nSecond child aged 6-12 extra charge from (put the price for two nights)<br \/>\nChildren&#8217;s menu included<\/p>\n\n\t\t<\/div>\n\t<\/div>\n<div class=\"vc_separator wpb_content_element vc_separator_align_center vc_sep_width_50 vc_sep_pos_align_left vc_separator_no_text\" ><span class=\"vc_sep_holder vc_sep_holder_l\"><span  style=\"border-color:rgb(255,255,255);border-color:rgba(255,255,255,0.1);\" class=\"vc_sep_line\"><\/span><\/span><span class=\"vc_sep_holder vc_sep_holder_r\"><span  style=\"border-color:rgb(255,255,255);border-color:rgba(255,255,255,0.1);\" class=\"vc_sep_line\"><\/span><\/span>\n<\/div>\n\t<div class=\"wpb_text_column wpb_content_element\" >\n\t\t<div class=\"wpb_wrapper\">\n\t\t\t<p>Offer includes:<\/p>\n<ul>\n<li>Accommodation based on 3 half-boards (breakfast and dinner)<\/li>\n<li>Use of the outdoor pool<\/li>\n<li>Sunbeds at the pool<\/li>\n<li>Basketball court<\/li>\n<li>Children&#8217;s play area<\/li>\n<li>Internet<\/li>\n<li>Parking<\/li>\n<\/ul>\n\n\t\t<\/div>\n\t<\/div>\n<div class=\"vc_separator wpb_content_element vc_separator_align_center vc_sep_width_50 vc_sep_pos_align_left vc_separator_no_text\" ><span class=\"vc_sep_holder vc_sep_holder_l\"><span  style=\"border-color:rgb(255,255,255);border-color:rgba(255,255,255,0.1);\" class=\"vc_sep_line\"><\/span><\/span><span class=\"vc_sep_holder vc_sep_holder_r\"><span  style=\"border-color:rgb(255,255,255);border-color:rgba(255,255,255,0.1);\" class=\"vc_sep_line\"><\/span><\/span>\n<\/div>\n\t<div class=\"wpb_text_column wpb_content_element\" >\n\t\t<div class=\"wpb_wrapper\">\n\t\t\t<p>Complete your stay with activities in nature that we offer:<\/p>\n<ul>\n<li>Kanjon Rakitnice<\/li>\n<li>Canoeing<\/li>\n<li>Ribolov<\/li>\n<li>Ferrata<\/li>\n<li>E-mtb bike<\/li>\n<li>ATV Quads<\/li>\n<li>Rafting on the Neretva<\/li>\n<\/ul>\n\n\t\t<\/div>\n\t<\/div>\n<div class=\"vc_separator wpb_content_element vc_separator_align_center vc_sep_width_100 vc_sep_pos_align_left vc_separator_no_text\" ><span class=\"vc_sep_holder vc_sep_holder_l\"><span  style=\"border-color:rgb(255,255,255);border-color:rgba(255,255,255,0.1);\" class=\"vc_sep_line\"><\/span><\/span><span class=\"vc_sep_holder vc_sep_holder_r\"><span  style=\"border-color:rgb(255,255,255);border-color:rgba(255,255,255,0.1);\" class=\"vc_sep_line\"><\/span><\/span>\n<\/div>\n\t<div class=\"wpb_text_column wpb_content_element\" >\n\t\t<div class=\"wpb_wrapper\">\n\t\t\t<p><strong>PRICE OF THE PACKAGE:<\/strong><\/p>\n\n\t\t<\/div>\n\t<\/div>\n<div class=\"vc_separator wpb_content_element vc_separator_align_center vc_sep_width_100 vc_sep_pos_align_left vc_separator_no_text\" ><span class=\"vc_sep_holder vc_sep_holder_l\"><span  style=\"border-color:rgb(255,255,255);border-color:rgba(255,255,255,0.1);\" class=\"vc_sep_line\"><\/span><\/span><span class=\"vc_sep_holder vc_sep_holder_r\"><span  style=\"border-color:rgb(255,255,255);border-color:rgba(255,255,255,0.1);\" class=\"vc_sep_line\"><\/span><\/span>\n<\/div><\/div><\/div><\/div><\/div><\/div><\/div><\/div><\/div><\/div><\/div><div class=\"vc_row wpb_row vc_row-fluid\"><div class=\"wpb_column vc_column_container vc_col-sm-12\"><div class=\"vc_column-inner vc_custom_1680032701554\"><div class=\"wpb_wrapper\">\n\t<div class=\"\">\n\t<div class=\"gg-media-carousel use_pagination use_navigation\">\n\t\t<div class=\"swiper-container\" data-uid=\"swiper-1965108137\"  data-slidesperview =\"2\" data-slidespercolumn =\"1\" data-spacebetween =\"0\" data-initialslide =\"0\" data-direction =\"horizontal\" data-speed =\"300\" data-loop =\"true\" data-centeredslides =\"false\" data-effect =\"slide\" data-autoplay =\"\" data-paginationtype =\"bullets\"  >\n\t\t\t<div class=\"swiper-wrapper\"><div class=\"swiper-slide\"><img decoding=\"async\" width=\"1920\" height=\"1440\" src=\"https:\/\/vilasunce.ba\/wp-content\/uploads\/2023\/04\/newpic4.jpg\" class=\"attachment-full\" alt=\"\" title=\"newpic4\" srcset=\"https:\/\/vilasunce.ba\/wp-content\/uploads\/2023\/04\/newpic4.jpg 1920w, https:\/\/vilasunce.ba\/wp-content\/uploads\/2023\/04\/newpic4-300x225.jpg 300w, https:\/\/vilasunce.ba\/wp-content\/uploads\/2023\/04\/newpic4-1024x768.jpg 1024w, https:\/\/vilasunce.ba\/wp-content\/uploads\/2023\/04\/newpic4-768x576.jpg 768w, https:\/\/vilasunce.ba\/wp-content\/uploads\/2023\/04\/newpic4-1536x1152.jpg 1536w, https:\/\/vilasunce.ba\/wp-content\/uploads\/2023\/04\/newpic4-16x12.jpg 16w\" sizes=\"(max-width: 1920px) 100vw, 1920px\" \/><\/div><div class=\"swiper-slide\"><img decoding=\"async\" width=\"1920\" height=\"1280\" src=\"https:\/\/vilasunce.ba\/wp-content\/uploads\/2023\/04\/newpic5.jpg\" class=\"attachment-full\" alt=\"\" title=\"newpic5\" srcset=\"https:\/\/vilasunce.ba\/wp-content\/uploads\/2023\/04\/newpic5.jpg 1920w, https:\/\/vilasunce.ba\/wp-content\/uploads\/2023\/04\/newpic5-300x200.jpg 300w, https:\/\/vilasunce.ba\/wp-content\/uploads\/2023\/04\/newpic5-1024x683.jpg 1024w, https:\/\/vilasunce.ba\/wp-content\/uploads\/2023\/04\/newpic5-768x512.jpg 768w, https:\/\/vilasunce.ba\/wp-content\/uploads\/2023\/04\/newpic5-1536x1024.jpg 1536w, https:\/\/vilasunce.ba\/wp-content\/uploads\/2023\/04\/newpic5-18x12.jpg 18w\" sizes=\"(max-width: 1920px) 100vw, 1920px\" \/><\/div><div class=\"swiper-slide\"><img decoding=\"async\" width=\"1920\" height=\"1280\" src=\"https:\/\/vilasunce.ba\/wp-content\/uploads\/2023\/04\/newpic6.jpg\" class=\"attachment-full\" alt=\"\" title=\"newpic6\" srcset=\"https:\/\/vilasunce.ba\/wp-content\/uploads\/2023\/04\/newpic6.jpg 1920w, https:\/\/vilasunce.ba\/wp-content\/uploads\/2023\/04\/newpic6-300x200.jpg 300w, https:\/\/vilasunce.ba\/wp-content\/uploads\/2023\/04\/newpic6-1024x683.jpg 1024w, https:\/\/vilasunce.ba\/wp-content\/uploads\/2023\/04\/newpic6-768x512.jpg 768w, https:\/\/vilasunce.ba\/wp-content\/uploads\/2023\/04\/newpic6-1536x1024.jpg 1536w, https:\/\/vilasunce.ba\/wp-content\/uploads\/2023\/04\/newpic6-18x12.jpg 18w\" sizes=\"(max-width: 1920px) 100vw, 1920px\" \/><\/div><div class=\"swiper-slide\"><img decoding=\"async\" width=\"1920\" height=\"1279\" src=\"https:\/\/vilasunce.ba\/wp-content\/uploads\/2023\/04\/newpic2.jpg\" class=\"attachment-full\" alt=\"\" title=\"newpic2\" srcset=\"https:\/\/vilasunce.ba\/wp-content\/uploads\/2023\/04\/newpic2.jpg 1920w, https:\/\/vilasunce.ba\/wp-content\/uploads\/2023\/04\/newpic2-300x200.jpg 300w, https:\/\/vilasunce.ba\/wp-content\/uploads\/2023\/04\/newpic2-1024x682.jpg 1024w, https:\/\/vilasunce.ba\/wp-content\/uploads\/2023\/04\/newpic2-768x512.jpg 768w, https:\/\/vilasunce.ba\/wp-content\/uploads\/2023\/04\/newpic2-1536x1023.jpg 1536w, https:\/\/vilasunce.ba\/wp-content\/uploads\/2023\/04\/newpic2-18x12.jpg 18w\" sizes=\"(max-width: 1920px) 100vw, 1920px\" \/><\/div><div class=\"swiper-slide\"><img decoding=\"async\" width=\"1920\" height=\"1280\" src=\"https:\/\/vilasunce.ba\/wp-content\/uploads\/2023\/04\/newpic1.jpg\" class=\"attachment-full\" alt=\"\" title=\"newpic1\" srcset=\"https:\/\/vilasunce.ba\/wp-content\/uploads\/2023\/04\/newpic1.jpg 1920w, https:\/\/vilasunce.ba\/wp-content\/uploads\/2023\/04\/newpic1-300x200.jpg 300w, https:\/\/vilasunce.ba\/wp-content\/uploads\/2023\/04\/newpic1-1024x683.jpg 1024w, https:\/\/vilasunce.ba\/wp-content\/uploads\/2023\/04\/newpic1-768x512.jpg 768w, https:\/\/vilasunce.ba\/wp-content\/uploads\/2023\/04\/newpic1-1536x1024.jpg 1536w, https:\/\/vilasunce.ba\/wp-content\/uploads\/2023\/04\/newpic1-18x12.jpg 18w\" sizes=\"(max-width: 1920px) 100vw, 1920px\" \/><\/div><div class=\"swiper-slide\"><img decoding=\"async\" width=\"1920\" height=\"1279\" src=\"https:\/\/vilasunce.ba\/wp-content\/uploads\/2023\/04\/newpic11.jpg\" class=\"attachment-full\" alt=\"\" title=\"newpic11\" srcset=\"https:\/\/vilasunce.ba\/wp-content\/uploads\/2023\/04\/newpic11.jpg 1920w, https:\/\/vilasunce.ba\/wp-content\/uploads\/2023\/04\/newpic11-300x200.jpg 300w, https:\/\/vilasunce.ba\/wp-content\/uploads\/2023\/04\/newpic11-1024x682.jpg 1024w, https:\/\/vilasunce.ba\/wp-content\/uploads\/2023\/04\/newpic11-768x512.jpg 768w, https:\/\/vilasunce.ba\/wp-content\/uploads\/2023\/04\/newpic11-1536x1023.jpg 1536w, https:\/\/vilasunce.ba\/wp-content\/uploads\/2023\/04\/newpic11-18x12.jpg 18w\" sizes=\"(max-width: 1920px) 100vw, 1920px\" \/><\/div>\n\t\t\t<\/div>\n\t\t<\/div>\n\t\t<div id=\"pagination-swiper-1965108137\" class=\"swiper-pagination\"><\/div>\n\t\t<div class=\"media-button-container swiper-nav-container\">\n\t\t<div id=\"btn-next-swiper-1965108137\" class=\"swiper-nav-next\"><svg id=\"swiper-arrow-right\" viewbox=\"0 0 50 12\" width=\"100%\" height=\"100%\"><path fill-rule=\"evenodd\" d=\"M48.078 6.096H.008v.966h48.07l-4.254 4.255.683.683 5.541-5.538L44.507.924l-.683.683z\"><\/path><\/svg><\/div>\n\t\t<div id=\"btn-prev-swiper-1965108137\" class=\"swiper-nav-prev\"><svg id=\"swiper-arrow-left\" viewbox=\"0 0 50 12\" width=\"100%\" height=\"100%\"><path fill-rule=\"evenodd\" d=\"M1.922 5.904h48.07v-.966H1.922L6.176.683 5.493 0-.048 5.538l5.541 5.538.683-.683z\"><\/path><\/svg><\/div>\n\t\t<\/div>\n\t<\/div>\n\t<\/div><\/div><\/div><\/div><\/div>","protected":false},"excerpt":{"rendered":"vila sunceOur story Villa Sunce is located on Lake Bora\u010dka, only 300 meters from the first beach. It is located 20 meters above the river \u0160i\u0161tica and offers an unforgettable view of the endemic rocks of the Prenj massif. It is especially suitable for collective vacations and group trips, and we also offer you the<p class=\"more-link-wrapper\"><a class=\"btn btn-primary\" href=\"https:\/\/vilasunce.ba\/bs\/nasa-prica\/\">Read More<\/a><\/p>","protected":false},"author":1,"featured_media":4702,"parent":0,"menu_order":0,"comment_status":"closed","ping_status":"closed","template":"","meta":{"footnotes":""},"class_list":["post-2075","page","type-page","status-publish","has-post-thumbnail","hentry","has_thumb"],"acf":[],"_links":{"self":[{"href":"https:\/\/vilasunce.ba\/bs\/wp-json\/wp\/v2\/pages\/2075","targetHints":{"allow":["GET"]}}],"collection":[{"href":"https:\/\/vilasunce.ba\/bs\/wp-json\/wp\/v2\/pages"}],"about":[{"href":"https:\/\/vilasunce.ba\/bs\/wp-json\/wp\/v2\/types\/page"}],"author":[{"embeddable":true,"href":"https:\/\/vilasunce.ba\/bs\/wp-json\/wp\/v2\/users\/1"}],"replies":[{"embeddable":true,"href":"https:\/\/vilasunce.ba\/bs\/wp-json\/wp\/v2\/comments?post=2075"}],"version-history":[{"count":0,"href":"https:\/\/vilasunce.ba\/bs\/wp-json\/wp\/v2\/pages\/2075\/revisions"}],"wp:featuredmedia":[{"embeddable":true,"href":"https:\/\/vilasunce.ba\/bs\/wp-json\/wp\/v2\/media\/4702"}],"wp:attachment":[{"href":"https:\/\/vilasunce.ba\/bs\/wp-json\/wp\/v2\/media?parent=2075"}],"curies":[{"name":"wp","href":"https:\/\/api.w.org\/{rel}","templated":true}]}}