{"id":4011,"date":"2023-03-28T07:47:01","date_gmt":"2023-03-28T07:47:01","guid":{"rendered":"https:\/\/vilasunce.ba\/?page_id=4011"},"modified":"2024-07-18T17:49:38","modified_gmt":"2024-07-18T17:49:38","slug":"rooms","status":"publish","type":"page","link":"https:\/\/vilasunce.ba\/bs\/rooms\/","title":{"rendered":"Sobe"},"content":{"rendered":"<div class=\"vc_row wpb_row vc_row-fluid vc_custom_1579617851547\"><div class=\"wpb_column vc_column_container vc_col-sm-12\"><div class=\"vc_column-inner\"><div class=\"wpb_wrapper\">\n\t<blockquote  class=\"gg-vc-quote  remove_blockquotes font_size_large text-align-center vc_custom_1679852532599\">\n\tBilo da \u0107e va\u0161 odmor biti aktivan ili pasivan, iskoristite ga u netaknutoj prirodi Bora\u010dkog jezera.\n\t<\/blockquote><\/div><\/div><\/div><\/div><div class=\"vc_row wpb_row vc_row-fluid vc_hidden-xs vc_custom_1679994324129\"><div class=\"wpb_column vc_column_container vc_col-sm-12\"><div class=\"vc_column-inner\"><div class=\"wpb_wrapper\"><div class=\"vc_row wpb_row vc_inner vc_row-fluid room vc_custom_1680111662168 vc_column-gap-30 vc_row-o-equal-height vc_row-flex\"><div class=\"room1 wpb_column vc_column_container vc_col-sm-7 vc_col-has-fill\"><div class=\"vc_column-inner vc_custom_1682774159235\"><div class=\"wpb_wrapper\">\n\t<div class=\"featured-product-presentation  vc_custom_1721324354481\">\n\t<div class=\"featured-back-image\"><\/div>\n\t<div class=\"featured-product\"><h4><span class=\"toptitle\">KM200.00\/no\u0107<\/span> Family room<\/h4>\n\t\t<div class=\"product-description\"><p><i class=\"fa-regular fa-user\"><\/i> 4 odrasle osobe <i class=\"fa-solid fa-children\"><\/i> 2 djece <i class=\"fa-solid fa-expand\"><\/i> 20m2<\/p>\n<\/div><div class=\"gg-horizontal-list\"><dl class=\"dl-flex\"><\/dl><\/div><div class=\"gg-special-button-wrapper  special-button-align-left special-button-style-btn-primary\"><a class=\"btn btn-primary\" href=\"https:\/\/vilasunce.ba\/bs\/rooms\/family-room\/\" title=\"Rezervi\u0161ite sobu\" target=\"_self\">Rezervi\u0161ite sobu<\/a><\/div>\n\t<\/div>\n\t<\/div><\/div><\/div><\/div><div class=\"room2 wpb_column vc_column_container vc_col-sm-5 vc_col-has-fill\"><div class=\"vc_column-inner vc_custom_1679864416383\"><div class=\"wpb_wrapper\">\n\t<div class=\"featured-product-presentation  vc_custom_1682774178002\">\n\t<div class=\"featured-back-image\" style=\"background:url(https:\/\/vilasunce.ba\/wp-content\/uploads\/2023\/04\/newpic11.jpg) center no-repeat; background-size: cover\"><div class=\"featured-product-image\"><\/div><\/div>\n\t<div class=\"featured-product\"><h4><span class=\"toptitle\">KM200.00\/no\u0107<\/span> Dvokrevetna soba<\/h4>\n\t\t<div class=\"product-description\"><p><i class=\"fa-regular fa-user\"><\/i> 4 odrasle osobe <i class=\"fa-solid fa-children\"><\/i> 2 djece <i class=\"fa-solid fa-expand\"><\/i> 20m2<\/p>\n<\/div><div class=\"gg-horizontal-list\"><dl class=\"dl-flex\"><\/dl><\/div><div class=\"gg-special-button-wrapper  special-button-align-left special-button-style-btn-primary\"><a class=\"btn btn-primary\" href=\"https:\/\/vilasunce.ba\/bs\/rooms\/twin-room\/\" title=\"Rezervi\u0161ite sobu\" target=\"_self\">Rezervi\u0161ite sobu<\/a><\/div>\n\t<\/div>\n\t<\/div><div class=\"vc_empty_space\"   style=\"height: 30px\"><span class=\"vc_empty_space_inner\"><\/span><\/div>\n\t<div class=\"featured-product-presentation  vc_custom_1682774198765\">\n\t<div class=\"featured-back-image\" style=\"background:url(https:\/\/vilasunce.ba\/wp-content\/uploads\/2023\/04\/newpic2.jpg) center no-repeat; background-size: cover\"><div class=\"featured-product-image\"><\/div><\/div>\n\t<div class=\"featured-product\"><h4><span class=\"toptitle\">KM200.00\/no\u0107<\/span> Trokrevetna soba<\/h4>\n\t\t<div class=\"product-description\"><p><i class=\"fa-regular fa-user\"><\/i> 4 odrasle osobe <i class=\"fa-solid fa-children\"><\/i> 2 djece <i class=\"fa-solid fa-expand\"><\/i> 20m2<\/p>\n<\/div><div class=\"gg-horizontal-list\"><dl class=\"dl-flex\"><\/dl><\/div><div class=\"gg-special-button-wrapper  special-button-align-left special-button-style-btn-primary\"><a class=\"btn btn-primary\" href=\"https:\/\/vilasunce.ba\/bs\/rooms\/triple-room\/\" title=\"Rezervi\u0161ite sobu\" target=\"_self\">Rezervi\u0161ite sobu<\/a><\/div>\n\t<\/div>\n\t<\/div><\/div><\/div><\/div><\/div><\/div><\/div><\/div><\/div><div class=\"vc_row wpb_row vc_row-fluid vc_hidden-lg vc_hidden-md vc_hidden-sm vc_custom_1679994307313\"><div class=\"wpb_column vc_column_container vc_col-sm-12\"><div class=\"vc_column-inner\"><div class=\"wpb_wrapper\"><div class=\"vc_row wpb_row vc_inner vc_row-fluid vc_custom_1679864267555 vc_column-gap-30 vc_row-o-equal-height vc_row-flex\"><div class=\"room1 wpb_column vc_column_container vc_col-sm-12 vc_col-has-fill\"><div class=\"vc_column-inner vc_custom_1721324558538\"><div class=\"wpb_wrapper\">\n\t<div class=\"featured-product-presentation  vc_custom_1721324362547\">\n\t<div class=\"featured-back-image\"><\/div>\n\t<div class=\"featured-product\"><h4><span class=\"toptitle\">KM200.00\/no\u0107<\/span> Family room<\/h4>\n\t\t<div class=\"product-description\"><p><i class=\"fa-regular fa-user\"><\/i> 4 odrasle osobe <i class=\"fa-solid fa-children\"><\/i> 2 djece <i class=\"fa-solid fa-expand\"><\/i> 20m2<\/p>\n<\/div><div class=\"gg-horizontal-list\"><dl class=\"dl-flex\"><\/dl><\/div><div class=\"gg-special-button-wrapper  special-button-align-left special-button-style-btn-primary\"><a class=\"btn btn-primary\" href=\"https:\/\/vilasunce.ba\/bs\/family-room\/\" title=\"Rezervi\u0161ite sobu\" target=\"_self\">Rezervi\u0161ite sobu<\/a><\/div>\n\t<\/div>\n\t<\/div><\/div><\/div><\/div><\/div><div class=\"vc_row wpb_row vc_inner vc_row-fluid vc_custom_1679864267555 vc_column-gap-30 vc_row-o-equal-height vc_row-flex\"><div class=\"room1 wpb_column vc_column_container vc_col-sm-12 vc_col-has-fill\"><div class=\"vc_column-inner vc_custom_1721324771000\"><div class=\"wpb_wrapper\">\n\t<div class=\"featured-product-presentation  vc_custom_1721324336188\">\n\t<div class=\"featured-back-image\" style=\"background:url(https:\/\/vilasunce.ba\/wp-content\/uploads\/2023\/03\/modern-room.jpg) center no-repeat; background-size: cover\"><div class=\"featured-product-image\"><\/div><\/div>\n\t<div class=\"featured-product\"><h4><span class=\"toptitle\">KM200.00\/no\u0107<\/span> Dvokrevetna soba<\/h4>\n\t\t<div class=\"product-description\"><p><i class=\"fa-regular fa-user\"><\/i> 4 odrasle osobe <i class=\"fa-solid fa-children\"><\/i> 2 djece <i class=\"fa-solid fa-expand\"><\/i> 20m2<\/p>\n<\/div><div class=\"gg-horizontal-list\"><dl class=\"dl-flex\"><\/dl><\/div><div class=\"gg-special-button-wrapper  special-button-align-left special-button-style-btn-primary\"><a class=\"btn btn-primary\" href=\"https:\/\/vilasunce.ba\/bs\/trokrevetna-soba\/\" title=\"Rezervi\u0161ite sobu\" target=\"_self\">Rezervi\u0161ite sobu<\/a><\/div>\n\t<\/div>\n\t<\/div><\/div><\/div><\/div><\/div><div class=\"vc_row wpb_row vc_inner vc_row-fluid vc_custom_1679864267555 vc_column-gap-30 vc_row-o-equal-height vc_row-flex\"><div class=\"room1 wpb_column vc_column_container vc_col-sm-12 vc_col-has-fill\"><div class=\"vc_column-inner vc_custom_1721324810649\"><div class=\"wpb_wrapper\">\n\t<div class=\"featured-product-presentation  vc_custom_1721324383796\">\n\t<div class=\"featured-back-image\" style=\"background:url(https:\/\/vilasunce.ba\/wp-content\/uploads\/2023\/03\/luxe-room.jpg) center no-repeat; background-size: cover\"><div class=\"featured-product-image\"><\/div><\/div>\n\t<div class=\"featured-product\"><h4><span class=\"toptitle\">KM200.00\/no\u0107<\/span> Trokrevetna soba<\/h4>\n\t\t<div class=\"product-description\"><p><i class=\"fa-regular fa-user\"><\/i> 4 odrasle osobe <i class=\"fa-solid fa-children\"><\/i> 2 djece <i class=\"fa-solid fa-expand\"><\/i> 20m2<\/p>\n<\/div><div class=\"gg-horizontal-list\"><dl class=\"dl-flex\"><\/dl><\/div><div class=\"gg-special-button-wrapper  special-button-align-left special-button-style-btn-primary\"><a class=\"btn btn-primary\" href=\"https:\/\/vilasunce.ba\/bs\/dvokrevetna-soba\/\" title=\"Rezervi\u0161ite sobu\" target=\"_self\">Rezervi\u0161ite sobu<\/a><\/div>\n\t<\/div>\n\t<\/div><\/div><\/div><\/div><\/div><\/div><\/div><\/div><\/div>","protected":false},"excerpt":{"rendered":"Whether your vacation will be active or passive, make the most of it in the pristine nature of Boracko Lake. KM200.00\/night Family room 4 Adults 2 Children 20m2 Book a room KM200.00\/night Twin room 4 Adults 2 Children 20m2 Book a room KM200.00\/night Triple room 4 Adults 2 Children 20m2 Book a room KM200.00\/night Family<p class=\"more-link-wrapper\"><a class=\"btn btn-primary\" href=\"https:\/\/vilasunce.ba\/bs\/rooms\/\">Read More<\/a><\/p>","protected":false},"author":1,"featured_media":4071,"parent":0,"menu_order":0,"comment_status":"closed","ping_status":"closed","template":"","meta":{"footnotes":""},"class_list":["post-4011","page","type-page","status-publish","has-post-thumbnail","hentry","has_thumb"],"acf":[],"_links":{"self":[{"href":"https:\/\/vilasunce.ba\/bs\/wp-json\/wp\/v2\/pages\/4011","targetHints":{"allow":["GET"]}}],"collection":[{"href":"https:\/\/vilasunce.ba\/bs\/wp-json\/wp\/v2\/pages"}],"about":[{"href":"https:\/\/vilasunce.ba\/bs\/wp-json\/wp\/v2\/types\/page"}],"author":[{"embeddable":true,"href":"https:\/\/vilasunce.ba\/bs\/wp-json\/wp\/v2\/users\/1"}],"replies":[{"embeddable":true,"href":"https:\/\/vilasunce.ba\/bs\/wp-json\/wp\/v2\/comments?post=4011"}],"version-history":[{"count":0,"href":"https:\/\/vilasunce.ba\/bs\/wp-json\/wp\/v2\/pages\/4011\/revisions"}],"wp:featuredmedia":[{"embeddable":true,"href":"https:\/\/vilasunce.ba\/bs\/wp-json\/wp\/v2\/media\/4071"}],"wp:attachment":[{"href":"https:\/\/vilasunce.ba\/bs\/wp-json\/wp\/v2\/media?parent=4011"}],"curies":[{"name":"wp","href":"https:\/\/api.w.org\/{rel}","templated":true}]}}