{"id":4219,"date":"2023-03-30T06:17:44","date_gmt":"2023-03-30T06:17:44","guid":{"rendered":"https:\/\/vilasunce.ba\/?page_id=4219"},"modified":"2023-05-19T08:50:59","modified_gmt":"2023-05-19T08:50:59","slug":"mountain-prenj","status":"publish","type":"page","link":"https:\/\/vilasunce.ba\/bs\/extra-activities\/mountain-prenj\/","title":{"rendered":"Planina Prenj"},"content":{"rendered":"<div class=\"vc_row wpb_row vc_row-fluid vc_custom_1578572453643\"><div class=\"wpb_column vc_column_container vc_col-sm-12\"><div class=\"vc_column-inner\"><div class=\"wpb_wrapper\">\n\t<blockquote  class=\"gg-vc-quote  remove_blockquotes font_size_large text-align-center\">\n\tVe\u0107ina planinara slo\u017eit \u0107e se da je Prenj najljep\u0161a i najluksuznija planina u Bosni i Hercegovini\n\t<\/blockquote><\/div><\/div><\/div><\/div><div class=\"vc_row wpb_row vc_row-fluid vc_custom_1578650731637 vc_row-o-equal-height vc_row-o-content-middle vc_row-flex\"><div class=\"reveal-effect masker wow reveal-effect masker wow wpb_column vc_column_container vc_col-sm-6 vc_col-has-fill\"><div class=\"vc_column-inner vc_custom_1680165616084\"><div class=\"wpb_wrapper\"><div class=\"vc_empty_space\"   style=\"height: 400px\"><span class=\"vc_empty_space_inner\"><\/span><\/div><\/div><\/div><\/div><div class=\"wpb_column vc_column_container vc_col-sm-6 vc_col-has-fill\"><div class=\"vc_column-inner vc_custom_1578584679469\"><div class=\"wpb_wrapper\">\n\t<div class=\"title-subtitle-box  vc_custom_1681035695405\" style=\" text-align: left;\">\n\t\t<h1 style=\" font-weight: normal;\" class=\"special-title\" >\n\t\t<span class=\"toptitle\" style=\"\">vila sunce<\/span>Planina Prenj<\/h1>\n\t\t<div class=\"box-description\"><p>Bora\u010dko jezero se nalazi ispod masiva Prenja, planine koja je okrenula Neretvu prema jugu, planine koja s juga zaustavlja mediteransku klimu \u2013 planine koja ima veliki uticaj na \u017eivot u ovom dijelu Hercegovine. I ba\u0161 do te planine, ako imate \u017eelju, na\u0161i vodi\u010di \u0107e vas odvesti. Ovo nije neka adrenalinska tura, ali svakako jedna od onih koja \u0107e vas u potpunosti stopiti s prirodom. Ovo je tura za svakog od nas, tura puna svje\u017eeg zraka, netaknute prirode, nevjerovatnih boja. Tura koja \u0107e vas ostaviti bez daha.<\/p>\n<\/div>\n\t<\/div> <\/div><\/div><\/div><\/div><div class=\"vc_row wpb_row vc_row-fluid vc_custom_1680165369322 vc_row-o-equal-height vc_row-o-content-middle vc_row-flex\"><div class=\"wpb_column vc_column_container vc_col-sm-6 vc_col-has-fill\"><div class=\"vc_column-inner vc_custom_1578585677998\"><div class=\"wpb_wrapper\"><div class=\"vc_row wpb_row vc_inner vc_row-fluid vc_custom_1680165541006 vc_row-has-fill\"><div class=\"wpb_column vc_column_container vc_col-sm-12\"><div class=\"vc_column-inner\"><div class=\"wpb_wrapper\">\n\t<div class=\"title-subtitle-box\" style=\" text-align: left;\">\n\t\t<h1 style=\" font-weight: normal;\" class=\"special-title\" >\n\t\t<span class=\"toptitle\" style=\"\">vila sunce<\/span>Jednodnevna tura<\/h1>\n\t\t<span class=\"subtitle\" style=\"\">Plan aktivnosti<\/span>\n\t\t<span class=\"gg-horizontal-line\"><\/span>\n\t<\/div> \n\t<div class=\"wpb_text_column wpb_content_element  vc_custom_1681035756419\" >\n\t\t<div class=\"wpb_wrapper\">\n\t\t\t<p>Nakon doru\u010dka, terenskim vozilima bi se prebacili do samog podno\u017eja najvi\u0161ih vrhova Prenja \u2013 Tisovice. Nakon 2-3 sata vo\u017enje, bili bismo spremni za \u0161etnju od Tisovice do Vrutka (uzvi\u0161enje na Tisovici) \u2013 lagana \u0161etnja od sat i po pa u\u017eina na Vrutku sa fenomenalnim pogledom na vrhove koje \u0107emo osvojiti nakon vrha. Nakon zalogaja na Vrutku kre\u0107emo na na\u0161 najzanimljiviji vrh Prenja \u2013 Zelena Glava 2155m. Uz malo vi\u0161e truda, za 3 sata smo na samom vrhu. Mjesto sa kojeg se vidi Konjic, Mostar s druge strane, pa \u010dak i dio Sarajeva sa tre\u0107e strane, a ako je jako lijepo, mo\u017eda i obale Jadranskog mora. Sam povratak je ne\u0161to br\u017ei, odnosno nakon 4 sata hoda \u2013 spu\u0161tanje niz obronke Prenja, nakon toga jo\u0161 2 sata vo\u017enje terencima, vra\u0107amo se u apartmane, ispod Zelene Glave, ni\u017ee za nekih 1700 m.<\/p>\n<p>Obilazak Zelene Glave samo je jedna od na\u0161ih ponuda, u dogovoru sa Vama izabra\u0107emo najbolje rje\u0161enje za svakog od Vas.<\/p>\n\n\t\t<\/div>\n\t<\/div>\n\n\t<div class=\"gg-special-button-wrapper  special-button-align-left special-button-style-btn-primary\"><a class=\"btn btn-primary\" href=\"#\" title=\"Rezervi\u0161ite\" target=\"_self\">Rezervi\u0161ite<\/a><\/div><\/div><\/div><\/div><\/div><\/div><\/div><\/div><div class=\"reveal-effect masker wow reveal-effect masker wow wpb_column vc_column_container vc_col-sm-6 vc_col-has-fill\"><div class=\"vc_column-inner vc_custom_1684486248227\"><div class=\"wpb_wrapper\"><div class=\"vc_empty_space\"   style=\"height: 400px\"><span class=\"vc_empty_space_inner\"><\/span><\/div><\/div><\/div><\/div><\/div><div class=\"vc_row wpb_row vc_row-fluid\"><div class=\"wpb_column vc_column_container vc_col-sm-3\"><div class=\"vc_column-inner\"><div class=\"wpb_wrapper\"><\/div><\/div><\/div><div class=\"wpb_column vc_column_container vc_col-sm-6\"><div class=\"vc_column-inner\"><div class=\"wpb_wrapper\">\n\t<div class=\"title-subtitle-box  vc_custom_1681033308962\" style=\" text-align: center;\">\n\t\t<h1 style=\" font-weight: normal;\" class=\"special-title\" >\n\t\t<span class=\"toptitle\" style=\"\">DO\u017dIVITE<\/span>Neponovljivu prirodu<\/h1>\n\t\t<div class=\"box-description\"><p>Ako je va\u0161a grupa ve\u0107a od osam, molimo vas da nas nazovete kako bismo bili sigurni da vas mo\u017eemo adekvatno smjestiti: +387 62 111 344<\/p>\n<\/div>\n\t<\/div> <\/div><\/div><\/div><div class=\"wpb_column vc_column_container vc_col-sm-3\"><div class=\"vc_column-inner\"><div class=\"wpb_wrapper\"><\/div><\/div><\/div><\/div><div class=\"vc_row wpb_row vc_row-fluid vc_custom_1680116601810\"><div class=\"wpb_column vc_column_container vc_col-sm-12\"><div class=\"vc_column-inner vc_custom_1680032701554\"><div class=\"wpb_wrapper\">\n\t<div class=\"\">\n\t<div class=\"gg-media-carousel\">\n\t\t<div class=\"swiper-container\" data-uid=\"swiper-245897702\"  data-slidesperview =\"2\" data-slidespercolumn =\"1\" data-spacebetween =\"0\" data-initialslide =\"0\" data-direction =\"horizontal\" data-speed =\"300\" data-loop =\"true\" data-centeredslides =\"false\" data-effect =\"slide\" data-autoplay =\"\" data-paginationtype =\"bullets\"  >\n\t\t\t<div class=\"swiper-wrapper\"><div class=\"swiper-slide\"><img decoding=\"async\" width=\"1600\" height=\"1067\" src=\"https:\/\/vilasunce.ba\/wp-content\/uploads\/2023\/03\/1Image_Bike_POS_2020_801.jpg\" class=\"attachment-full\" alt=\"\" title=\"1Image_Bike_POS_2020_801\" srcset=\"https:\/\/vilasunce.ba\/wp-content\/uploads\/2023\/03\/1Image_Bike_POS_2020_801.jpg 1600w, https:\/\/vilasunce.ba\/wp-content\/uploads\/2023\/03\/1Image_Bike_POS_2020_801-300x200.jpg 300w, https:\/\/vilasunce.ba\/wp-content\/uploads\/2023\/03\/1Image_Bike_POS_2020_801-1024x683.jpg 1024w, https:\/\/vilasunce.ba\/wp-content\/uploads\/2023\/03\/1Image_Bike_POS_2020_801-768x512.jpg 768w, https:\/\/vilasunce.ba\/wp-content\/uploads\/2023\/03\/1Image_Bike_POS_2020_801-1536x1024.jpg 1536w\" sizes=\"(max-width: 1600px) 100vw, 1600px\" \/><\/div><div class=\"swiper-slide\"><img decoding=\"async\" width=\"1024\" height=\"683\" src=\"https:\/\/vilasunce.ba\/wp-content\/uploads\/2023\/03\/Bjelasnica-Visocica-Boracko-jezero-Konjic-54-1.jpg\" class=\"attachment-full\" alt=\"\" title=\"Bjelasnica-Visocica-Boracko-jezero-Konjic-54-1\" srcset=\"https:\/\/vilasunce.ba\/wp-content\/uploads\/2023\/03\/Bjelasnica-Visocica-Boracko-jezero-Konjic-54-1.jpg 1024w, https:\/\/vilasunce.ba\/wp-content\/uploads\/2023\/03\/Bjelasnica-Visocica-Boracko-jezero-Konjic-54-1-300x200.jpg 300w, https:\/\/vilasunce.ba\/wp-content\/uploads\/2023\/03\/Bjelasnica-Visocica-Boracko-jezero-Konjic-54-1-768x512.jpg 768w\" sizes=\"(max-width: 1024px) 100vw, 1024px\" \/><\/div><div class=\"swiper-slide\"><img decoding=\"async\" width=\"1920\" height=\"1080\" src=\"https:\/\/vilasunce.ba\/wp-content\/uploads\/2023\/03\/11230520-lake-in-bosnia-and-herzegovina.jpg\" class=\"attachment-full\" alt=\"\" title=\"11230520-lake-in-bosnia-and-herzegovina\" srcset=\"https:\/\/vilasunce.ba\/wp-content\/uploads\/2023\/03\/11230520-lake-in-bosnia-and-herzegovina.jpg 1920w, https:\/\/vilasunce.ba\/wp-content\/uploads\/2023\/03\/11230520-lake-in-bosnia-and-herzegovina-300x169.jpg 300w, https:\/\/vilasunce.ba\/wp-content\/uploads\/2023\/03\/11230520-lake-in-bosnia-and-herzegovina-1024x576.jpg 1024w, https:\/\/vilasunce.ba\/wp-content\/uploads\/2023\/03\/11230520-lake-in-bosnia-and-herzegovina-768x432.jpg 768w, https:\/\/vilasunce.ba\/wp-content\/uploads\/2023\/03\/11230520-lake-in-bosnia-and-herzegovina-1536x864.jpg 1536w\" sizes=\"(max-width: 1920px) 100vw, 1920px\" \/><\/div><div class=\"swiper-slide\"><img decoding=\"async\" width=\"1920\" height=\"1293\" src=\"https:\/\/vilasunce.ba\/wp-content\/uploads\/2023\/03\/prenj-planina-1.jpg\" class=\"attachment-full\" alt=\"\" title=\"prenj-planina-1\" srcset=\"https:\/\/vilasunce.ba\/wp-content\/uploads\/2023\/03\/prenj-planina-1.jpg 1920w, https:\/\/vilasunce.ba\/wp-content\/uploads\/2023\/03\/prenj-planina-1-300x202.jpg 300w, https:\/\/vilasunce.ba\/wp-content\/uploads\/2023\/03\/prenj-planina-1-1024x689.jpg 1024w, https:\/\/vilasunce.ba\/wp-content\/uploads\/2023\/03\/prenj-planina-1-768x517.jpg 768w, https:\/\/vilasunce.ba\/wp-content\/uploads\/2023\/03\/prenj-planina-1-1536x1034.jpg 1536w\" sizes=\"(max-width: 1920px) 100vw, 1920px\" \/><\/div><div class=\"swiper-slide\"><img decoding=\"async\" width=\"1920\" height=\"1088\" src=\"https:\/\/vilasunce.ba\/wp-content\/uploads\/2023\/03\/11909433_873191696044839_8113557969364327545_o.jpg\" class=\"attachment-full\" alt=\"\" title=\"11909433_873191696044839_8113557969364327545_o\" srcset=\"https:\/\/vilasunce.ba\/wp-content\/uploads\/2023\/03\/11909433_873191696044839_8113557969364327545_o.jpg 1920w, https:\/\/vilasunce.ba\/wp-content\/uploads\/2023\/03\/11909433_873191696044839_8113557969364327545_o-300x170.jpg 300w, https:\/\/vilasunce.ba\/wp-content\/uploads\/2023\/03\/11909433_873191696044839_8113557969364327545_o-1024x581.jpg 1024w, https:\/\/vilasunce.ba\/wp-content\/uploads\/2023\/03\/11909433_873191696044839_8113557969364327545_o-768x435.jpg 768w, https:\/\/vilasunce.ba\/wp-content\/uploads\/2023\/03\/11909433_873191696044839_8113557969364327545_o-1536x871.jpg 1536w\" sizes=\"(max-width: 1920px) 100vw, 1920px\" \/><\/div>\n\t\t\t<\/div>\n\t\t<\/div>\n\t<\/div>\n\t<\/div><\/div><\/div><\/div><\/div><div class=\"vc_row wpb_row vc_row-fluid vc_custom_1578651080451 vc_row-has-fill vc_row-o-equal-height vc_row-o-content-middle vc_row-flex\"><div class=\"wpb_column vc_column_container vc_col-sm-8\"><div class=\"vc_column-inner\"><div class=\"wpb_wrapper\">\n\t<div class=\"title-subtitle-box\" style=\" text-align: right;\">\n\t\t<h3 style=\" font-weight: normal;\" class=\"special-title\" >Slobodno nas kontaktirajte ako imate jo\u0161 pitanja<\/h3>\n\t<\/div> <\/div><\/div><\/div><div class=\"wpb_column vc_column_container vc_col-sm-4\"><div class=\"vc_column-inner\"><div class=\"wpb_wrapper\">\n\t<div class=\"gg-special-button-wrapper  special-button-align-right special-button-style-btn-primary\"><a class=\"btn btn-primary\" href=\"https:\/\/vilasunce.ba\/bs\/contact\/\" title=\"Kontaktiraj nas\" target=\"_self\">Kontaktiraj nas<\/a><\/div><\/div><\/div><\/div><\/div>","protected":false},"excerpt":{"rendered":"Most mountaineers will agree that Prenj is the most beautiful and luxurious mountain in Bosnia and Herzegovina vila sunceMountain Prenj Bora\u010dko Jezero is located under the Prenja massif, the mountain that turned the Neretva towards the south, the mountain that stops the Mediterranean climate from the south - the mountain that has a lot of<p class=\"more-link-wrapper\"><a class=\"btn btn-primary\" href=\"https:\/\/vilasunce.ba\/bs\/extra-activities\/mountain-prenj\/\">Read More<\/a><\/p>","protected":false},"author":1,"featured_media":4703,"parent":4470,"menu_order":0,"comment_status":"closed","ping_status":"closed","template":"","meta":{"footnotes":""},"class_list":["post-4219","page","type-page","status-publish","has-post-thumbnail","hentry","has_thumb"],"acf":[],"_links":{"self":[{"href":"https:\/\/vilasunce.ba\/bs\/wp-json\/wp\/v2\/pages\/4219","targetHints":{"allow":["GET"]}}],"collection":[{"href":"https:\/\/vilasunce.ba\/bs\/wp-json\/wp\/v2\/pages"}],"about":[{"href":"https:\/\/vilasunce.ba\/bs\/wp-json\/wp\/v2\/types\/page"}],"author":[{"embeddable":true,"href":"https:\/\/vilasunce.ba\/bs\/wp-json\/wp\/v2\/users\/1"}],"replies":[{"embeddable":true,"href":"https:\/\/vilasunce.ba\/bs\/wp-json\/wp\/v2\/comments?post=4219"}],"version-history":[{"count":0,"href":"https:\/\/vilasunce.ba\/bs\/wp-json\/wp\/v2\/pages\/4219\/revisions"}],"up":[{"embeddable":true,"href":"https:\/\/vilasunce.ba\/bs\/wp-json\/wp\/v2\/pages\/4470"}],"wp:featuredmedia":[{"embeddable":true,"href":"https:\/\/vilasunce.ba\/bs\/wp-json\/wp\/v2\/media\/4703"}],"wp:attachment":[{"href":"https:\/\/vilasunce.ba\/bs\/wp-json\/wp\/v2\/media?parent=4219"}],"curies":[{"name":"wp","href":"https:\/\/api.w.org\/{rel}","templated":true}]}}