{"id":4220,"date":"2023-03-30T06:17:13","date_gmt":"2023-03-30T06:17:13","guid":{"rendered":"https:\/\/vilasunce.ba\/?page_id=4220"},"modified":"2023-05-20T11:23:29","modified_gmt":"2023-05-20T11:23:29","slug":"rafting-on-the-neretva-river","status":"publish","type":"page","link":"https:\/\/vilasunce.ba\/bs\/extra-activities\/rafting-on-the-neretva-river\/","title":{"rendered":"Rafting na Neretvi"},"content":{"rendered":"<div class=\"vc_row wpb_row vc_row-fluid vc_custom_1578572453643\"><div class=\"wpb_column vc_column_container vc_col-sm-12\"><div class=\"vc_column-inner\"><div class=\"wpb_wrapper\">\n\t<blockquote  class=\"gg-vc-quote  remove_blockquotes font_size_large text-align-center\">\n\tProvedite cijeli dan u nezaboravnom iskustvu raftinga na rijeci Neretvi\n\t<\/blockquote><\/div><\/div><\/div><\/div><div class=\"vc_row wpb_row vc_row-fluid vc_custom_1578650731637 vc_row-o-equal-height vc_row-o-content-middle vc_row-flex\"><div class=\"reveal-effect masker wow reveal-effect masker wow wpb_column vc_column_container vc_col-sm-6 vc_col-has-fill\"><div class=\"vc_column-inner vc_custom_1682371008344\"><div class=\"wpb_wrapper\"><div class=\"vc_empty_space\"   style=\"height: 400px\"><span class=\"vc_empty_space_inner\"><\/span><\/div><\/div><\/div><\/div><div class=\"wpb_column vc_column_container vc_col-sm-6 vc_col-has-fill\"><div class=\"vc_column-inner vc_custom_1578584679469\"><div class=\"wpb_wrapper\">\n\t<div class=\"title-subtitle-box  vc_custom_1681029218323\" style=\" text-align: left;\">\n\t\t<h1 style=\" font-weight: normal;\" class=\"special-title\" >\n\t\t<span class=\"toptitle\" style=\"\">vila sunce<\/span>Rafting na Neretvi<\/h1>\n\t\t<div class=\"box-description\"><p>Rafting je naziv za spu\u0161tanje niz divlje rijeke u gumenim camcima koji se zovu raft-ovi. Du\u017eina raftova koje koristimo je 4.20 m, napravljeni su od posebnog materijala a sastoje se iz 7 zasebnih komora sto omogu\u0107uje udoban i siguran rafting. Maximalan broj osoba na raftu je 8. Pored gostiju na svakom raftu je i skiper \u2013 vodi\u010d. Svi na\u0161i skiperi posjeduju IRF licence i imaju vi\u0161egodisnje iskustvo na divljim vodama, odli\u010dni su pliva\u010di i poznavaoci rijeke Neretve. Sa sigurno\u0161\u0107u \u0107e Vas provesti kroz kanjon Neretve i sve njene slapove i ukazati Vam na sve zanimljivosti koje je priroda ovdje izda\u0161no pripremila. Pored skipera za Va\u0161u bezbjednost pobrinu\u0107e se i na\u0161a profesionalna sigurnosna oprema, tako da svaki u\u010desnik dobija kacigu, sigurnosni prsluk, neopren \u010dizmice, neoprenn odijelo i veslo a u sluc\u010daju hladnijeg vremena i specijalne kabanice.<\/p>\n<p>Rafting tura traje 4 sata i u tom vremenu pro\u0107i \u0107ete stazu dugu 23km, na samom cilju \u0107e Vas \u010dekati ve\u0107 pripremljen rucak, a poslije toga nakon 30 min voznje kombijem ste ponovo u svom smje\u0161tajnom objektu \u201cVila Sunce\u201d.<\/p>\n<\/div>\n\t<\/div> <\/div><\/div><\/div><\/div><div class=\"vc_row wpb_row vc_row-fluid vc_custom_1680164380007 vc_row-o-equal-height vc_row-o-content-middle vc_row-flex\"><div class=\"wpb_column vc_column_container vc_col-sm-6 vc_col-has-fill\"><div class=\"vc_column-inner vc_custom_1578585677998\"><div class=\"wpb_wrapper\"><div class=\"vc_row wpb_row vc_inner vc_row-fluid vc_custom_1680164453040 vc_row-has-fill\"><div class=\"wpb_column vc_column_container vc_col-sm-12\"><div class=\"vc_column-inner\"><div class=\"wpb_wrapper\">\n\t<div class=\"title-subtitle-box\" style=\" text-align: left;\">\n\t\t<h1 style=\" font-weight: normal;\" class=\"special-title\" >\n\t\t<span class=\"toptitle\" style=\"\">vila sunce<\/span>Plan jednodnevnog izleta:<\/h1>\n\t\t<span class=\"subtitle\" style=\"\">Svaki dan 10:00 \u2013 17:00<\/span>\n\t\t<span class=\"gg-horizontal-line\"><\/span>\n\t<\/div> \n\t<div class=\"gg_list list_style_circle  vc_custom_1681029862449\">\n<ul>\n<li>10:00 \u2013 Spremanje gostiju za rafting u sklopu kompleksa \u201cVila Sunce\u201d<\/li>\n<li>11:00 \u2013 dolazak u Glavati\u010devo (polazna ta\u010dka rafting avanture)<\/li>\n<li>12:00 \u2013 rafting plovidba rijekom Neretvom<\/li>\n<li>14:00 \u2013 pauza na u\u0161\u0107u rijeke Rakitnice (ru\u010dak \u2013 razne vrste jela sa ro\u0161tilja)<\/li>\n<li>16:00 \u2013 zavr\u0161etak raftinga i razdu\u017eivanje opreme<\/li>\n<li>17:00 \u2013 ru\u010dak u restoranu uz rijeku Neretvu (ukoliko nije organizovan ro\u0161tilj po zelji gostiju u sklopu raftinga)<\/li>\n<\/ul>\n<\/div>\n\t<div class=\"wpb_text_column wpb_content_element  vc_custom_1681029298003\" >\n\t\t<div class=\"wpb_wrapper\">\n\t\t\t<p>Rezervacije su potrebne za grupe od osam ili vi\u0161e osoba (raspitajte se za detalje o cijeni).<\/p>\n\n\t\t<\/div>\n\t<\/div>\n\n\t<div class=\"gg-special-button-wrapper  special-button-align-left special-button-style-btn-primary\"><a class=\"btn btn-primary\" href=\"#\" title=\"Rezervi\u0161ite\" target=\"_self\">Rezervi\u0161ite<\/a><\/div><\/div><\/div><\/div><\/div><\/div><\/div><\/div><div class=\"reveal-effect masker wow reveal-effect masker wow wpb_column vc_column_container vc_col-sm-6 vc_col-has-fill\"><div class=\"vc_column-inner vc_custom_1684485687986\"><div class=\"wpb_wrapper\"><div class=\"vc_empty_space\"   style=\"height: 400px\"><span class=\"vc_empty_space_inner\"><\/span><\/div><\/div><\/div><\/div><\/div><div class=\"vc_row wpb_row vc_row-fluid\"><div class=\"wpb_column vc_column_container vc_col-sm-3\"><div class=\"vc_column-inner\"><div class=\"wpb_wrapper\"><\/div><\/div><\/div><div class=\"wpb_column vc_column_container vc_col-sm-6\"><div class=\"vc_column-inner\"><div class=\"wpb_wrapper\">\n\t<div class=\"title-subtitle-box  vc_custom_1681029448187\" style=\" text-align: center;\">\n\t\t<h1 style=\" font-weight: normal;\" class=\"special-title\" >\n\t\t<span class=\"toptitle\" style=\"\">DO\u017dIVITE<\/span>Neponovljivu prirodu<\/h1>\n\t\t<div class=\"box-description\"><p>Ako je va\u0161a grupa ve\u0107a od osam, molimo vas da nas nazovete kako bismo bili sigurni da vas mo\u017eemo adekvatno smjestiti: +387 62 111 344<\/p>\n<\/div>\n\t<\/div> <\/div><\/div><\/div><div class=\"wpb_column vc_column_container vc_col-sm-3\"><div class=\"vc_column-inner\"><div class=\"wpb_wrapper\"><\/div><\/div><\/div><\/div><div class=\"vc_row wpb_row vc_row-fluid vc_custom_1680116601810\"><div class=\"wpb_column vc_column_container vc_col-sm-12\"><div class=\"vc_column-inner vc_custom_1680032701554\"><div class=\"wpb_wrapper\">\n\t<div class=\"\">\n\t<div class=\"gg-media-carousel\">\n\t\t<div class=\"swiper-container\" data-uid=\"swiper-142152780\"  data-slidesperview =\"2\" data-slidespercolumn =\"1\" data-spacebetween =\"0\" data-initialslide =\"0\" data-direction =\"horizontal\" data-speed =\"300\" data-loop =\"true\" data-centeredslides =\"false\" data-effect =\"slide\" data-autoplay =\"\" data-paginationtype =\"bullets\"  >\n\t\t\t<div class=\"swiper-wrapper\"><div class=\"swiper-slide\"><img decoding=\"async\" width=\"1600\" height=\"1067\" src=\"https:\/\/vilasunce.ba\/wp-content\/uploads\/2023\/03\/1Image_Bike_POS_2020_801.jpg\" class=\"attachment-full\" alt=\"\" title=\"1Image_Bike_POS_2020_801\" srcset=\"https:\/\/vilasunce.ba\/wp-content\/uploads\/2023\/03\/1Image_Bike_POS_2020_801.jpg 1600w, https:\/\/vilasunce.ba\/wp-content\/uploads\/2023\/03\/1Image_Bike_POS_2020_801-300x200.jpg 300w, https:\/\/vilasunce.ba\/wp-content\/uploads\/2023\/03\/1Image_Bike_POS_2020_801-1024x683.jpg 1024w, https:\/\/vilasunce.ba\/wp-content\/uploads\/2023\/03\/1Image_Bike_POS_2020_801-768x512.jpg 768w, https:\/\/vilasunce.ba\/wp-content\/uploads\/2023\/03\/1Image_Bike_POS_2020_801-1536x1024.jpg 1536w\" sizes=\"(max-width: 1600px) 100vw, 1600px\" \/><\/div><div class=\"swiper-slide\"><img decoding=\"async\" width=\"1024\" height=\"683\" src=\"https:\/\/vilasunce.ba\/wp-content\/uploads\/2023\/03\/Bjelasnica-Visocica-Boracko-jezero-Konjic-54-1.jpg\" class=\"attachment-full\" alt=\"\" title=\"Bjelasnica-Visocica-Boracko-jezero-Konjic-54-1\" srcset=\"https:\/\/vilasunce.ba\/wp-content\/uploads\/2023\/03\/Bjelasnica-Visocica-Boracko-jezero-Konjic-54-1.jpg 1024w, https:\/\/vilasunce.ba\/wp-content\/uploads\/2023\/03\/Bjelasnica-Visocica-Boracko-jezero-Konjic-54-1-300x200.jpg 300w, https:\/\/vilasunce.ba\/wp-content\/uploads\/2023\/03\/Bjelasnica-Visocica-Boracko-jezero-Konjic-54-1-768x512.jpg 768w\" sizes=\"(max-width: 1024px) 100vw, 1024px\" \/><\/div><div class=\"swiper-slide\"><img decoding=\"async\" width=\"1920\" height=\"1080\" src=\"https:\/\/vilasunce.ba\/wp-content\/uploads\/2023\/03\/11230520-lake-in-bosnia-and-herzegovina.jpg\" class=\"attachment-full\" alt=\"\" title=\"11230520-lake-in-bosnia-and-herzegovina\" srcset=\"https:\/\/vilasunce.ba\/wp-content\/uploads\/2023\/03\/11230520-lake-in-bosnia-and-herzegovina.jpg 1920w, https:\/\/vilasunce.ba\/wp-content\/uploads\/2023\/03\/11230520-lake-in-bosnia-and-herzegovina-300x169.jpg 300w, https:\/\/vilasunce.ba\/wp-content\/uploads\/2023\/03\/11230520-lake-in-bosnia-and-herzegovina-1024x576.jpg 1024w, https:\/\/vilasunce.ba\/wp-content\/uploads\/2023\/03\/11230520-lake-in-bosnia-and-herzegovina-768x432.jpg 768w, https:\/\/vilasunce.ba\/wp-content\/uploads\/2023\/03\/11230520-lake-in-bosnia-and-herzegovina-1536x864.jpg 1536w\" sizes=\"(max-width: 1920px) 100vw, 1920px\" \/><\/div><div class=\"swiper-slide\"><img decoding=\"async\" width=\"1920\" height=\"1293\" src=\"https:\/\/vilasunce.ba\/wp-content\/uploads\/2023\/03\/prenj-planina-1.jpg\" class=\"attachment-full\" alt=\"\" title=\"prenj-planina-1\" srcset=\"https:\/\/vilasunce.ba\/wp-content\/uploads\/2023\/03\/prenj-planina-1.jpg 1920w, https:\/\/vilasunce.ba\/wp-content\/uploads\/2023\/03\/prenj-planina-1-300x202.jpg 300w, https:\/\/vilasunce.ba\/wp-content\/uploads\/2023\/03\/prenj-planina-1-1024x689.jpg 1024w, https:\/\/vilasunce.ba\/wp-content\/uploads\/2023\/03\/prenj-planina-1-768x517.jpg 768w, https:\/\/vilasunce.ba\/wp-content\/uploads\/2023\/03\/prenj-planina-1-1536x1034.jpg 1536w\" sizes=\"(max-width: 1920px) 100vw, 1920px\" \/><\/div><div class=\"swiper-slide\"><img decoding=\"async\" width=\"1920\" height=\"1088\" src=\"https:\/\/vilasunce.ba\/wp-content\/uploads\/2023\/03\/11909433_873191696044839_8113557969364327545_o.jpg\" class=\"attachment-full\" alt=\"\" title=\"11909433_873191696044839_8113557969364327545_o\" srcset=\"https:\/\/vilasunce.ba\/wp-content\/uploads\/2023\/03\/11909433_873191696044839_8113557969364327545_o.jpg 1920w, https:\/\/vilasunce.ba\/wp-content\/uploads\/2023\/03\/11909433_873191696044839_8113557969364327545_o-300x170.jpg 300w, https:\/\/vilasunce.ba\/wp-content\/uploads\/2023\/03\/11909433_873191696044839_8113557969364327545_o-1024x581.jpg 1024w, https:\/\/vilasunce.ba\/wp-content\/uploads\/2023\/03\/11909433_873191696044839_8113557969364327545_o-768x435.jpg 768w, https:\/\/vilasunce.ba\/wp-content\/uploads\/2023\/03\/11909433_873191696044839_8113557969364327545_o-1536x871.jpg 1536w\" sizes=\"(max-width: 1920px) 100vw, 1920px\" \/><\/div>\n\t\t\t<\/div>\n\t\t<\/div>\n\t<\/div>\n\t<\/div><\/div><\/div><\/div><\/div><div class=\"vc_row wpb_row vc_row-fluid vc_custom_1578651080451 vc_row-has-fill vc_row-o-equal-height vc_row-o-content-middle vc_row-flex\"><div class=\"wpb_column vc_column_container vc_col-sm-8\"><div class=\"vc_column-inner\"><div class=\"wpb_wrapper\">\n\t<div class=\"title-subtitle-box\" style=\" text-align: right;\">\n\t\t<h3 style=\" font-weight: normal;\" class=\"special-title\" >Slobodno nas kontaktirajte ako imate jo\u0161 pitanja<\/h3>\n\t<\/div> <\/div><\/div><\/div><div class=\"wpb_column vc_column_container vc_col-sm-4\"><div class=\"vc_column-inner\"><div class=\"wpb_wrapper\">\n\t<div class=\"gg-special-button-wrapper  special-button-align-right special-button-style-btn-primary\"><a class=\"btn btn-primary\" href=\"https:\/\/vilasunce.ba\/bs\/contact\/\" title=\"Kontaktiraj nas\" target=\"_self\">Kontaktiraj nas<\/a><\/div><\/div><\/div><\/div><\/div>","protected":false},"excerpt":{"rendered":"Spend the whole day in an unforgettable rafting experience on the Neretva River vila sunceRafting on the Neretva River Rafting is the name for going down wild rivers in rubber boats called rafts. The length of the rafts we use is 4.20 m, they are made of special material and consist of 7 separate chambers,<p class=\"more-link-wrapper\"><a class=\"btn btn-primary\" href=\"https:\/\/vilasunce.ba\/bs\/extra-activities\/rafting-on-the-neretva-river\/\">Read More<\/a><\/p>","protected":false},"author":1,"featured_media":4685,"parent":4470,"menu_order":0,"comment_status":"closed","ping_status":"closed","template":"","meta":{"footnotes":""},"class_list":["post-4220","page","type-page","status-publish","has-post-thumbnail","hentry","has_thumb"],"acf":[],"_links":{"self":[{"href":"https:\/\/vilasunce.ba\/bs\/wp-json\/wp\/v2\/pages\/4220","targetHints":{"allow":["GET"]}}],"collection":[{"href":"https:\/\/vilasunce.ba\/bs\/wp-json\/wp\/v2\/pages"}],"about":[{"href":"https:\/\/vilasunce.ba\/bs\/wp-json\/wp\/v2\/types\/page"}],"author":[{"embeddable":true,"href":"https:\/\/vilasunce.ba\/bs\/wp-json\/wp\/v2\/users\/1"}],"replies":[{"embeddable":true,"href":"https:\/\/vilasunce.ba\/bs\/wp-json\/wp\/v2\/comments?post=4220"}],"version-history":[{"count":0,"href":"https:\/\/vilasunce.ba\/bs\/wp-json\/wp\/v2\/pages\/4220\/revisions"}],"up":[{"embeddable":true,"href":"https:\/\/vilasunce.ba\/bs\/wp-json\/wp\/v2\/pages\/4470"}],"wp:featuredmedia":[{"embeddable":true,"href":"https:\/\/vilasunce.ba\/bs\/wp-json\/wp\/v2\/media\/4685"}],"wp:attachment":[{"href":"https:\/\/vilasunce.ba\/bs\/wp-json\/wp\/v2\/media?parent=4220"}],"curies":[{"name":"wp","href":"https:\/\/api.w.org\/{rel}","templated":true}]}}