{"id":4222,"date":"2023-03-30T06:18:16","date_gmt":"2023-03-30T06:18:16","guid":{"rendered":"https:\/\/vilasunce.ba\/?page_id=4222"},"modified":"2023-05-19T08:52:14","modified_gmt":"2023-05-19T08:52:14","slug":"canyoning","status":"publish","type":"page","link":"https:\/\/vilasunce.ba\/bs\/extra-activities\/canyoning\/","title":{"rendered":"Kanjoning"},"content":{"rendered":"<div class=\"vc_row wpb_row vc_row-fluid vc_custom_1578572453643\"><div class=\"wpb_column vc_column_container vc_col-sm-12\"><div class=\"vc_column-inner\"><div class=\"wpb_wrapper\">\n\t<blockquote  class=\"gg-vc-quote  remove_blockquotes font_size_large text-align-center\">\n\tKanjon Rakitnice je zbog svoje nepristupa\u010dnosti pravo \u010dudo netaknute i neistra\u017eene prirode\n\t<\/blockquote><\/div><\/div><\/div><\/div><div class=\"vc_row wpb_row vc_row-fluid vc_custom_1578650731637 vc_row-o-equal-height vc_row-o-content-middle vc_row-flex\"><div class=\"reveal-effect masker wow reveal-effect masker wow wpb_column vc_column_container vc_col-sm-6 vc_col-has-fill\"><div class=\"vc_column-inner vc_custom_1682374279176\"><div class=\"wpb_wrapper\"><div class=\"vc_empty_space\"   style=\"height: 400px\"><span class=\"vc_empty_space_inner\"><\/span><\/div><\/div><\/div><\/div><div class=\"wpb_column vc_column_container vc_col-sm-6 vc_col-has-fill\"><div class=\"vc_column-inner vc_custom_1578584679469\"><div class=\"wpb_wrapper\">\n\t<div class=\"title-subtitle-box  vc_custom_1682373939271\" style=\" text-align: left;\">\n\t\t<h1 style=\" font-weight: normal;\" class=\"special-title\" >\n\t\t<span class=\"toptitle\" style=\"\">vila sunce<\/span>Kanjon Rakitnice<\/h1>\n\t\t<div class=\"box-description\"><p>This time we are taking you to the most beautiful and one of the deepest canyons in Europe. Of course, we are talking about the Rakitnica canyon, which this \u201criver\u201d has been carving for thousands of years. We have prepared the below offer for you, which of course we can change in agreement with you (depending on whether you want to go down the Neretva river on rafts afterwards or simply return by van, whether you want to sleep in the Rakitnica canyon or do a one-day tour.<\/p>\n<\/div>\n\t<\/div> <\/div><\/div><\/div><\/div><div class=\"vc_row wpb_row vc_row-fluid vc_custom_1680167290386 vc_row-o-equal-height vc_row-o-content-middle vc_row-flex\"><div class=\"wpb_column vc_column_container vc_col-sm-6 vc_col-has-fill\"><div class=\"vc_column-inner vc_custom_1578585677998\"><div class=\"wpb_wrapper\"><div class=\"vc_row wpb_row vc_inner vc_row-fluid vc_custom_1680167306027 vc_row-has-fill\"><div class=\"wpb_column vc_column_container vc_col-sm-12\"><div class=\"vc_column-inner\"><div class=\"wpb_wrapper\">\n\t<div class=\"title-subtitle-box\" style=\" text-align: left;\">\n\t\t<h1 style=\" font-weight: normal;\" class=\"special-title\" >\n\t\t<span class=\"toptitle\" style=\"\">vila sunce<\/span>Jednodnevna tura<\/h1>\n\t\t<span class=\"subtitle\" style=\"\">Plan aktivnosti<\/span>\n\t\t<span class=\"gg-horizontal-line\"><\/span>\n\t\t<div class=\"box-description\"><p>The one-day tour would start with an early breakfast, after which we would transfer by jeep (an hour\u2019s drive) to the village of Dubo\u010dani, where we would prepare our equipment and descend to the Rakitnica canyon. This part of about 15 km to the mouth of the Neretva would be crossed by overcoming the obstacles (swimming, descending down the rope\u2026) that this river makes with its canyon, in some places as narrow as 2m, and about 1000m high. As you can see in the picture, they would cross the entire canyon with hydrospeed boards in 7mm neoprene suits and complete protective equipment so that the relatively cold water would not cause any problems. In addition to this one-day canyoning tour, we also offer two-day arrangements that also require sleeping in the canyon in addition to everything that has already been done.<\/p>\n<\/div>\n\t<\/div> \n\t<div class=\"gg-special-button-wrapper  vc_custom_1682374115336 special-button-align-left special-button-style-btn-primary\"><a class=\"btn btn-primary\" href=\"#\" title=\"Rezervi\u0161ite\" target=\"_self\">Rezervi\u0161ite<\/a><\/div><\/div><\/div><\/div><\/div><\/div><\/div><\/div><div class=\"reveal-effect masker wow reveal-effect masker wow wpb_column vc_column_container vc_col-sm-6 vc_col-has-fill\"><div class=\"vc_column-inner vc_custom_1682374403910\"><div class=\"wpb_wrapper\"><div class=\"vc_empty_space\"   style=\"height: 400px\"><span class=\"vc_empty_space_inner\"><\/span><\/div><\/div><\/div><\/div><\/div><div class=\"vc_row wpb_row vc_row-fluid\"><div class=\"wpb_column vc_column_container vc_col-sm-3\"><div class=\"vc_column-inner\"><div class=\"wpb_wrapper\"><\/div><\/div><\/div><div class=\"wpb_column vc_column_container vc_col-sm-6\"><div class=\"vc_column-inner\"><div class=\"wpb_wrapper\">\n\t<div class=\"title-subtitle-box  vc_custom_1681031809722\" style=\" text-align: center;\">\n\t\t<h1 style=\" font-weight: normal;\" class=\"special-title\" >\n\t\t<span class=\"toptitle\" style=\"\">DO\u017dIVITE<\/span>Neponovljivu prirodu<\/h1>\n\t\t<div class=\"box-description\"><p>Ako je va\u0161a grupa ve\u0107a od osam, molimo vas da nas nazovete kako bismo bili sigurni da vas mo\u017eemo adekvatno smjestiti: +387 62 111 344<\/p>\n<\/div>\n\t<\/div> <\/div><\/div><\/div><div class=\"wpb_column vc_column_container vc_col-sm-3\"><div class=\"vc_column-inner\"><div class=\"wpb_wrapper\"><\/div><\/div><\/div><\/div><div class=\"vc_row wpb_row vc_row-fluid vc_custom_1680116601810\"><div class=\"wpb_column vc_column_container vc_col-sm-12\"><div class=\"vc_column-inner vc_custom_1680032701554\"><div class=\"wpb_wrapper\">\n\t<div class=\"\">\n\t<div class=\"gg-media-carousel\">\n\t\t<div class=\"swiper-container\" data-uid=\"swiper-745630101\"  data-slidesperview =\"2\" data-slidespercolumn =\"1\" data-spacebetween =\"0\" data-initialslide =\"0\" data-direction =\"horizontal\" data-speed =\"300\" data-loop =\"true\" data-centeredslides =\"false\" data-effect =\"slide\" data-autoplay =\"\" data-paginationtype =\"bullets\"  >\n\t\t\t<div class=\"swiper-wrapper\"><div class=\"swiper-slide\"><img decoding=\"async\" width=\"1920\" height=\"1280\" src=\"https:\/\/vilasunce.ba\/wp-content\/uploads\/2023\/04\/newpic1.jpg\" class=\"attachment-full\" alt=\"\" title=\"newpic1\" srcset=\"https:\/\/vilasunce.ba\/wp-content\/uploads\/2023\/04\/newpic1.jpg 1920w, https:\/\/vilasunce.ba\/wp-content\/uploads\/2023\/04\/newpic1-300x200.jpg 300w, https:\/\/vilasunce.ba\/wp-content\/uploads\/2023\/04\/newpic1-1024x683.jpg 1024w, https:\/\/vilasunce.ba\/wp-content\/uploads\/2023\/04\/newpic1-768x512.jpg 768w, https:\/\/vilasunce.ba\/wp-content\/uploads\/2023\/04\/newpic1-1536x1024.jpg 1536w, https:\/\/vilasunce.ba\/wp-content\/uploads\/2023\/04\/newpic1-18x12.jpg 18w\" sizes=\"(max-width: 1920px) 100vw, 1920px\" \/><\/div><div class=\"swiper-slide\"><img decoding=\"async\" width=\"1920\" height=\"1279\" src=\"https:\/\/vilasunce.ba\/wp-content\/uploads\/2023\/04\/newpic2.jpg\" class=\"attachment-full\" alt=\"\" title=\"newpic2\" srcset=\"https:\/\/vilasunce.ba\/wp-content\/uploads\/2023\/04\/newpic2.jpg 1920w, https:\/\/vilasunce.ba\/wp-content\/uploads\/2023\/04\/newpic2-300x200.jpg 300w, https:\/\/vilasunce.ba\/wp-content\/uploads\/2023\/04\/newpic2-1024x682.jpg 1024w, https:\/\/vilasunce.ba\/wp-content\/uploads\/2023\/04\/newpic2-768x512.jpg 768w, https:\/\/vilasunce.ba\/wp-content\/uploads\/2023\/04\/newpic2-1536x1023.jpg 1536w, https:\/\/vilasunce.ba\/wp-content\/uploads\/2023\/04\/newpic2-18x12.jpg 18w\" sizes=\"(max-width: 1920px) 100vw, 1920px\" \/><\/div><div class=\"swiper-slide\"><img decoding=\"async\" width=\"1920\" height=\"1280\" src=\"https:\/\/vilasunce.ba\/wp-content\/uploads\/2023\/04\/newpic5.jpg\" class=\"attachment-full\" alt=\"\" title=\"newpic5\" srcset=\"https:\/\/vilasunce.ba\/wp-content\/uploads\/2023\/04\/newpic5.jpg 1920w, https:\/\/vilasunce.ba\/wp-content\/uploads\/2023\/04\/newpic5-300x200.jpg 300w, https:\/\/vilasunce.ba\/wp-content\/uploads\/2023\/04\/newpic5-1024x683.jpg 1024w, https:\/\/vilasunce.ba\/wp-content\/uploads\/2023\/04\/newpic5-768x512.jpg 768w, https:\/\/vilasunce.ba\/wp-content\/uploads\/2023\/04\/newpic5-1536x1024.jpg 1536w, https:\/\/vilasunce.ba\/wp-content\/uploads\/2023\/04\/newpic5-18x12.jpg 18w\" sizes=\"(max-width: 1920px) 100vw, 1920px\" \/><\/div><div class=\"swiper-slide\"><img decoding=\"async\" width=\"1920\" height=\"1280\" src=\"https:\/\/vilasunce.ba\/wp-content\/uploads\/2023\/04\/newpic6.jpg\" class=\"attachment-full\" alt=\"\" title=\"newpic6\" srcset=\"https:\/\/vilasunce.ba\/wp-content\/uploads\/2023\/04\/newpic6.jpg 1920w, https:\/\/vilasunce.ba\/wp-content\/uploads\/2023\/04\/newpic6-300x200.jpg 300w, https:\/\/vilasunce.ba\/wp-content\/uploads\/2023\/04\/newpic6-1024x683.jpg 1024w, https:\/\/vilasunce.ba\/wp-content\/uploads\/2023\/04\/newpic6-768x512.jpg 768w, https:\/\/vilasunce.ba\/wp-content\/uploads\/2023\/04\/newpic6-1536x1024.jpg 1536w, https:\/\/vilasunce.ba\/wp-content\/uploads\/2023\/04\/newpic6-18x12.jpg 18w\" sizes=\"(max-width: 1920px) 100vw, 1920px\" \/><\/div><div class=\"swiper-slide\"><img decoding=\"async\" width=\"1920\" height=\"1280\" src=\"https:\/\/vilasunce.ba\/wp-content\/uploads\/2023\/04\/newpic14.jpg\" class=\"attachment-full\" alt=\"\" title=\"newpic14\" srcset=\"https:\/\/vilasunce.ba\/wp-content\/uploads\/2023\/04\/newpic14.jpg 1920w, https:\/\/vilasunce.ba\/wp-content\/uploads\/2023\/04\/newpic14-300x200.jpg 300w, https:\/\/vilasunce.ba\/wp-content\/uploads\/2023\/04\/newpic14-1024x683.jpg 1024w, https:\/\/vilasunce.ba\/wp-content\/uploads\/2023\/04\/newpic14-768x512.jpg 768w, https:\/\/vilasunce.ba\/wp-content\/uploads\/2023\/04\/newpic14-1536x1024.jpg 1536w, https:\/\/vilasunce.ba\/wp-content\/uploads\/2023\/04\/newpic14-18x12.jpg 18w\" sizes=\"(max-width: 1920px) 100vw, 1920px\" \/><\/div><div class=\"swiper-slide\"><img decoding=\"async\" width=\"1920\" height=\"1280\" src=\"https:\/\/vilasunce.ba\/wp-content\/uploads\/2023\/04\/newpic16.jpg\" class=\"attachment-full\" alt=\"\" title=\"newpic16\" srcset=\"https:\/\/vilasunce.ba\/wp-content\/uploads\/2023\/04\/newpic16.jpg 1920w, https:\/\/vilasunce.ba\/wp-content\/uploads\/2023\/04\/newpic16-300x200.jpg 300w, https:\/\/vilasunce.ba\/wp-content\/uploads\/2023\/04\/newpic16-1024x683.jpg 1024w, https:\/\/vilasunce.ba\/wp-content\/uploads\/2023\/04\/newpic16-768x512.jpg 768w, https:\/\/vilasunce.ba\/wp-content\/uploads\/2023\/04\/newpic16-1536x1024.jpg 1536w, https:\/\/vilasunce.ba\/wp-content\/uploads\/2023\/04\/newpic16-18x12.jpg 18w\" sizes=\"(max-width: 1920px) 100vw, 1920px\" \/><\/div><div class=\"swiper-slide\"><img decoding=\"async\" width=\"1920\" height=\"1282\" src=\"https:\/\/vilasunce.ba\/wp-content\/uploads\/2023\/04\/newpic25.jpg\" class=\"attachment-full\" alt=\"\" title=\"newpic25\" srcset=\"https:\/\/vilasunce.ba\/wp-content\/uploads\/2023\/04\/newpic25.jpg 1920w, https:\/\/vilasunce.ba\/wp-content\/uploads\/2023\/04\/newpic25-300x200.jpg 300w, https:\/\/vilasunce.ba\/wp-content\/uploads\/2023\/04\/newpic25-1024x684.jpg 1024w, https:\/\/vilasunce.ba\/wp-content\/uploads\/2023\/04\/newpic25-768x513.jpg 768w, https:\/\/vilasunce.ba\/wp-content\/uploads\/2023\/04\/newpic25-1536x1026.jpg 1536w, https:\/\/vilasunce.ba\/wp-content\/uploads\/2023\/04\/newpic25-18x12.jpg 18w\" sizes=\"(max-width: 1920px) 100vw, 1920px\" \/><\/div><div class=\"swiper-slide\"><img decoding=\"async\" width=\"1920\" height=\"1280\" src=\"https:\/\/vilasunce.ba\/wp-content\/uploads\/2023\/03\/1649595695-profimedia-0132822505-scaled-1.jpg\" class=\"attachment-full\" alt=\"\" title=\"1649595695-profimedia-0132822505-scaled (1)\" srcset=\"https:\/\/vilasunce.ba\/wp-content\/uploads\/2023\/03\/1649595695-profimedia-0132822505-scaled-1.jpg 1920w, https:\/\/vilasunce.ba\/wp-content\/uploads\/2023\/03\/1649595695-profimedia-0132822505-scaled-1-300x200.jpg 300w, https:\/\/vilasunce.ba\/wp-content\/uploads\/2023\/03\/1649595695-profimedia-0132822505-scaled-1-1024x683.jpg 1024w, https:\/\/vilasunce.ba\/wp-content\/uploads\/2023\/03\/1649595695-profimedia-0132822505-scaled-1-768x512.jpg 768w, https:\/\/vilasunce.ba\/wp-content\/uploads\/2023\/03\/1649595695-profimedia-0132822505-scaled-1-1536x1024.jpg 1536w, https:\/\/vilasunce.ba\/wp-content\/uploads\/2023\/03\/1649595695-profimedia-0132822505-scaled-1-2048x1366.jpg 2048w\" sizes=\"(max-width: 1920px) 100vw, 1920px\" \/><\/div><div class=\"swiper-slide\"><img decoding=\"async\" width=\"1280\" height=\"960\" src=\"https:\/\/vilasunce.ba\/wp-content\/uploads\/2023\/04\/newpic27.jpg\" class=\"attachment-full\" alt=\"\" title=\"newpic27\" srcset=\"https:\/\/vilasunce.ba\/wp-content\/uploads\/2023\/04\/newpic27.jpg 1280w, https:\/\/vilasunce.ba\/wp-content\/uploads\/2023\/04\/newpic27-300x225.jpg 300w, https:\/\/vilasunce.ba\/wp-content\/uploads\/2023\/04\/newpic27-1024x768.jpg 1024w, https:\/\/vilasunce.ba\/wp-content\/uploads\/2023\/04\/newpic27-768x576.jpg 768w, https:\/\/vilasunce.ba\/wp-content\/uploads\/2023\/04\/newpic27-16x12.jpg 16w\" sizes=\"(max-width: 1280px) 100vw, 1280px\" \/><\/div>\n\t\t\t<\/div>\n\t\t<\/div>\n\t<\/div>\n\t<\/div><\/div><\/div><\/div><\/div><div class=\"vc_row wpb_row vc_row-fluid vc_custom_1578651080451 vc_row-has-fill vc_row-o-equal-height vc_row-o-content-middle vc_row-flex\"><div class=\"wpb_column vc_column_container vc_col-sm-8\"><div class=\"vc_column-inner\"><div class=\"wpb_wrapper\">\n\t<div class=\"title-subtitle-box\" style=\" text-align: right;\">\n\t\t<h3 style=\" font-weight: normal;\" class=\"special-title\" >Slobodno nas kontaktirajte ako imate jo\u0161 pitanja<\/h3>\n\t<\/div> <\/div><\/div><\/div><div class=\"wpb_column vc_column_container vc_col-sm-4\"><div class=\"vc_column-inner\"><div class=\"wpb_wrapper\">\n\t<div class=\"gg-special-button-wrapper  special-button-align-right special-button-style-btn-primary\"><a class=\"btn btn-primary\" href=\"https:\/\/vilasunce.ba\/bs\/contact\/\" title=\"Kontaktiraj nas\" target=\"_self\">Kontaktiraj nas<\/a><\/div><\/div><\/div><\/div><\/div>","protected":false},"excerpt":{"rendered":"Due to its inaccessibility, Rakitnica Canyon is a true miracle of untouched and unexplored nature vila sunceRakitnica Canyon This time we are taking you to the most beautiful and one of the deepest canyons in Europe. Of course, we are talking about the Rakitnica canyon, which this \u201criver\u201d has been carving for thousands of years.<p class=\"more-link-wrapper\"><a class=\"btn btn-primary\" href=\"https:\/\/vilasunce.ba\/bs\/extra-activities\/canyoning\/\">Read More<\/a><\/p>","protected":false},"author":1,"featured_media":4731,"parent":4470,"menu_order":0,"comment_status":"closed","ping_status":"closed","template":"","meta":{"footnotes":""},"class_list":["post-4222","page","type-page","status-publish","has-post-thumbnail","hentry","has_thumb"],"acf":[],"_links":{"self":[{"href":"https:\/\/vilasunce.ba\/bs\/wp-json\/wp\/v2\/pages\/4222","targetHints":{"allow":["GET"]}}],"collection":[{"href":"https:\/\/vilasunce.ba\/bs\/wp-json\/wp\/v2\/pages"}],"about":[{"href":"https:\/\/vilasunce.ba\/bs\/wp-json\/wp\/v2\/types\/page"}],"author":[{"embeddable":true,"href":"https:\/\/vilasunce.ba\/bs\/wp-json\/wp\/v2\/users\/1"}],"replies":[{"embeddable":true,"href":"https:\/\/vilasunce.ba\/bs\/wp-json\/wp\/v2\/comments?post=4222"}],"version-history":[{"count":0,"href":"https:\/\/vilasunce.ba\/bs\/wp-json\/wp\/v2\/pages\/4222\/revisions"}],"up":[{"embeddable":true,"href":"https:\/\/vilasunce.ba\/bs\/wp-json\/wp\/v2\/pages\/4470"}],"wp:featuredmedia":[{"embeddable":true,"href":"https:\/\/vilasunce.ba\/bs\/wp-json\/wp\/v2\/media\/4731"}],"wp:attachment":[{"href":"https:\/\/vilasunce.ba\/bs\/wp-json\/wp\/v2\/media?parent=4222"}],"curies":[{"name":"wp","href":"https:\/\/api.w.org\/{rel}","templated":true}]}}