{"id":4223,"date":"2023-03-30T06:18:45","date_gmt":"2023-03-30T06:18:45","guid":{"rendered":"https:\/\/vilasunce.ba\/?page_id=4223"},"modified":"2023-05-20T11:23:42","modified_gmt":"2023-05-20T11:23:42","slug":"fishing","status":"publish","type":"page","link":"https:\/\/vilasunce.ba\/bs\/extra-activities\/fishing\/","title":{"rendered":"Ribolov"},"content":{"rendered":"<div class=\"vc_row wpb_row vc_row-fluid vc_custom_1578572453643\"><div class=\"wpb_column vc_column_container vc_col-sm-12\"><div class=\"vc_column-inner\"><div class=\"wpb_wrapper\">\n\t<blockquote  class=\"gg-vc-quote  remove_blockquotes font_size_large text-align-center\">\n\tNa samom jezeru mogu se koristiti razli\u010dite tehnike ribolova\n\t<\/blockquote><\/div><\/div><\/div><\/div><div class=\"vc_row wpb_row vc_row-fluid vc_custom_1578650731637 vc_row-o-equal-height vc_row-o-content-middle vc_row-flex\"><div class=\"reveal-effect masker wow reveal-effect masker wow wpb_column vc_column_container vc_col-sm-6 vc_col-has-fill\"><div class=\"vc_column-inner vc_custom_1682370324226\"><div class=\"wpb_wrapper\"><div class=\"vc_empty_space\"   style=\"height: 400px\"><span class=\"vc_empty_space_inner\"><\/span><\/div><\/div><\/div><\/div><div class=\"wpb_column vc_column_container vc_col-sm-6 vc_col-has-fill\"><div class=\"vc_column-inner vc_custom_1578584679469\"><div class=\"wpb_wrapper\">\n\t<div class=\"title-subtitle-box  vc_custom_1681035399624\" style=\" text-align: left;\">\n\t\t<h1 style=\" font-weight: normal;\" class=\"special-title\" >\n\t\t<span class=\"toptitle\" style=\"\">vila sunce<\/span>Ribolov<\/h1>\n\t\t<div class=\"box-description\"><p>Vila Sunce je odli\u010dan izbor za sve ljubitelje ribolova. Neposredna blizina Bora\u010dkog jezera, Neretve, Rakitnice i centralna pozicija Vile u odnosu na ove lokacije pru\u017eit \u0107e vam odli\u010dan izbor za ribolov u svim vremenskim uvjetima. Rijeka Neretva je udaljena 5 km od vile, Rakitnica nekoliko kilometara dalje, a jezero je nadohvat ruke. Na samom jezeru se mogu koristiti razli\u010dite tehnike ribolova (ribolov iz \u010damaca, ribolov mre\u017eama je zabranjen), tako da je pravi raj za pravu prirodu i ljubitelje ribolova. Tu su i rijeke na kojima se mo\u017ee loviti pastrmka, lipljen, deverika, te male neretvanske \u010damce \u2013 sige. Dok ste u jezeru, osim pastrmke i klena, mo\u017eete loviti i \u0161arana. Nakon ribolova na ovim lokacijama mo\u017eete se odmoriti u vili, zapaliti ro\u0161tilj i uz vino i specijalitete s ro\u0161tilja dodati koji gram svom ulovu, samo malo u pri\u010dama.<\/p>\n<\/div>\n\t<\/div> <\/div><\/div><\/div><\/div><div class=\"vc_row wpb_row vc_row-fluid\"><div class=\"wpb_column vc_column_container vc_col-sm-3\"><div class=\"vc_column-inner\"><div class=\"wpb_wrapper\"><\/div><\/div><\/div><div class=\"wpb_column vc_column_container vc_col-sm-6\"><div class=\"vc_column-inner\"><div class=\"wpb_wrapper\">\n\t<div class=\"title-subtitle-box  vc_custom_1681033314341\" style=\" text-align: center;\">\n\t\t<h1 style=\" font-weight: normal;\" class=\"special-title\" >\n\t\t<span class=\"toptitle\" style=\"\">DO\u017dIVITE<\/span>Neponovljivu prirodu<\/h1>\n\t\t<div class=\"box-description\"><p>Ako je va\u0161a grupa ve\u0107a od osam, molimo vas da nas nazovete kako bismo bili sigurni da vas mo\u017eemo adekvatno smjestiti: +387 62 111 344<\/p>\n<\/div>\n\t<\/div> <\/div><\/div><\/div><div class=\"wpb_column vc_column_container vc_col-sm-3\"><div class=\"vc_column-inner\"><div class=\"wpb_wrapper\"><\/div><\/div><\/div><\/div><div class=\"vc_row wpb_row vc_row-fluid vc_custom_1680116601810\"><div class=\"wpb_column vc_column_container vc_col-sm-12\"><div class=\"vc_column-inner vc_custom_1680032701554\"><div class=\"wpb_wrapper\">\n\t<div class=\"\">\n\t<div class=\"gg-media-carousel\">\n\t\t<div class=\"swiper-container\" data-uid=\"swiper-1198972432\"  data-slidesperview =\"2\" data-slidespercolumn =\"1\" data-spacebetween =\"0\" data-initialslide =\"0\" data-direction =\"horizontal\" data-speed =\"300\" data-loop =\"true\" data-centeredslides =\"false\" data-effect =\"slide\" data-autoplay =\"\" data-paginationtype =\"bullets\"  >\n\t\t\t<div class=\"swiper-wrapper\"><div class=\"swiper-slide\"><img decoding=\"async\" width=\"1920\" height=\"1280\" src=\"https:\/\/vilasunce.ba\/wp-content\/uploads\/2023\/04\/newpic1.jpg\" class=\"attachment-full\" alt=\"\" title=\"newpic1\" srcset=\"https:\/\/vilasunce.ba\/wp-content\/uploads\/2023\/04\/newpic1.jpg 1920w, https:\/\/vilasunce.ba\/wp-content\/uploads\/2023\/04\/newpic1-300x200.jpg 300w, https:\/\/vilasunce.ba\/wp-content\/uploads\/2023\/04\/newpic1-1024x683.jpg 1024w, https:\/\/vilasunce.ba\/wp-content\/uploads\/2023\/04\/newpic1-768x512.jpg 768w, https:\/\/vilasunce.ba\/wp-content\/uploads\/2023\/04\/newpic1-1536x1024.jpg 1536w, https:\/\/vilasunce.ba\/wp-content\/uploads\/2023\/04\/newpic1-18x12.jpg 18w\" sizes=\"(max-width: 1920px) 100vw, 1920px\" \/><\/div><div class=\"swiper-slide\"><img decoding=\"async\" width=\"1920\" height=\"1279\" src=\"https:\/\/vilasunce.ba\/wp-content\/uploads\/2023\/04\/newpic2.jpg\" class=\"attachment-full\" alt=\"\" title=\"newpic2\" srcset=\"https:\/\/vilasunce.ba\/wp-content\/uploads\/2023\/04\/newpic2.jpg 1920w, https:\/\/vilasunce.ba\/wp-content\/uploads\/2023\/04\/newpic2-300x200.jpg 300w, https:\/\/vilasunce.ba\/wp-content\/uploads\/2023\/04\/newpic2-1024x682.jpg 1024w, https:\/\/vilasunce.ba\/wp-content\/uploads\/2023\/04\/newpic2-768x512.jpg 768w, https:\/\/vilasunce.ba\/wp-content\/uploads\/2023\/04\/newpic2-1536x1023.jpg 1536w, https:\/\/vilasunce.ba\/wp-content\/uploads\/2023\/04\/newpic2-18x12.jpg 18w\" sizes=\"(max-width: 1920px) 100vw, 1920px\" \/><\/div><div class=\"swiper-slide\"><img decoding=\"async\" width=\"1920\" height=\"1440\" src=\"https:\/\/vilasunce.ba\/wp-content\/uploads\/2023\/04\/newpic4.jpg\" class=\"attachment-full\" alt=\"\" title=\"newpic4\" srcset=\"https:\/\/vilasunce.ba\/wp-content\/uploads\/2023\/04\/newpic4.jpg 1920w, https:\/\/vilasunce.ba\/wp-content\/uploads\/2023\/04\/newpic4-300x225.jpg 300w, https:\/\/vilasunce.ba\/wp-content\/uploads\/2023\/04\/newpic4-1024x768.jpg 1024w, https:\/\/vilasunce.ba\/wp-content\/uploads\/2023\/04\/newpic4-768x576.jpg 768w, https:\/\/vilasunce.ba\/wp-content\/uploads\/2023\/04\/newpic4-1536x1152.jpg 1536w, https:\/\/vilasunce.ba\/wp-content\/uploads\/2023\/04\/newpic4-16x12.jpg 16w\" sizes=\"(max-width: 1920px) 100vw, 1920px\" \/><\/div><div class=\"swiper-slide\"><img decoding=\"async\" width=\"1920\" height=\"1280\" src=\"https:\/\/vilasunce.ba\/wp-content\/uploads\/2023\/04\/newpic5.jpg\" class=\"attachment-full\" alt=\"\" title=\"newpic5\" srcset=\"https:\/\/vilasunce.ba\/wp-content\/uploads\/2023\/04\/newpic5.jpg 1920w, https:\/\/vilasunce.ba\/wp-content\/uploads\/2023\/04\/newpic5-300x200.jpg 300w, https:\/\/vilasunce.ba\/wp-content\/uploads\/2023\/04\/newpic5-1024x683.jpg 1024w, https:\/\/vilasunce.ba\/wp-content\/uploads\/2023\/04\/newpic5-768x512.jpg 768w, https:\/\/vilasunce.ba\/wp-content\/uploads\/2023\/04\/newpic5-1536x1024.jpg 1536w, https:\/\/vilasunce.ba\/wp-content\/uploads\/2023\/04\/newpic5-18x12.jpg 18w\" sizes=\"(max-width: 1920px) 100vw, 1920px\" \/><\/div><div class=\"swiper-slide\"><img decoding=\"async\" width=\"1920\" height=\"1280\" src=\"https:\/\/vilasunce.ba\/wp-content\/uploads\/2023\/04\/newpic6.jpg\" class=\"attachment-full\" alt=\"\" title=\"newpic6\" srcset=\"https:\/\/vilasunce.ba\/wp-content\/uploads\/2023\/04\/newpic6.jpg 1920w, https:\/\/vilasunce.ba\/wp-content\/uploads\/2023\/04\/newpic6-300x200.jpg 300w, https:\/\/vilasunce.ba\/wp-content\/uploads\/2023\/04\/newpic6-1024x683.jpg 1024w, https:\/\/vilasunce.ba\/wp-content\/uploads\/2023\/04\/newpic6-768x512.jpg 768w, https:\/\/vilasunce.ba\/wp-content\/uploads\/2023\/04\/newpic6-1536x1024.jpg 1536w, https:\/\/vilasunce.ba\/wp-content\/uploads\/2023\/04\/newpic6-18x12.jpg 18w\" sizes=\"(max-width: 1920px) 100vw, 1920px\" \/><\/div><div class=\"swiper-slide\"><img decoding=\"async\" width=\"1920\" height=\"1282\" src=\"https:\/\/vilasunce.ba\/wp-content\/uploads\/2023\/04\/newpic8.jpg\" class=\"attachment-full\" alt=\"\" title=\"newpic8\" srcset=\"https:\/\/vilasunce.ba\/wp-content\/uploads\/2023\/04\/newpic8.jpg 1920w, https:\/\/vilasunce.ba\/wp-content\/uploads\/2023\/04\/newpic8-300x200.jpg 300w, https:\/\/vilasunce.ba\/wp-content\/uploads\/2023\/04\/newpic8-1024x684.jpg 1024w, https:\/\/vilasunce.ba\/wp-content\/uploads\/2023\/04\/newpic8-768x513.jpg 768w, https:\/\/vilasunce.ba\/wp-content\/uploads\/2023\/04\/newpic8-1536x1026.jpg 1536w, https:\/\/vilasunce.ba\/wp-content\/uploads\/2023\/04\/newpic8-18x12.jpg 18w\" sizes=\"(max-width: 1920px) 100vw, 1920px\" \/><\/div>\n\t\t\t<\/div>\n\t\t<\/div>\n\t<\/div>\n\t<\/div><\/div><\/div><\/div><\/div><div class=\"vc_row wpb_row vc_row-fluid vc_custom_1578651080451 vc_row-has-fill vc_row-o-equal-height vc_row-o-content-middle vc_row-flex\"><div class=\"wpb_column vc_column_container vc_col-sm-8\"><div class=\"vc_column-inner\"><div class=\"wpb_wrapper\">\n\t<div class=\"title-subtitle-box\" style=\" text-align: right;\">\n\t\t<h3 style=\" font-weight: normal;\" class=\"special-title\" >Slobodno nas kontaktirajte ako imate jo\u0161 pitanja<\/h3>\n\t<\/div> <\/div><\/div><\/div><div class=\"wpb_column vc_column_container vc_col-sm-4\"><div class=\"vc_column-inner\"><div class=\"wpb_wrapper\">\n\t<div class=\"gg-special-button-wrapper  special-button-align-right special-button-style-btn-primary\"><a class=\"btn btn-primary\" href=\"https:\/\/vilasunce.ba\/bs\/contact\/\" title=\"Kontaktiraj nas\" target=\"_self\">Kontaktiraj nas<\/a><\/div><\/div><\/div><\/div><\/div>","protected":false},"excerpt":{"rendered":"Different fishing techniques can be used on the lake itself vila sunceFishing Vila Sunce is an excellent choice for all fishing enthusiasts. The close proximity of Lake Bora\u010dki Jezera, Neretva, Rakitnica and the central position of the Villa in relation to these locations will provide you with an excellent choice for fishing in all weather<p class=\"more-link-wrapper\"><a class=\"btn btn-primary\" href=\"https:\/\/vilasunce.ba\/bs\/extra-activities\/fishing\/\">Read More<\/a><\/p>","protected":false},"author":1,"featured_media":4708,"parent":4470,"menu_order":0,"comment_status":"closed","ping_status":"closed","template":"","meta":{"footnotes":""},"class_list":["post-4223","page","type-page","status-publish","has-post-thumbnail","hentry","has_thumb"],"acf":[],"_links":{"self":[{"href":"https:\/\/vilasunce.ba\/bs\/wp-json\/wp\/v2\/pages\/4223","targetHints":{"allow":["GET"]}}],"collection":[{"href":"https:\/\/vilasunce.ba\/bs\/wp-json\/wp\/v2\/pages"}],"about":[{"href":"https:\/\/vilasunce.ba\/bs\/wp-json\/wp\/v2\/types\/page"}],"author":[{"embeddable":true,"href":"https:\/\/vilasunce.ba\/bs\/wp-json\/wp\/v2\/users\/1"}],"replies":[{"embeddable":true,"href":"https:\/\/vilasunce.ba\/bs\/wp-json\/wp\/v2\/comments?post=4223"}],"version-history":[{"count":0,"href":"https:\/\/vilasunce.ba\/bs\/wp-json\/wp\/v2\/pages\/4223\/revisions"}],"up":[{"embeddable":true,"href":"https:\/\/vilasunce.ba\/bs\/wp-json\/wp\/v2\/pages\/4470"}],"wp:featuredmedia":[{"embeddable":true,"href":"https:\/\/vilasunce.ba\/bs\/wp-json\/wp\/v2\/media\/4708"}],"wp:attachment":[{"href":"https:\/\/vilasunce.ba\/bs\/wp-json\/wp\/v2\/media?parent=4223"}],"curies":[{"name":"wp","href":"https:\/\/api.w.org\/{rel}","templated":true}]}}