{"id":4224,"date":"2023-03-30T06:19:26","date_gmt":"2023-03-30T06:19:26","guid":{"rendered":"https:\/\/vilasunce.ba\/?page_id=4224"},"modified":"2023-05-19T08:54:35","modified_gmt":"2023-05-19T08:54:35","slug":"e-mountain-biking","status":"publish","type":"page","link":"https:\/\/vilasunce.ba\/bs\/extra-activities\/e-mountain-biking\/","title":{"rendered":"E-mountain biking"},"content":{"rendered":"<div class=\"vc_row wpb_row vc_row-fluid vc_custom_1578572453643\"><div class=\"wpb_column vc_column_container vc_col-sm-12\"><div class=\"vc_column-inner\"><div class=\"wpb_wrapper\">\n\t<blockquote  class=\"gg-vc-quote  remove_blockquotes font_size_large text-align-center\">\n\tBrdski biciklizam je izuzetno zabavan i pun adrenalina\n\t<\/blockquote><\/div><\/div><\/div><\/div><div class=\"vc_row wpb_row vc_row-fluid vc_custom_1578650731637 vc_row-o-equal-height vc_row-o-content-middle vc_row-flex\"><div class=\"reveal-effect masker wow reveal-effect masker wow wpb_column vc_column_container vc_col-sm-6 vc_col-has-fill\"><div class=\"vc_column-inner vc_custom_1682371384710\"><div class=\"wpb_wrapper\"><div class=\"vc_empty_space\"   style=\"height: 400px\"><span class=\"vc_empty_space_inner\"><\/span><\/div><\/div><\/div><\/div><div class=\"wpb_column vc_column_container vc_col-sm-6 vc_col-has-fill\"><div class=\"vc_column-inner vc_custom_1578584679469\"><div class=\"wpb_wrapper\">\n\t<div class=\"title-subtitle-box  vc_custom_1681033081596\" style=\" text-align: left;\">\n\t\t<h1 style=\" font-weight: normal;\" class=\"special-title\" >\n\t\t<span class=\"toptitle\" style=\"\">vila sunce<\/span>Brdski biciklizam<\/h1>\n\t\t<div class=\"box-description\"><p>Brdski biciklizam je vo\u017enja sa posebno dizajniranim biciklom (mountain bike) pogodnim za planinske i \u0161umske staze, kao i urbana podru\u010dja. Popularnost ove relativno mlade grane biciklizma, kako rekreativno tako i takmi\u010darski, stalno raste. Osnovna oprema se sastoji od: brdskog bicikla, kacige, rukavica, odje\u0107e.<\/p>\n<\/div>\n\t<\/div> <\/div><\/div><\/div><\/div><div class=\"vc_row wpb_row vc_row-fluid\"><div class=\"wpb_column vc_column_container vc_col-sm-3\"><div class=\"vc_column-inner\"><div class=\"wpb_wrapper\"><\/div><\/div><\/div><div class=\"wpb_column vc_column_container vc_col-sm-6\"><div class=\"vc_column-inner\"><div class=\"wpb_wrapper\">\n\t<div class=\"title-subtitle-box  vc_custom_1681033234641\" style=\" text-align: center;\">\n\t\t<h1 style=\" font-weight: normal;\" class=\"special-title\" >\n\t\t<span class=\"toptitle\" style=\"\">DO\u017dIVITE<\/span>Neponovljivu prirodu<\/h1>\n\t\t<div class=\"box-description\"><p>Ako je va\u0161a grupa ve\u0107a od osam, molimo vas da nas nazovete kako bismo bili sigurni da vas mo\u017eemo adekvatno smjestiti: +387 62 111 344<\/p>\n<\/div>\n\t<\/div> <\/div><\/div><\/div><div class=\"wpb_column vc_column_container vc_col-sm-3\"><div class=\"vc_column-inner\"><div class=\"wpb_wrapper\"><\/div><\/div><\/div><\/div><div class=\"vc_row wpb_row vc_row-fluid vc_custom_1680116601810\"><div class=\"wpb_column vc_column_container vc_col-sm-12\"><div class=\"vc_column-inner vc_custom_1680032701554\"><div class=\"wpb_wrapper\">\n\t<div class=\"\">\n\t<div class=\"gg-media-carousel\">\n\t\t<div class=\"swiper-container\" data-uid=\"swiper-1098133678\"  data-slidesperview =\"2\" data-slidespercolumn =\"1\" data-spacebetween =\"0\" data-initialslide =\"0\" data-direction =\"horizontal\" data-speed =\"300\" data-loop =\"true\" data-centeredslides =\"false\" data-effect =\"slide\" data-autoplay =\"\" data-paginationtype =\"bullets\"  >\n\t\t\t<div class=\"swiper-wrapper\"><div class=\"swiper-slide\"><img decoding=\"async\" width=\"1600\" height=\"1067\" src=\"https:\/\/vilasunce.ba\/wp-content\/uploads\/2023\/03\/1Image_Bike_POS_2020_801.jpg\" class=\"attachment-full\" alt=\"\" title=\"1Image_Bike_POS_2020_801\" srcset=\"https:\/\/vilasunce.ba\/wp-content\/uploads\/2023\/03\/1Image_Bike_POS_2020_801.jpg 1600w, https:\/\/vilasunce.ba\/wp-content\/uploads\/2023\/03\/1Image_Bike_POS_2020_801-300x200.jpg 300w, https:\/\/vilasunce.ba\/wp-content\/uploads\/2023\/03\/1Image_Bike_POS_2020_801-1024x683.jpg 1024w, https:\/\/vilasunce.ba\/wp-content\/uploads\/2023\/03\/1Image_Bike_POS_2020_801-768x512.jpg 768w, https:\/\/vilasunce.ba\/wp-content\/uploads\/2023\/03\/1Image_Bike_POS_2020_801-1536x1024.jpg 1536w\" sizes=\"(max-width: 1600px) 100vw, 1600px\" \/><\/div><div class=\"swiper-slide\"><img decoding=\"async\" width=\"1024\" height=\"683\" src=\"https:\/\/vilasunce.ba\/wp-content\/uploads\/2023\/03\/Bjelasnica-Visocica-Boracko-jezero-Konjic-54-1.jpg\" class=\"attachment-full\" alt=\"\" title=\"Bjelasnica-Visocica-Boracko-jezero-Konjic-54-1\" srcset=\"https:\/\/vilasunce.ba\/wp-content\/uploads\/2023\/03\/Bjelasnica-Visocica-Boracko-jezero-Konjic-54-1.jpg 1024w, https:\/\/vilasunce.ba\/wp-content\/uploads\/2023\/03\/Bjelasnica-Visocica-Boracko-jezero-Konjic-54-1-300x200.jpg 300w, https:\/\/vilasunce.ba\/wp-content\/uploads\/2023\/03\/Bjelasnica-Visocica-Boracko-jezero-Konjic-54-1-768x512.jpg 768w\" sizes=\"(max-width: 1024px) 100vw, 1024px\" \/><\/div><div class=\"swiper-slide\"><img decoding=\"async\" width=\"1920\" height=\"1080\" src=\"https:\/\/vilasunce.ba\/wp-content\/uploads\/2023\/03\/11230520-lake-in-bosnia-and-herzegovina.jpg\" class=\"attachment-full\" alt=\"\" title=\"11230520-lake-in-bosnia-and-herzegovina\" srcset=\"https:\/\/vilasunce.ba\/wp-content\/uploads\/2023\/03\/11230520-lake-in-bosnia-and-herzegovina.jpg 1920w, https:\/\/vilasunce.ba\/wp-content\/uploads\/2023\/03\/11230520-lake-in-bosnia-and-herzegovina-300x169.jpg 300w, https:\/\/vilasunce.ba\/wp-content\/uploads\/2023\/03\/11230520-lake-in-bosnia-and-herzegovina-1024x576.jpg 1024w, https:\/\/vilasunce.ba\/wp-content\/uploads\/2023\/03\/11230520-lake-in-bosnia-and-herzegovina-768x432.jpg 768w, https:\/\/vilasunce.ba\/wp-content\/uploads\/2023\/03\/11230520-lake-in-bosnia-and-herzegovina-1536x864.jpg 1536w\" sizes=\"(max-width: 1920px) 100vw, 1920px\" \/><\/div><div class=\"swiper-slide\"><img decoding=\"async\" width=\"1920\" height=\"1293\" src=\"https:\/\/vilasunce.ba\/wp-content\/uploads\/2023\/03\/prenj-planina-1.jpg\" class=\"attachment-full\" alt=\"\" title=\"prenj-planina-1\" srcset=\"https:\/\/vilasunce.ba\/wp-content\/uploads\/2023\/03\/prenj-planina-1.jpg 1920w, https:\/\/vilasunce.ba\/wp-content\/uploads\/2023\/03\/prenj-planina-1-300x202.jpg 300w, https:\/\/vilasunce.ba\/wp-content\/uploads\/2023\/03\/prenj-planina-1-1024x689.jpg 1024w, https:\/\/vilasunce.ba\/wp-content\/uploads\/2023\/03\/prenj-planina-1-768x517.jpg 768w, https:\/\/vilasunce.ba\/wp-content\/uploads\/2023\/03\/prenj-planina-1-1536x1034.jpg 1536w\" sizes=\"(max-width: 1920px) 100vw, 1920px\" \/><\/div><div class=\"swiper-slide\"><img decoding=\"async\" width=\"1920\" height=\"1088\" src=\"https:\/\/vilasunce.ba\/wp-content\/uploads\/2023\/03\/11909433_873191696044839_8113557969364327545_o.jpg\" class=\"attachment-full\" alt=\"\" title=\"11909433_873191696044839_8113557969364327545_o\" srcset=\"https:\/\/vilasunce.ba\/wp-content\/uploads\/2023\/03\/11909433_873191696044839_8113557969364327545_o.jpg 1920w, https:\/\/vilasunce.ba\/wp-content\/uploads\/2023\/03\/11909433_873191696044839_8113557969364327545_o-300x170.jpg 300w, https:\/\/vilasunce.ba\/wp-content\/uploads\/2023\/03\/11909433_873191696044839_8113557969364327545_o-1024x581.jpg 1024w, https:\/\/vilasunce.ba\/wp-content\/uploads\/2023\/03\/11909433_873191696044839_8113557969364327545_o-768x435.jpg 768w, https:\/\/vilasunce.ba\/wp-content\/uploads\/2023\/03\/11909433_873191696044839_8113557969364327545_o-1536x871.jpg 1536w\" sizes=\"(max-width: 1920px) 100vw, 1920px\" \/><\/div>\n\t\t\t<\/div>\n\t\t<\/div>\n\t<\/div>\n\t<\/div><\/div><\/div><\/div><\/div><div class=\"vc_row wpb_row vc_row-fluid vc_custom_1578651080451 vc_row-has-fill vc_row-o-equal-height vc_row-o-content-middle vc_row-flex\"><div class=\"wpb_column vc_column_container vc_col-sm-8\"><div class=\"vc_column-inner\"><div class=\"wpb_wrapper\">\n\t<div class=\"title-subtitle-box\" style=\" text-align: right;\">\n\t\t<h3 style=\" font-weight: normal;\" class=\"special-title\" >Slobodno nas kontaktirajte ako imate jo\u0161 pitanja<\/h3>\n\t<\/div> <\/div><\/div><\/div><div class=\"wpb_column vc_column_container vc_col-sm-4\"><div class=\"vc_column-inner\"><div class=\"wpb_wrapper\">\n\t<div class=\"gg-special-button-wrapper  special-button-align-right special-button-style-btn-primary\"><a class=\"btn btn-primary\" href=\"https:\/\/vilasunce.ba\/bs\/contact\/\" title=\"Kontaktiraj nas\" target=\"_self\">Kontaktiraj nas<\/a><\/div><\/div><\/div><\/div><\/div>","protected":false},"excerpt":{"rendered":"Mountain biking is extremely fun and full of adrenaline vila sunceMountain biking Mountain biking is riding with a specially designed bike (mountain bike) suitable for mountain and forest paths, as well as urban areas. The popularity of this relatively young branch of cycling, both recreationally and competitively, is constantly increasing. Basic equipment consists of: mountain<p class=\"more-link-wrapper\"><a class=\"btn btn-primary\" href=\"https:\/\/vilasunce.ba\/bs\/extra-activities\/e-mountain-biking\/\">Read More<\/a><\/p>","protected":false},"author":1,"featured_media":4686,"parent":4470,"menu_order":0,"comment_status":"closed","ping_status":"closed","template":"","meta":{"footnotes":""},"class_list":["post-4224","page","type-page","status-publish","has-post-thumbnail","hentry","has_thumb"],"acf":[],"_links":{"self":[{"href":"https:\/\/vilasunce.ba\/bs\/wp-json\/wp\/v2\/pages\/4224","targetHints":{"allow":["GET"]}}],"collection":[{"href":"https:\/\/vilasunce.ba\/bs\/wp-json\/wp\/v2\/pages"}],"about":[{"href":"https:\/\/vilasunce.ba\/bs\/wp-json\/wp\/v2\/types\/page"}],"author":[{"embeddable":true,"href":"https:\/\/vilasunce.ba\/bs\/wp-json\/wp\/v2\/users\/1"}],"replies":[{"embeddable":true,"href":"https:\/\/vilasunce.ba\/bs\/wp-json\/wp\/v2\/comments?post=4224"}],"version-history":[{"count":0,"href":"https:\/\/vilasunce.ba\/bs\/wp-json\/wp\/v2\/pages\/4224\/revisions"}],"up":[{"embeddable":true,"href":"https:\/\/vilasunce.ba\/bs\/wp-json\/wp\/v2\/pages\/4470"}],"wp:featuredmedia":[{"embeddable":true,"href":"https:\/\/vilasunce.ba\/bs\/wp-json\/wp\/v2\/media\/4686"}],"wp:attachment":[{"href":"https:\/\/vilasunce.ba\/bs\/wp-json\/wp\/v2\/media?parent=4224"}],"curies":[{"name":"wp","href":"https:\/\/api.w.org\/{rel}","templated":true}]}}