{"id":4225,"date":"2023-03-30T06:19:53","date_gmt":"2023-03-30T06:19:53","guid":{"rendered":"https:\/\/vilasunce.ba\/?page_id=4225"},"modified":"2023-05-19T08:57:07","modified_gmt":"2023-05-19T08:57:07","slug":"teambuilding","status":"publish","type":"page","link":"https:\/\/vilasunce.ba\/bs\/extra-activities\/teambuilding\/","title":{"rendered":"Team building"},"content":{"rendered":"<div class=\"vc_row wpb_row vc_row-fluid vc_custom_1578572453643\"><div class=\"wpb_column vc_column_container vc_col-sm-12\"><div class=\"vc_column-inner\"><div class=\"wpb_wrapper\">\n\t<blockquote  class=\"gg-vc-quote  remove_blockquotes font_size_large text-align-center\">\n\tTeam building je stalan proces koji poma\u017ee radnoj grupi da se razvije u kohezivnu jedinicu\n\t<\/blockquote><\/div><\/div><\/div><\/div><div class=\"vc_row wpb_row vc_row-fluid vc_custom_1578650731637 vc_row-o-equal-height vc_row-o-content-middle vc_row-flex\"><div class=\"reveal-effect masker wow reveal-effect masker wow wpb_column vc_column_container vc_col-sm-6 vc_col-has-fill\"><div class=\"vc_column-inner vc_custom_1682373326274\"><div class=\"wpb_wrapper\"><div class=\"vc_empty_space\"   style=\"height: 400px\"><span class=\"vc_empty_space_inner\"><\/span><\/div><\/div><\/div><\/div><div class=\"wpb_column vc_column_container vc_col-sm-6 vc_col-has-fill\"><div class=\"vc_column-inner vc_custom_1578584679469\"><div class=\"wpb_wrapper\">\n\t<div class=\"title-subtitle-box  vc_custom_1681031641043\" style=\" text-align: left;\">\n\t\t<h1 style=\" font-weight: normal;\" class=\"special-title\" >\n\t\t<span class=\"toptitle\" style=\"\">vila sunce<\/span>Team building<\/h1>\n\t\t<div class=\"box-description\"><p>Ukoliko \u017eelite pobolj\u0161anje saradnje na poslu, razvijanje timskog duha, pove\u0107anje efikasnosti tima mi \u0107emo vam pomo\u0107i u tome! Na\u0161i programi team buildinga omogu\u0107i\u0107e vam nezaboravno iskustvo, ne\u0161to \u010dega \u0107ete se dugo sje\u0107ati sa osmjehom!<\/p>\n<p>Team building doprinosi pove\u0107anju lojalnosti zaposlenih, boljem razumijevanju \u010dlanova tima, smanjivanju barijera izme\u0111u \u010dlanova, prepoznavanju razli\u010ditih talenata u timu, pove\u0107anju li\u010dnih zadovoljstava zaposlenih, boljoj komunikaciji izme\u0111u \u010dlanova i timova, kao i razvoju me\u0111usobne podr\u0161ke, entuzijazma i me\u0111usobne brige o ljudima.<\/p>\n<p>Poslije team buildinga u sje\u0107anju ostaje lijepo dru\u017eenje, a pozitivan uticaj se odra\u017eava na poslovanje Va\u0161e kompanije!<\/p>\n<\/div>\n\t<\/div> <\/div><\/div><\/div><\/div><div class=\"vc_row wpb_row vc_row-fluid vc_custom_1680167290386 vc_row-o-equal-height vc_row-o-content-middle vc_row-flex\"><div class=\"wpb_column vc_column_container vc_col-sm-6 vc_col-has-fill\"><div class=\"vc_column-inner vc_custom_1578585677998\"><div class=\"wpb_wrapper\"><div class=\"vc_row wpb_row vc_inner vc_row-fluid vc_custom_1680167306027 vc_row-has-fill\"><div class=\"wpb_column vc_column_container vc_col-sm-12\"><div class=\"vc_column-inner\"><div class=\"wpb_wrapper\">\n\t<div class=\"title-subtitle-box\" style=\" text-align: left;\">\n\t\t<h1 style=\" font-weight: normal;\" class=\"special-title\" >\n\t\t<span class=\"toptitle\" style=\"\">team building<\/span>Za Va\u0161u kompaniju organizujemo jednodnevne i vi\u0161ednevne programe<\/h1>\n\t\t<span class=\"gg-horizontal-line\"><\/span>\n\t<\/div> \n\t<div class=\"gg_list list_style_circle  vc_custom_1681032284767\">\n<ul>\n<li>Prezentaciju firme uz kompletnu tehni\u010dku podrsku (video bimovi, projektori, i sl)<\/li>\n<li>Sports activities (basketball, table tennis)<\/li>\n<li>Free activities (walking, cycling, swimming, sunbathing on the shore of Boracki Jezera in the summer months)<\/li>\n<li>Rafting on the Neretva (we have rafting boats, complete equipment for rafting and expert skippers)<\/li>\n<li>Hiking to Prenje<\/li>\n<li>Excursions to Ruji\u0161te and Lukomir<\/li>\n<li>Catering services in our facility &#8220;Vila Sunce&#8221; where we serve traditional Bosnian-Herzegovinian specialties<\/li>\n<li>Terrace where we serve top wines, alcoholic and non-alcoholic drinks<\/li>\n<li>Entertainment program (celebratory dinner with music or bonfire gatherings)<\/li>\n<li>i drugo<\/li>\n<\/ul>\n<\/div>\n\t<div class=\"wpb_text_column wpb_content_element  vc_custom_1681031710839\" >\n\t\t<div class=\"wpb_wrapper\">\n\t\t\t<p>Za va\u0161u kompaniju organizujemo interesantan Team building. Pored toga nudimo mogucnost da sami sugeri\u0161ete program team buildinga, shodno va\u0161im \u017eeljama, koje \u0107emo mi za vas realizovati.<\/p>\n\n\t\t<\/div>\n\t<\/div>\n\n\t<div class=\"gg-special-button-wrapper  special-button-align-left special-button-style-btn-primary\"><a class=\"btn btn-primary\" href=\"#\" title=\"Rezervi\u0161ite\" target=\"_self\">Rezervi\u0161ite<\/a><\/div><\/div><\/div><\/div><\/div><\/div><\/div><\/div><div class=\"reveal-effect masker wow reveal-effect masker wow wpb_column vc_column_container vc_col-sm-6 vc_col-has-fill\"><div class=\"vc_column-inner vc_custom_1682372543031\"><div class=\"wpb_wrapper\"><div class=\"vc_empty_space\"   style=\"height: 400px\"><span class=\"vc_empty_space_inner\"><\/span><\/div><\/div><\/div><\/div><\/div><div class=\"vc_row wpb_row vc_row-fluid\"><div class=\"wpb_column vc_column_container vc_col-sm-3\"><div class=\"vc_column-inner\"><div class=\"wpb_wrapper\"><\/div><\/div><\/div><div class=\"wpb_column vc_column_container vc_col-sm-6\"><div class=\"vc_column-inner\"><div class=\"wpb_wrapper\">\n\t<div class=\"title-subtitle-box  vc_custom_1681031809722\" style=\" text-align: center;\">\n\t\t<h1 style=\" font-weight: normal;\" class=\"special-title\" >\n\t\t<span class=\"toptitle\" style=\"\">DO\u017dIVITE<\/span>Neponovljivu prirodu<\/h1>\n\t\t<div class=\"box-description\"><p>Ako je va\u0161a grupa ve\u0107a od osam, molimo vas da nas nazovete kako bismo bili sigurni da vas mo\u017eemo adekvatno smjestiti: +387 62 111 344<\/p>\n<\/div>\n\t<\/div> <\/div><\/div><\/div><div class=\"wpb_column vc_column_container vc_col-sm-3\"><div class=\"vc_column-inner\"><div class=\"wpb_wrapper\"><\/div><\/div><\/div><\/div><div class=\"vc_row wpb_row vc_row-fluid vc_custom_1680116601810\"><div class=\"wpb_column vc_column_container vc_col-sm-12\"><div class=\"vc_column-inner vc_custom_1680032701554\"><div class=\"wpb_wrapper\">\n\t<div class=\"\">\n\t<div class=\"gg-media-carousel\">\n\t\t<div class=\"swiper-container\" data-uid=\"swiper-99215980\"  data-slidesperview =\"2\" data-slidespercolumn =\"1\" data-spacebetween =\"0\" data-initialslide =\"0\" data-direction =\"horizontal\" data-speed =\"300\" data-loop =\"true\" data-centeredslides =\"false\" data-effect =\"slide\" data-autoplay =\"\" data-paginationtype =\"bullets\"  >\n\t\t\t<div class=\"swiper-wrapper\"><div class=\"swiper-slide\"><img decoding=\"async\" width=\"1920\" height=\"1280\" src=\"https:\/\/vilasunce.ba\/wp-content\/uploads\/2023\/04\/newpic1.jpg\" class=\"attachment-full\" alt=\"\" title=\"newpic1\" srcset=\"https:\/\/vilasunce.ba\/wp-content\/uploads\/2023\/04\/newpic1.jpg 1920w, https:\/\/vilasunce.ba\/wp-content\/uploads\/2023\/04\/newpic1-300x200.jpg 300w, https:\/\/vilasunce.ba\/wp-content\/uploads\/2023\/04\/newpic1-1024x683.jpg 1024w, https:\/\/vilasunce.ba\/wp-content\/uploads\/2023\/04\/newpic1-768x512.jpg 768w, https:\/\/vilasunce.ba\/wp-content\/uploads\/2023\/04\/newpic1-1536x1024.jpg 1536w, https:\/\/vilasunce.ba\/wp-content\/uploads\/2023\/04\/newpic1-18x12.jpg 18w\" sizes=\"(max-width: 1920px) 100vw, 1920px\" \/><\/div><div class=\"swiper-slide\"><img decoding=\"async\" width=\"1920\" height=\"1279\" src=\"https:\/\/vilasunce.ba\/wp-content\/uploads\/2023\/04\/newpic2.jpg\" class=\"attachment-full\" alt=\"\" title=\"newpic2\" srcset=\"https:\/\/vilasunce.ba\/wp-content\/uploads\/2023\/04\/newpic2.jpg 1920w, https:\/\/vilasunce.ba\/wp-content\/uploads\/2023\/04\/newpic2-300x200.jpg 300w, https:\/\/vilasunce.ba\/wp-content\/uploads\/2023\/04\/newpic2-1024x682.jpg 1024w, https:\/\/vilasunce.ba\/wp-content\/uploads\/2023\/04\/newpic2-768x512.jpg 768w, https:\/\/vilasunce.ba\/wp-content\/uploads\/2023\/04\/newpic2-1536x1023.jpg 1536w, https:\/\/vilasunce.ba\/wp-content\/uploads\/2023\/04\/newpic2-18x12.jpg 18w\" sizes=\"(max-width: 1920px) 100vw, 1920px\" \/><\/div><div class=\"swiper-slide\"><img decoding=\"async\" width=\"1920\" height=\"1280\" src=\"https:\/\/vilasunce.ba\/wp-content\/uploads\/2023\/04\/newpic5.jpg\" class=\"attachment-full\" alt=\"\" title=\"newpic5\" srcset=\"https:\/\/vilasunce.ba\/wp-content\/uploads\/2023\/04\/newpic5.jpg 1920w, https:\/\/vilasunce.ba\/wp-content\/uploads\/2023\/04\/newpic5-300x200.jpg 300w, https:\/\/vilasunce.ba\/wp-content\/uploads\/2023\/04\/newpic5-1024x683.jpg 1024w, https:\/\/vilasunce.ba\/wp-content\/uploads\/2023\/04\/newpic5-768x512.jpg 768w, https:\/\/vilasunce.ba\/wp-content\/uploads\/2023\/04\/newpic5-1536x1024.jpg 1536w, https:\/\/vilasunce.ba\/wp-content\/uploads\/2023\/04\/newpic5-18x12.jpg 18w\" sizes=\"(max-width: 1920px) 100vw, 1920px\" \/><\/div><div class=\"swiper-slide\"><img decoding=\"async\" width=\"1920\" height=\"1280\" src=\"https:\/\/vilasunce.ba\/wp-content\/uploads\/2023\/04\/newpic6.jpg\" class=\"attachment-full\" alt=\"\" title=\"newpic6\" srcset=\"https:\/\/vilasunce.ba\/wp-content\/uploads\/2023\/04\/newpic6.jpg 1920w, https:\/\/vilasunce.ba\/wp-content\/uploads\/2023\/04\/newpic6-300x200.jpg 300w, https:\/\/vilasunce.ba\/wp-content\/uploads\/2023\/04\/newpic6-1024x683.jpg 1024w, https:\/\/vilasunce.ba\/wp-content\/uploads\/2023\/04\/newpic6-768x512.jpg 768w, https:\/\/vilasunce.ba\/wp-content\/uploads\/2023\/04\/newpic6-1536x1024.jpg 1536w, https:\/\/vilasunce.ba\/wp-content\/uploads\/2023\/04\/newpic6-18x12.jpg 18w\" sizes=\"(max-width: 1920px) 100vw, 1920px\" \/><\/div><div class=\"swiper-slide\"><img decoding=\"async\" width=\"1920\" height=\"1280\" src=\"https:\/\/vilasunce.ba\/wp-content\/uploads\/2023\/04\/newpic14.jpg\" class=\"attachment-full\" alt=\"\" title=\"newpic14\" srcset=\"https:\/\/vilasunce.ba\/wp-content\/uploads\/2023\/04\/newpic14.jpg 1920w, https:\/\/vilasunce.ba\/wp-content\/uploads\/2023\/04\/newpic14-300x200.jpg 300w, https:\/\/vilasunce.ba\/wp-content\/uploads\/2023\/04\/newpic14-1024x683.jpg 1024w, https:\/\/vilasunce.ba\/wp-content\/uploads\/2023\/04\/newpic14-768x512.jpg 768w, https:\/\/vilasunce.ba\/wp-content\/uploads\/2023\/04\/newpic14-1536x1024.jpg 1536w, https:\/\/vilasunce.ba\/wp-content\/uploads\/2023\/04\/newpic14-18x12.jpg 18w\" sizes=\"(max-width: 1920px) 100vw, 1920px\" \/><\/div><div class=\"swiper-slide\"><img decoding=\"async\" width=\"1920\" height=\"1280\" src=\"https:\/\/vilasunce.ba\/wp-content\/uploads\/2023\/04\/newpic16.jpg\" class=\"attachment-full\" alt=\"\" title=\"newpic16\" srcset=\"https:\/\/vilasunce.ba\/wp-content\/uploads\/2023\/04\/newpic16.jpg 1920w, https:\/\/vilasunce.ba\/wp-content\/uploads\/2023\/04\/newpic16-300x200.jpg 300w, https:\/\/vilasunce.ba\/wp-content\/uploads\/2023\/04\/newpic16-1024x683.jpg 1024w, https:\/\/vilasunce.ba\/wp-content\/uploads\/2023\/04\/newpic16-768x512.jpg 768w, https:\/\/vilasunce.ba\/wp-content\/uploads\/2023\/04\/newpic16-1536x1024.jpg 1536w, https:\/\/vilasunce.ba\/wp-content\/uploads\/2023\/04\/newpic16-18x12.jpg 18w\" sizes=\"(max-width: 1920px) 100vw, 1920px\" \/><\/div><div class=\"swiper-slide\"><img decoding=\"async\" width=\"1920\" height=\"1282\" src=\"https:\/\/vilasunce.ba\/wp-content\/uploads\/2023\/04\/newpic25.jpg\" class=\"attachment-full\" alt=\"\" title=\"newpic25\" srcset=\"https:\/\/vilasunce.ba\/wp-content\/uploads\/2023\/04\/newpic25.jpg 1920w, https:\/\/vilasunce.ba\/wp-content\/uploads\/2023\/04\/newpic25-300x200.jpg 300w, https:\/\/vilasunce.ba\/wp-content\/uploads\/2023\/04\/newpic25-1024x684.jpg 1024w, https:\/\/vilasunce.ba\/wp-content\/uploads\/2023\/04\/newpic25-768x513.jpg 768w, https:\/\/vilasunce.ba\/wp-content\/uploads\/2023\/04\/newpic25-1536x1026.jpg 1536w, https:\/\/vilasunce.ba\/wp-content\/uploads\/2023\/04\/newpic25-18x12.jpg 18w\" sizes=\"(max-width: 1920px) 100vw, 1920px\" \/><\/div><div class=\"swiper-slide\"><img decoding=\"async\" width=\"1920\" height=\"1280\" src=\"https:\/\/vilasunce.ba\/wp-content\/uploads\/2023\/03\/1649595695-profimedia-0132822505-scaled-1.jpg\" class=\"attachment-full\" alt=\"\" title=\"1649595695-profimedia-0132822505-scaled (1)\" srcset=\"https:\/\/vilasunce.ba\/wp-content\/uploads\/2023\/03\/1649595695-profimedia-0132822505-scaled-1.jpg 1920w, https:\/\/vilasunce.ba\/wp-content\/uploads\/2023\/03\/1649595695-profimedia-0132822505-scaled-1-300x200.jpg 300w, https:\/\/vilasunce.ba\/wp-content\/uploads\/2023\/03\/1649595695-profimedia-0132822505-scaled-1-1024x683.jpg 1024w, https:\/\/vilasunce.ba\/wp-content\/uploads\/2023\/03\/1649595695-profimedia-0132822505-scaled-1-768x512.jpg 768w, https:\/\/vilasunce.ba\/wp-content\/uploads\/2023\/03\/1649595695-profimedia-0132822505-scaled-1-1536x1024.jpg 1536w, https:\/\/vilasunce.ba\/wp-content\/uploads\/2023\/03\/1649595695-profimedia-0132822505-scaled-1-2048x1366.jpg 2048w\" sizes=\"(max-width: 1920px) 100vw, 1920px\" \/><\/div><div class=\"swiper-slide\"><img decoding=\"async\" width=\"1280\" height=\"960\" src=\"https:\/\/vilasunce.ba\/wp-content\/uploads\/2023\/04\/newpic27.jpg\" class=\"attachment-full\" alt=\"\" title=\"newpic27\" srcset=\"https:\/\/vilasunce.ba\/wp-content\/uploads\/2023\/04\/newpic27.jpg 1280w, https:\/\/vilasunce.ba\/wp-content\/uploads\/2023\/04\/newpic27-300x225.jpg 300w, https:\/\/vilasunce.ba\/wp-content\/uploads\/2023\/04\/newpic27-1024x768.jpg 1024w, https:\/\/vilasunce.ba\/wp-content\/uploads\/2023\/04\/newpic27-768x576.jpg 768w, https:\/\/vilasunce.ba\/wp-content\/uploads\/2023\/04\/newpic27-16x12.jpg 16w\" sizes=\"(max-width: 1280px) 100vw, 1280px\" \/><\/div>\n\t\t\t<\/div>\n\t\t<\/div>\n\t<\/div>\n\t<\/div><\/div><\/div><\/div><\/div><div class=\"vc_row wpb_row vc_row-fluid vc_custom_1578651080451 vc_row-has-fill vc_row-o-equal-height vc_row-o-content-middle vc_row-flex\"><div class=\"wpb_column vc_column_container vc_col-sm-8\"><div class=\"vc_column-inner\"><div class=\"wpb_wrapper\">\n\t<div class=\"title-subtitle-box\" style=\" text-align: right;\">\n\t\t<h3 style=\" font-weight: normal;\" class=\"special-title\" >Slobodno nas kontaktirajte ako imate jo\u0161 pitanja<\/h3>\n\t<\/div> <\/div><\/div><\/div><div class=\"wpb_column vc_column_container vc_col-sm-4\"><div class=\"vc_column-inner\"><div class=\"wpb_wrapper\">\n\t<div class=\"gg-special-button-wrapper  special-button-align-right special-button-style-btn-primary\"><a class=\"btn btn-primary\" href=\"https:\/\/vilasunce.ba\/bs\/contact\/\" title=\"Kontaktiraj nas\" target=\"_self\">Kontaktiraj nas<\/a><\/div><\/div><\/div><\/div><\/div>","protected":false},"excerpt":{"rendered":"Team building is an ongoing process that helps the work group develop into a cohesive unit vila sunceTeam building If you want to improve cooperation at work, develop team spirit, increase team efficiency, we will help you with that! Our team building programs will provide you with an unforgettable experience, something you will remember with<p class=\"more-link-wrapper\"><a class=\"btn btn-primary\" href=\"https:\/\/vilasunce.ba\/bs\/extra-activities\/teambuilding\/\">Read More<\/a><\/p>","protected":false},"author":1,"featured_media":4729,"parent":4470,"menu_order":0,"comment_status":"closed","ping_status":"closed","template":"","meta":{"footnotes":""},"class_list":["post-4225","page","type-page","status-publish","has-post-thumbnail","hentry","has_thumb"],"acf":[],"_links":{"self":[{"href":"https:\/\/vilasunce.ba\/bs\/wp-json\/wp\/v2\/pages\/4225","targetHints":{"allow":["GET"]}}],"collection":[{"href":"https:\/\/vilasunce.ba\/bs\/wp-json\/wp\/v2\/pages"}],"about":[{"href":"https:\/\/vilasunce.ba\/bs\/wp-json\/wp\/v2\/types\/page"}],"author":[{"embeddable":true,"href":"https:\/\/vilasunce.ba\/bs\/wp-json\/wp\/v2\/users\/1"}],"replies":[{"embeddable":true,"href":"https:\/\/vilasunce.ba\/bs\/wp-json\/wp\/v2\/comments?post=4225"}],"version-history":[{"count":0,"href":"https:\/\/vilasunce.ba\/bs\/wp-json\/wp\/v2\/pages\/4225\/revisions"}],"up":[{"embeddable":true,"href":"https:\/\/vilasunce.ba\/bs\/wp-json\/wp\/v2\/pages\/4470"}],"wp:featuredmedia":[{"embeddable":true,"href":"https:\/\/vilasunce.ba\/bs\/wp-json\/wp\/v2\/media\/4729"}],"wp:attachment":[{"href":"https:\/\/vilasunce.ba\/bs\/wp-json\/wp\/v2\/media?parent=4225"}],"curies":[{"name":"wp","href":"https:\/\/api.w.org\/{rel}","templated":true}]}}