{"id":4470,"date":"2023-04-06T06:40:27","date_gmt":"2023-04-06T06:40:27","guid":{"rendered":"https:\/\/vilasunce.ba\/?page_id=4470"},"modified":"2023-04-24T20:03:16","modified_gmt":"2023-04-24T20:03:16","slug":"extra-activities","status":"publish","type":"page","link":"https:\/\/vilasunce.ba\/bs\/extra-activities\/","title":{"rendered":"Dodatne aktivnosti"},"content":{"rendered":"<div class=\"vc_row wpb_row vc_row-fluid vc_custom_1579617851547\"><div class=\"wpb_column vc_column_container vc_col-sm-12\"><div class=\"vc_column-inner\"><div class=\"wpb_wrapper\">\n\t<blockquote  class=\"gg-vc-quote  remove_blockquotes font_size_large text-align-center vc_custom_1679852532599\">\n\tBilo da \u0107e va\u0161 odmor biti aktivan ili pasivan, iskoristite ga u netaknutoj prirodi Bora\u010dkog jezera.\n\t<\/blockquote><\/div><\/div><\/div><\/div><div class=\"vc_row wpb_row vc_row-fluid ponuda vc_custom_1680802960866\"><div class=\"wpb_column vc_column_container vc_col-sm-12\"><div class=\"vc_column-inner\"><div class=\"wpb_wrapper\"><div class=\"vc_row wpb_row vc_inner vc_row-fluid vc_hidden-xs\"><div class=\"wpb_column vc_column_container vc_col-sm-12\"><div class=\"vc_column-inner vc_custom_1680803091129\"><div class=\"wpb_wrapper\">\n<div class=\"vc_grid-container-wrapper vc_clearfix vc_grid-animation-fadeIn\">\n\t<div class=\"vc_grid-container vc_clearfix wpb_content_element vc_basic_grid ponuda10\" data-initial-loading-animation=\"fadeIn\" data-vc-grid-settings=\"{&quot;page_id&quot;:4470,&quot;style&quot;:&quot;all&quot;,&quot;action&quot;:&quot;vc_get_vc_grid_data&quot;,&quot;shortcode_id&quot;:&quot;1680804564481-49936ea3-3456-9&quot;,&quot;tag&quot;:&quot;vc_basic_grid&quot;}\" data-vc-request=\"https:\/\/vilasunce.ba\/wp-admin\/admin-ajax.php\" data-vc-post-id=\"4470\" data-vc-public-nonce=\"dd84645957\">\n\t\t<style data-type=\"vc_shortcodes-custom-css\">.vc_custom_1419329081651{background-color: #2b2b2b !important;}<\/style><div class=\"vc_grid vc_row vc_grid-gutter-30px vc_pageable-wrapper vc_hook_hover\" data-vc-pageable-content=\"true\"><div class=\"vc_pageable-slide-wrapper vc_clearfix\" data-vc-grid-content=\"true\"><div class=\"vc_grid-item vc_clearfix vc_col-sm-4\"><div class=\"vc_grid-item-mini vc_clearfix\"><div class=\"vc_gitem-animated-block  vc_gitem-animate vc_gitem-animate-goTop20\"  data-vc-animation=\"goTop20\"><div class=\"vc_gitem-zone vc_gitem-zone-a vc_gitem-is-link\" style=\"background-image: url('https:\/\/vilasunce.ba\/wp-content\/uploads\/2023\/04\/newpic2-1024x682.jpg') !important;\"><a href=\"https:\/\/vilasunce.ba\/bs\/extra-activities\/outdoor-pool\/\" title=\"Vanjski bazen\" class=\"vc_gitem-link vc-zone-link\" ><\/a><img decoding=\"async\" src=\"https:\/\/vilasunce.ba\/wp-content\/uploads\/2023\/04\/newpic2-1024x682.jpg\" class=\"vc_gitem-zone-img\" alt=\"Outdoor pool\"><div class=\"vc_gitem-zone-mini\"><\/div><\/div><div class=\"vc_gitem-zone vc_gitem-zone-b vc-gitem-zone-height-mode-auto vc_gitem-is-link\"><a href=\"https:\/\/vilasunce.ba\/bs\/extra-activities\/outdoor-pool\/\" title=\"Vanjski bazen\" class=\"vc_gitem-link vc-zone-link\" ><\/a><div class=\"vc_gitem-zone-mini\"><div class=\"vc_gitem_row vc_row vc_gitem-row-position-bottom\"><div class=\"vc_col-sm-12 vc_gitem-col vc_gitem-col-align- vc_custom_1419329081651\"><div class=\"vc_custom_heading vc_gitem-post-data vc_gitem-post-data-source-post_title\" ><div style=\"font-size: 20px;color: #ffffff;line-height: 1.3;text-align: left;font-family:Roboto;font-weight:500;font-style:normal\" >Vanjski bazen<\/div><\/div><div class=\"vc_custom_heading vc_gitem-post-data vc_gitem-post-data-source-post_excerpt\" ><div style=\"font-size: 14px;color: #efefef;line-height: 1.2;text-align: left;font-family:Roboto;font-weight:400;font-style:normal\" >For unforgettable moments with an enchanting view of untouched nature vila sunceOutdoor pool An outdoor resort swimming pool is a luxurious and refreshing addition to any vacation. Surrounded by lush greenery and comfortable loungers, it offers a perfect spot to unwind and soak up the sun. The pool water is often kept at a comfortable<p class=\"more-link-wrapper\"><a class=\"btn btn-primary\" href=\"https:\/\/vilasunce.ba\/bs\/extra-activities\/outdoor-pool\/\">Read More<\/a><\/p><\/div><\/div><\/div><\/div><\/div><\/div><\/div><\/div><div class=\"vc_clearfix\"><\/div><\/div><div class=\"vc_grid-item vc_clearfix vc_col-sm-4\"><div class=\"vc_grid-item-mini vc_clearfix\"><div class=\"vc_gitem-animated-block  vc_gitem-animate vc_gitem-animate-goTop20\"  data-vc-animation=\"goTop20\"><div class=\"vc_gitem-zone vc_gitem-zone-a vc_gitem-is-link\" style=\"background-image: url('https:\/\/vilasunce.ba\/wp-content\/uploads\/2023\/03\/1649595695-profimedia-0132822505-scaled-1-1024x683.jpg') !important;\"><a href=\"https:\/\/vilasunce.ba\/bs\/extra-activities\/titos-bunker\/\" title=\"Tito&#8217;s Bunker\" class=\"vc_gitem-link vc-zone-link\" ><\/a><img decoding=\"async\" src=\"https:\/\/vilasunce.ba\/wp-content\/uploads\/2023\/03\/1649595695-profimedia-0132822505-scaled-1-1024x683.jpg\" class=\"vc_gitem-zone-img\" alt=\"Tito's Bunker\"><div class=\"vc_gitem-zone-mini\"><\/div><\/div><div class=\"vc_gitem-zone vc_gitem-zone-b vc-gitem-zone-height-mode-auto vc_gitem-is-link\"><a href=\"https:\/\/vilasunce.ba\/bs\/extra-activities\/titos-bunker\/\" title=\"Tito&#8217;s Bunker\" class=\"vc_gitem-link vc-zone-link\" ><\/a><div class=\"vc_gitem-zone-mini\"><div class=\"vc_gitem_row vc_row vc_gitem-row-position-bottom\"><div class=\"vc_col-sm-12 vc_gitem-col vc_gitem-col-align- vc_custom_1419329081651\"><div class=\"vc_custom_heading vc_gitem-post-data vc_gitem-post-data-source-post_title\" ><div style=\"font-size: 20px;color: #ffffff;line-height: 1.3;text-align: left;font-family:Roboto;font-weight:500;font-style:normal\" >Titov bunker<\/div><\/div><div class=\"vc_custom_heading vc_gitem-post-data vc_gitem-post-data-source-post_excerpt\" ><div style=\"font-size: 14px;color: #efefef;line-height: 1.2;text-align: left;font-family:Roboto;font-weight:400;font-style:normal\" >It is one of the biggest military secrets of the former Yugoslavia vila sunceTito's Bunker Tito's bunker in Konjic was a well-kept secret for years. It was built in secret from 1953 to 1979, under the name DO ARK, to shelter Tito and his 350 closest associates in the event of an atomic disaster. This<p class=\"more-link-wrapper\"><a class=\"btn btn-primary\" href=\"https:\/\/vilasunce.ba\/bs\/extra-activities\/titos-bunker\/\">Read More<\/a><\/p><\/div><\/div><\/div><\/div><\/div><\/div><\/div><\/div><div class=\"vc_clearfix\"><\/div><\/div><div class=\"vc_grid-item vc_clearfix vc_col-sm-4\"><div class=\"vc_grid-item-mini vc_clearfix\"><div class=\"vc_gitem-animated-block  vc_gitem-animate vc_gitem-animate-goTop20\"  data-vc-animation=\"goTop20\"><div class=\"vc_gitem-zone vc_gitem-zone-a vc_gitem-is-link\" style=\"background-image: url('https:\/\/vilasunce.ba\/wp-content\/uploads\/2023\/04\/newpic25-1024x684.jpg') !important;\"><a href=\"https:\/\/vilasunce.ba\/bs\/extra-activities\/teambuilding\/\" title=\"Team building\" class=\"vc_gitem-link vc-zone-link\" ><\/a><img decoding=\"async\" src=\"https:\/\/vilasunce.ba\/wp-content\/uploads\/2023\/04\/newpic25-1024x684.jpg\" class=\"vc_gitem-zone-img\" alt=\"Team building\"><div class=\"vc_gitem-zone-mini\"><\/div><\/div><div class=\"vc_gitem-zone vc_gitem-zone-b vc-gitem-zone-height-mode-auto vc_gitem-is-link\"><a href=\"https:\/\/vilasunce.ba\/bs\/extra-activities\/teambuilding\/\" title=\"Team building\" class=\"vc_gitem-link vc-zone-link\" ><\/a><div class=\"vc_gitem-zone-mini\"><div class=\"vc_gitem_row vc_row vc_gitem-row-position-bottom\"><div class=\"vc_col-sm-12 vc_gitem-col vc_gitem-col-align- vc_custom_1419329081651\"><div class=\"vc_custom_heading vc_gitem-post-data vc_gitem-post-data-source-post_title\" ><div style=\"font-size: 20px;color: #ffffff;line-height: 1.3;text-align: left;font-family:Roboto;font-weight:500;font-style:normal\" >Team building<\/div><\/div><div class=\"vc_custom_heading vc_gitem-post-data vc_gitem-post-data-source-post_excerpt\" ><div style=\"font-size: 14px;color: #efefef;line-height: 1.2;text-align: left;font-family:Roboto;font-weight:400;font-style:normal\" >Team building is an ongoing process that helps the work group develop into a cohesive unit vila sunceTeam building If you want to improve cooperation at work, develop team spirit, increase team efficiency, we will help you with that! Our team building programs will provide you with an unforgettable experience, something you will remember with<p class=\"more-link-wrapper\"><a class=\"btn btn-primary\" href=\"https:\/\/vilasunce.ba\/bs\/extra-activities\/teambuilding\/\">Read More<\/a><\/p><\/div><\/div><\/div><\/div><\/div><\/div><\/div><\/div><div class=\"vc_clearfix\"><\/div><\/div><div class=\"vc_grid-item vc_clearfix vc_col-sm-4\"><div class=\"vc_grid-item-mini vc_clearfix\"><div class=\"vc_gitem-animated-block  vc_gitem-animate vc_gitem-animate-goTop20\"  data-vc-animation=\"goTop20\"><div class=\"vc_gitem-zone vc_gitem-zone-a vc_gitem-is-link\" style=\"background-image: url('https:\/\/vilasunce.ba\/wp-content\/uploads\/2023\/04\/newpic6-1024x683.jpg') !important;\"><a href=\"https:\/\/vilasunce.ba\/bs\/extra-activities\/e-mountain-biking\/\" title=\"E-mountain biking\" class=\"vc_gitem-link vc-zone-link\" ><\/a><img decoding=\"async\" src=\"https:\/\/vilasunce.ba\/wp-content\/uploads\/2023\/04\/newpic6-1024x683.jpg\" class=\"vc_gitem-zone-img\" alt=\"E-mountain biking\"><div class=\"vc_gitem-zone-mini\"><\/div><\/div><div class=\"vc_gitem-zone vc_gitem-zone-b vc-gitem-zone-height-mode-auto vc_gitem-is-link\"><a href=\"https:\/\/vilasunce.ba\/bs\/extra-activities\/e-mountain-biking\/\" title=\"E-mountain biking\" class=\"vc_gitem-link vc-zone-link\" ><\/a><div class=\"vc_gitem-zone-mini\"><div class=\"vc_gitem_row vc_row vc_gitem-row-position-bottom\"><div class=\"vc_col-sm-12 vc_gitem-col vc_gitem-col-align- vc_custom_1419329081651\"><div class=\"vc_custom_heading vc_gitem-post-data vc_gitem-post-data-source-post_title\" ><div style=\"font-size: 20px;color: #ffffff;line-height: 1.3;text-align: left;font-family:Roboto;font-weight:500;font-style:normal\" >E-mountain biking<\/div><\/div><div class=\"vc_custom_heading vc_gitem-post-data vc_gitem-post-data-source-post_excerpt\" ><div style=\"font-size: 14px;color: #efefef;line-height: 1.2;text-align: left;font-family:Roboto;font-weight:400;font-style:normal\" >Mountain biking is extremely fun and full of adrenaline vila sunceMountain biking Mountain biking is riding with a specially designed bike (mountain bike) suitable for mountain and forest paths, as well as urban areas. The popularity of this relatively young branch of cycling, both recreationally and competitively, is constantly increasing. Basic equipment consists of: mountain<p class=\"more-link-wrapper\"><a class=\"btn btn-primary\" href=\"https:\/\/vilasunce.ba\/bs\/extra-activities\/e-mountain-biking\/\">Read More<\/a><\/p><\/div><\/div><\/div><\/div><\/div><\/div><\/div><\/div><div class=\"vc_clearfix\"><\/div><\/div><div class=\"vc_grid-item vc_clearfix vc_col-sm-4\"><div class=\"vc_grid-item-mini vc_clearfix\"><div class=\"vc_gitem-animated-block  vc_gitem-animate vc_gitem-animate-goTop20\"  data-vc-animation=\"goTop20\"><div class=\"vc_gitem-zone vc_gitem-zone-a vc_gitem-is-link\" style=\"background-image: url('https:\/\/vilasunce.ba\/wp-content\/uploads\/2023\/04\/newpic17-1024x683.jpg') !important;\"><a href=\"https:\/\/vilasunce.ba\/bs\/extra-activities\/fishing\/\" title=\"Ribolov\" class=\"vc_gitem-link vc-zone-link\" ><\/a><img decoding=\"async\" src=\"https:\/\/vilasunce.ba\/wp-content\/uploads\/2023\/04\/newpic17-1024x683.jpg\" class=\"vc_gitem-zone-img\" alt=\"Fishing\"><div class=\"vc_gitem-zone-mini\"><\/div><\/div><div class=\"vc_gitem-zone vc_gitem-zone-b vc-gitem-zone-height-mode-auto vc_gitem-is-link\"><a href=\"https:\/\/vilasunce.ba\/bs\/extra-activities\/fishing\/\" title=\"Ribolov\" class=\"vc_gitem-link vc-zone-link\" ><\/a><div class=\"vc_gitem-zone-mini\"><div class=\"vc_gitem_row vc_row vc_gitem-row-position-bottom\"><div class=\"vc_col-sm-12 vc_gitem-col vc_gitem-col-align- vc_custom_1419329081651\"><div class=\"vc_custom_heading vc_gitem-post-data vc_gitem-post-data-source-post_title\" ><div style=\"font-size: 20px;color: #ffffff;line-height: 1.3;text-align: left;font-family:Roboto;font-weight:500;font-style:normal\" >Ribolov<\/div><\/div><div class=\"vc_custom_heading vc_gitem-post-data vc_gitem-post-data-source-post_excerpt\" ><div style=\"font-size: 14px;color: #efefef;line-height: 1.2;text-align: left;font-family:Roboto;font-weight:400;font-style:normal\" >Different fishing techniques can be used on the lake itself vila sunceFishing Vila Sunce is an excellent choice for all fishing enthusiasts. The close proximity of Lake Bora\u010dki Jezera, Neretva, Rakitnica and the central position of the Villa in relation to these locations will provide you with an excellent choice for fishing in all weather<p class=\"more-link-wrapper\"><a class=\"btn btn-primary\" href=\"https:\/\/vilasunce.ba\/bs\/extra-activities\/fishing\/\">Read More<\/a><\/p><\/div><\/div><\/div><\/div><\/div><\/div><\/div><\/div><div class=\"vc_clearfix\"><\/div><\/div><div class=\"vc_grid-item vc_clearfix vc_col-sm-4\"><div class=\"vc_grid-item-mini vc_clearfix\"><div class=\"vc_gitem-animated-block  vc_gitem-animate vc_gitem-animate-goTop20\"  data-vc-animation=\"goTop20\"><div class=\"vc_gitem-zone vc_gitem-zone-a vc_gitem-is-link\" style=\"background-image: url('https:\/\/vilasunce.ba\/wp-content\/uploads\/2023\/04\/newpic27-1024x768.jpg') !important;\"><a href=\"https:\/\/vilasunce.ba\/bs\/extra-activities\/canyoning\/\" title=\"Kanjoning\" class=\"vc_gitem-link vc-zone-link\" ><\/a><img decoding=\"async\" src=\"https:\/\/vilasunce.ba\/wp-content\/uploads\/2023\/04\/newpic27-1024x768.jpg\" class=\"vc_gitem-zone-img\" alt=\"Canyoning\"><div class=\"vc_gitem-zone-mini\"><\/div><\/div><div class=\"vc_gitem-zone vc_gitem-zone-b vc-gitem-zone-height-mode-auto vc_gitem-is-link\"><a href=\"https:\/\/vilasunce.ba\/bs\/extra-activities\/canyoning\/\" title=\"Kanjoning\" class=\"vc_gitem-link vc-zone-link\" ><\/a><div class=\"vc_gitem-zone-mini\"><div class=\"vc_gitem_row vc_row vc_gitem-row-position-bottom\"><div class=\"vc_col-sm-12 vc_gitem-col vc_gitem-col-align- vc_custom_1419329081651\"><div class=\"vc_custom_heading vc_gitem-post-data vc_gitem-post-data-source-post_title\" ><div style=\"font-size: 20px;color: #ffffff;line-height: 1.3;text-align: left;font-family:Roboto;font-weight:500;font-style:normal\" >Kanjoning<\/div><\/div><div class=\"vc_custom_heading vc_gitem-post-data vc_gitem-post-data-source-post_excerpt\" ><div style=\"font-size: 14px;color: #efefef;line-height: 1.2;text-align: left;font-family:Roboto;font-weight:400;font-style:normal\" >Due to its inaccessibility, Rakitnica Canyon is a true miracle of untouched and unexplored nature vila sunceRakitnica Canyon This time we are taking you to the most beautiful and one of the deepest canyons in Europe. Of course, we are talking about the Rakitnica canyon, which this \u201criver\u201d has been carving for thousands of years.<p class=\"more-link-wrapper\"><a class=\"btn btn-primary\" href=\"https:\/\/vilasunce.ba\/bs\/extra-activities\/canyoning\/\">Read More<\/a><\/p><\/div><\/div><\/div><\/div><\/div><\/div><\/div><\/div><div class=\"vc_clearfix\"><\/div><\/div><div class=\"vc_grid-item vc_clearfix vc_col-sm-4\"><div class=\"vc_grid-item-mini vc_clearfix\"><div class=\"vc_gitem-animated-block  vc_gitem-animate vc_gitem-animate-goTop20\"  data-vc-animation=\"goTop20\"><div class=\"vc_gitem-zone vc_gitem-zone-a vc_gitem-is-link\" style=\"background-image: url('https:\/\/vilasunce.ba\/wp-content\/uploads\/2023\/04\/newpic14-1024x683.jpg') !important;\"><a href=\"https:\/\/vilasunce.ba\/bs\/extra-activities\/mountain-prenj\/\" title=\"Planina Prenj\" class=\"vc_gitem-link vc-zone-link\" ><\/a><img decoding=\"async\" src=\"https:\/\/vilasunce.ba\/wp-content\/uploads\/2023\/04\/newpic14-1024x683.jpg\" class=\"vc_gitem-zone-img\" alt=\"Mountain Prenj\"><div class=\"vc_gitem-zone-mini\"><\/div><\/div><div class=\"vc_gitem-zone vc_gitem-zone-b vc-gitem-zone-height-mode-auto vc_gitem-is-link\"><a href=\"https:\/\/vilasunce.ba\/bs\/extra-activities\/mountain-prenj\/\" title=\"Planina Prenj\" class=\"vc_gitem-link vc-zone-link\" ><\/a><div class=\"vc_gitem-zone-mini\"><div class=\"vc_gitem_row vc_row vc_gitem-row-position-bottom\"><div class=\"vc_col-sm-12 vc_gitem-col vc_gitem-col-align- vc_custom_1419329081651\"><div class=\"vc_custom_heading vc_gitem-post-data vc_gitem-post-data-source-post_title\" ><div style=\"font-size: 20px;color: #ffffff;line-height: 1.3;text-align: left;font-family:Roboto;font-weight:500;font-style:normal\" >Planina Prenj<\/div><\/div><div class=\"vc_custom_heading vc_gitem-post-data vc_gitem-post-data-source-post_excerpt\" ><div style=\"font-size: 14px;color: #efefef;line-height: 1.2;text-align: left;font-family:Roboto;font-weight:400;font-style:normal\" >Most mountaineers will agree that Prenj is the most beautiful and luxurious mountain in Bosnia and Herzegovina vila sunceMountain Prenj Bora\u010dko Jezero is located under the Prenja massif, the mountain that turned the Neretva towards the south, the mountain that stops the Mediterranean climate from the south - the mountain that has a lot of<p class=\"more-link-wrapper\"><a class=\"btn btn-primary\" href=\"https:\/\/vilasunce.ba\/bs\/extra-activities\/mountain-prenj\/\">Read More<\/a><\/p><\/div><\/div><\/div><\/div><\/div><\/div><\/div><\/div><div class=\"vc_clearfix\"><\/div><\/div><div class=\"vc_grid-item vc_clearfix vc_col-sm-4\"><div class=\"vc_grid-item-mini vc_clearfix\"><div class=\"vc_gitem-animated-block  vc_gitem-animate vc_gitem-animate-goTop20\"  data-vc-animation=\"goTop20\"><div class=\"vc_gitem-zone vc_gitem-zone-a vc_gitem-is-link\" style=\"background-image: url('https:\/\/vilasunce.ba\/wp-content\/uploads\/2023\/04\/newpic5-1024x683.jpg') !important;\"><a href=\"https:\/\/vilasunce.ba\/bs\/extra-activities\/rafting-on-the-neretva-river\/\" title=\"Rafting na Neretvi\" class=\"vc_gitem-link vc-zone-link\" ><\/a><img decoding=\"async\" src=\"https:\/\/vilasunce.ba\/wp-content\/uploads\/2023\/04\/newpic5-1024x683.jpg\" class=\"vc_gitem-zone-img\" alt=\"Rafting on the Neretva River\"><div class=\"vc_gitem-zone-mini\"><\/div><\/div><div class=\"vc_gitem-zone vc_gitem-zone-b vc-gitem-zone-height-mode-auto vc_gitem-is-link\"><a href=\"https:\/\/vilasunce.ba\/bs\/extra-activities\/rafting-on-the-neretva-river\/\" title=\"Rafting na Neretvi\" class=\"vc_gitem-link vc-zone-link\" ><\/a><div class=\"vc_gitem-zone-mini\"><div class=\"vc_gitem_row vc_row vc_gitem-row-position-bottom\"><div class=\"vc_col-sm-12 vc_gitem-col vc_gitem-col-align- vc_custom_1419329081651\"><div class=\"vc_custom_heading vc_gitem-post-data vc_gitem-post-data-source-post_title\" ><div style=\"font-size: 20px;color: #ffffff;line-height: 1.3;text-align: left;font-family:Roboto;font-weight:500;font-style:normal\" >Rafting na Neretvi<\/div><\/div><div class=\"vc_custom_heading vc_gitem-post-data vc_gitem-post-data-source-post_excerpt\" ><div style=\"font-size: 14px;color: #efefef;line-height: 1.2;text-align: left;font-family:Roboto;font-weight:400;font-style:normal\" >Spend the whole day in an unforgettable rafting experience on the Neretva River vila sunceRafting on the Neretva River Rafting is the name for going down wild rivers in rubber boats called rafts. The length of the rafts we use is 4.20 m, they are made of special material and consist of 7 separate chambers,<p class=\"more-link-wrapper\"><a class=\"btn btn-primary\" href=\"https:\/\/vilasunce.ba\/bs\/extra-activities\/rafting-on-the-neretva-river\/\">Read More<\/a><\/p><\/div><\/div><\/div><\/div><\/div><\/div><\/div><\/div><div class=\"vc_clearfix\"><\/div><\/div><div class=\"vc_grid-item vc_clearfix vc_col-sm-4\"><div class=\"vc_grid-item-mini vc_clearfix\"><div class=\"vc_gitem-animated-block  vc_gitem-animate vc_gitem-animate-goTop20\"  data-vc-animation=\"goTop20\"><div class=\"vc_gitem-zone vc_gitem-zone-a vc_gitem-is-link\" style=\"background-image: url('https:\/\/vilasunce.ba\/wp-content\/uploads\/2023\/04\/newpic35-1024x678.jpg') !important;\"><a href=\"https:\/\/vilasunce.ba\/bs\/extra-activities\/quads\/\" title=\"Quads\" class=\"vc_gitem-link vc-zone-link\" ><\/a><img decoding=\"async\" src=\"https:\/\/vilasunce.ba\/wp-content\/uploads\/2023\/04\/newpic35-1024x678.jpg\" class=\"vc_gitem-zone-img\" alt=\"Quads\"><div class=\"vc_gitem-zone-mini\"><\/div><\/div><div class=\"vc_gitem-zone vc_gitem-zone-b vc-gitem-zone-height-mode-auto vc_gitem-is-link\"><a href=\"https:\/\/vilasunce.ba\/bs\/extra-activities\/quads\/\" title=\"Quads\" class=\"vc_gitem-link vc-zone-link\" ><\/a><div class=\"vc_gitem-zone-mini\"><div class=\"vc_gitem_row vc_row vc_gitem-row-position-bottom\"><div class=\"vc_col-sm-12 vc_gitem-col vc_gitem-col-align- vc_custom_1419329081651\"><div class=\"vc_custom_heading vc_gitem-post-data vc_gitem-post-data-source-post_title\" ><div style=\"font-size: 20px;color: #ffffff;line-height: 1.3;text-align: left;font-family:Roboto;font-weight:500;font-style:normal\" >Quads<\/div><\/div><div class=\"vc_custom_heading vc_gitem-post-data vc_gitem-post-data-source-post_excerpt\" ><div style=\"font-size: 14px;color: #efefef;line-height: 1.2;text-align: left;font-family:Roboto;font-weight:400;font-style:normal\" >Driving quads in mountains can be a thrilling and adventurous experience for those seeking an adrenaline rush vila sunceATV Quads Driving ATV quads in the mountains can be an exhilarating experience for adventure seekers. The rugged terrain, steep inclines, and breathtaking views of nature offer a thrilling ride that's hard to beat. However, it's important<p class=\"more-link-wrapper\"><a class=\"btn btn-primary\" href=\"https:\/\/vilasunce.ba\/bs\/extra-activities\/quads\/\">Read More<\/a><\/p><\/div><\/div><\/div><\/div><\/div><\/div><\/div><\/div><div class=\"vc_clearfix\"><\/div><\/div><\/div><\/div>\n\t<\/div>\n<\/div><\/div><\/div><\/div><\/div><div class=\"vc_row wpb_row vc_inner vc_row-fluid vc_hidden-lg vc_hidden-md vc_hidden-sm ponuda1 vc_custom_1680804578934\"><div class=\"wpb_column vc_column_container vc_col-sm-12\"><div class=\"vc_column-inner vc_custom_1680803550654\"><div class=\"wpb_wrapper\">\n\t<div class=\"values-grid-wrapper  columns-3 wow\">\n\t<div class=\"values-grid-bg\"><\/div>\n\t<div class=\"values-grid-content\">\n\t<div class=\"col-1\"><h3><span class=\"toptitle\">Vila sunce<\/span> Ponuda<\/h3>\n\t<\/div>\n\t<div class=\"col-2\">\n\t<\/div>\n\t<div class=\"values-grid-area\"><ul class=\"values-grid\"><li data-bg=\"https:\/\/vilasunce.ba\/wp-content\/uploads\/2023\/03\/11230520-lake-in-bosnia-and-herzegovina.jpg\"><h4>Bora\u010dko jezero<\/h4><div class=\"description\"><a href=\"#\">read more<\/a><\/div><\/li><li data-bg=\"https:\/\/vilasunce.ba\/wp-content\/uploads\/2023\/03\/rafting-neretva-1280x853-1.jpg\"><h4>Rafting na Neretvi<\/h4><div class=\"description\"><a href=\"#\">read more<\/a><\/div><\/li><li data-bg=\"https:\/\/vilasunce.ba\/wp-content\/uploads\/2023\/03\/IMG_82066.jpg\"><h4>Planinarenje<\/h4><div class=\"description\"><a href=\"#\">read more<\/a><\/div><\/li><li data-bg=\"https:\/\/vilasunce.ba\/wp-content\/uploads\/2023\/03\/piscine-en-pleine-nature-1.jpg\"><h4>Kanjoning<\/h4><div class=\"description\"><a href=\"#\">read more<\/a><\/div><\/li><li data-bg=\"https:\/\/vilasunce.ba\/wp-content\/uploads\/2023\/03\/Boracko-6-min-860x500-1.jpg\"><h4>Ribolov<\/h4><div class=\"description\"><a href=\"#\">read more<\/a><\/div><\/li><li data-bg=\"https:\/\/vilasunce.ba\/wp-content\/uploads\/2023\/03\/1Image_Bike_POS_2020_801.jpg\"><h4>Biciklizam<\/h4><div class=\"description\"><a href=\"#\">read more<\/a><\/div><\/li><li data-bg=\"https:\/\/vilasunce.ba\/wp-content\/uploads\/2023\/03\/Team-Building-860x500-1.jpg\"><h4>Teambuilding<\/h4><div class=\"description\"><a href=\"#\">read more<\/a><\/div><\/li><li data-bg=\"https:\/\/vilasunce.ba\/wp-content\/uploads\/2023\/03\/1649595695-profimedia-0132822505-scaled-1.jpg\"><h4>Titov bunker<\/h4><div class=\"description\"><a href=\"#\">read more<\/a><\/div><\/li><li data-bg=\"https:\/\/vilasunce.ba\/wp-content\/uploads\/2023\/03\/IMG_5844-860x500-1.jpg\"><h4>Vanjski bazen<\/h4><div class=\"description\"><a href=\"#\">read more<\/a><\/div><\/li><\/ul>\n\t<\/div>\n\t<\/div>\n\t<\/div><\/div><\/div><\/div><\/div><\/div><\/div><\/div><\/div>","protected":false},"excerpt":{"rendered":"Whether your vacation will be active or passive, make the most of it in the pristine nature of Boracko Lake. Outdoor poolFor unforgettable moments with an enchanting view of untouched nature vila sunceOutdoor pool An outdoor resort swimming pool is a luxurious and refreshing addition to any vacation. Surrounded by lush greenery and comfortable loungers,<p class=\"more-link-wrapper\"><a class=\"btn btn-primary\" href=\"https:\/\/vilasunce.ba\/bs\/extra-activities\/\">Read More<\/a><\/p>","protected":false},"author":1,"featured_media":4702,"parent":0,"menu_order":0,"comment_status":"closed","ping_status":"closed","template":"","meta":{"footnotes":""},"class_list":["post-4470","page","type-page","status-publish","has-post-thumbnail","hentry","has_thumb"],"acf":[],"_links":{"self":[{"href":"https:\/\/vilasunce.ba\/bs\/wp-json\/wp\/v2\/pages\/4470","targetHints":{"allow":["GET"]}}],"collection":[{"href":"https:\/\/vilasunce.ba\/bs\/wp-json\/wp\/v2\/pages"}],"about":[{"href":"https:\/\/vilasunce.ba\/bs\/wp-json\/wp\/v2\/types\/page"}],"author":[{"embeddable":true,"href":"https:\/\/vilasunce.ba\/bs\/wp-json\/wp\/v2\/users\/1"}],"replies":[{"embeddable":true,"href":"https:\/\/vilasunce.ba\/bs\/wp-json\/wp\/v2\/comments?post=4470"}],"version-history":[{"count":0,"href":"https:\/\/vilasunce.ba\/bs\/wp-json\/wp\/v2\/pages\/4470\/revisions"}],"wp:featuredmedia":[{"embeddable":true,"href":"https:\/\/vilasunce.ba\/bs\/wp-json\/wp\/v2\/media\/4702"}],"wp:attachment":[{"href":"https:\/\/vilasunce.ba\/bs\/wp-json\/wp\/v2\/media?parent=4470"}],"curies":[{"name":"wp","href":"https:\/\/api.w.org\/{rel}","templated":true}]}}