{"id":3045,"date":"2019-02-04T12:17:38","date_gmt":"2019-02-04T12:17:38","guid":{"rendered":"http:\/\/localhost\/tracian\/?post_type=product&#038;p=3045"},"modified":"2024-07-11T09:49:25","modified_gmt":"2024-07-11T09:49:25","slug":"family-room","status":"publish","type":"product","link":"https:\/\/vilasunce.ba\/bs\/rooms\/family-room\/","title":{"rendered":"Family room"},"content":{"rendered":"<div class=\"vc_row wpb_row vc_row-fluid vc_custom_1680509553361 vc_row-o-equal-height vc_row-flex\"><div class=\"wpb_column vc_column_container vc_col-sm-6 vc_col-has-fill\"><div class=\"vc_column-inner vc_custom_1579167622255\"><div class=\"wpb_wrapper\">\n\t<div class=\"title-subtitle-box  vc_custom_1680981234062\" style=\" text-align: left;\">\n\t\t<h1 style=\" font-weight: normal;\" class=\"special-title\" >\n\t\t<span class=\"toptitle\" style=\"\">vila sunce<\/span>Sadr\u017eaji<\/h1>\n\t<\/div> \n\t<div class=\"gg-infobox  text-align-left\" >\n\t\t<div class=\"infobox-title\" >Palate<\/div>\n\t\t<span class=\"gg-horizontal-line\" ><\/span>\n\t\t<div class=\"infobox-description\" ><p>Lorem ipsum dolor sit amet, consectetur adipiscing elit. Ut non nisi in velit eleifend porta. In varius rutrum nisi id tincidunt.<\/p>\n<\/div>\n\t<\/div> <\/div><\/div><\/div><div class=\"vc_hidden-xs reveal-effect masker wow wpb_column vc_column_container vc_col-sm-6 vc_col-has-fill\"><div class=\"vc_column-inner vc_custom_1680509629164\"><div class=\"wpb_wrapper\"><div class=\"vc_empty_space\"   style=\"height: 500px\"><span class=\"vc_empty_space_inner\"><\/span><\/div><\/div><\/div><\/div><\/div><div class=\"vc_row wpb_row vc_row-fluid vc_custom_1680467241830\"><div class=\"wpb_column vc_column_container vc_col-sm-12\"><div class=\"vc_column-inner\"><div class=\"wpb_wrapper\">\n\t<div class=\"title-subtitle-box\" style=\" text-align: center;\">\n\t\t<h1 style=\" font-weight: normal;\" class=\"special-title\" >\n\t\t<span class=\"toptitle\" style=\"\">vila sunce<\/span>Sli\u010dne sobe<\/h1>\n\t<\/div> <\/div><\/div><\/div><\/div><div class=\"vc_row wpb_row vc_row-fluid vc_hidden-xs zindex\"><div class=\"wpb_column vc_column_container vc_col-sm-6\"><div class=\"vc_column-inner\"><div class=\"wpb_wrapper\">\n\t<div class=\"featured-image-box   text-align-center overlay_style_1\">\n\t\t<figure class=\"\">\n\t\t\t<div class=\"image-wrapper\">\n\t\t\t<img decoding=\"async\" width=\"1000\" height=\"671\" src=\"https:\/\/vilasunce.ba\/wp-content\/uploads\/2023\/03\/room1-1.jpg\" class=\"vc_single_image-img attachment-full\" alt=\"\" title=\"room1-1\" srcset=\"https:\/\/vilasunce.ba\/wp-content\/uploads\/2023\/03\/room1-1.jpg 1000w, https:\/\/vilasunce.ba\/wp-content\/uploads\/2023\/03\/room1-1-300x201.jpg 300w, https:\/\/vilasunce.ba\/wp-content\/uploads\/2023\/03\/room1-1-768x515.jpg 768w\" sizes=\"(max-width: 1000px) 100vw, 1000px\" \/>\n\t\t\t<\/div>\n\t\t<figcaption>\n\t\t\t<h4><span>KM200.00\/NO\u0106<\/span> Dvokrevetna soba<\/h4>\n\t\t\t<p>VILA SUNCE<\/p>\n\t\t\t<a class=\"btn btn-primary\" href=\"https:\/\/vilasunce.ba\/bs\/rooms\/twin-room\/\" title=\"Rezervi\u0161ite sobu\" target=\"_self\">Rezervi\u0161ite sobu<\/a>\n\t\t<\/figcaption>\n\t\t<\/figure>\n\t<\/div> <\/div><\/div><\/div><div class=\"wpb_column vc_column_container vc_col-sm-6\"><div class=\"vc_column-inner\"><div class=\"wpb_wrapper\">\n\t<div class=\"featured-image-box   text-align-center overlay_style_1\">\n\t\t<figure class=\"\">\n\t\t\t<div class=\"image-wrapper\">\n\t\t\t<img decoding=\"async\" width=\"1000\" height=\"671\" src=\"https:\/\/vilasunce.ba\/wp-content\/uploads\/2023\/03\/room3-3.jpg\" class=\"vc_single_image-img attachment-full\" alt=\"\" title=\"room3-3\" srcset=\"https:\/\/vilasunce.ba\/wp-content\/uploads\/2023\/03\/room3-3.jpg 1000w, https:\/\/vilasunce.ba\/wp-content\/uploads\/2023\/03\/room3-3-300x201.jpg 300w, https:\/\/vilasunce.ba\/wp-content\/uploads\/2023\/03\/room3-3-768x515.jpg 768w\" sizes=\"(max-width: 1000px) 100vw, 1000px\" \/>\n\t\t\t<\/div>\n\t\t<figcaption>\n\t\t\t<h4><span>KM200.00\/NO\u0106<\/span> Trokrevetna soba<\/h4>\n\t\t\t<p>VILA SUNCE<\/p>\n\t\t\t<a class=\"btn btn-primary\" href=\"https:\/\/vilasunce.ba\/bs\/rooms\/triple-room\/\" title=\"Rezervi\u0161ite sobu\" target=\"_self\">Rezervi\u0161ite sobu<\/a>\n\t\t<\/figcaption>\n\t\t<\/figure>\n\t<\/div> <\/div><\/div><\/div><\/div><div class=\"vc_row wpb_row vc_row-fluid vc_hidden-lg vc_hidden-md vc_hidden-sm\"><div class=\"wpb_column vc_column_container vc_col-sm-12\"><div class=\"vc_column-inner vc_custom_1680471147867\"><div class=\"wpb_wrapper\">\n\t<div class=\"wpb_gallery wpb_posts_slider wpb_content_element\" >\n\t\t<div class=\"wpb_wrapper\">\n\t\t\t\n\t\t\t<div class=\"wpb_gallery_slides wpb_flexslider flexslider_slide flexslider\" data-interval=\"3\" data-flex_fx=\"slide\"><ul class=\"slides\"><li><a class=\"link_image\" href=\"https:\/\/vilasunce.makimakaron.com\/sobe\/trokrevetna-soba\/\"><img decoding=\"async\" width=\"1920\" height=\"1279\" src=\"https:\/\/vilasunce.ba\/wp-content\/uploads\/2023\/04\/newpic9.jpg\" class=\"attachment-full\" alt=\"\" title=\"newpic9\" srcset=\"https:\/\/vilasunce.ba\/wp-content\/uploads\/2023\/04\/newpic9.jpg 1920w, https:\/\/vilasunce.ba\/wp-content\/uploads\/2023\/04\/newpic9-300x200.jpg 300w, https:\/\/vilasunce.ba\/wp-content\/uploads\/2023\/04\/newpic9-1024x682.jpg 1024w, https:\/\/vilasunce.ba\/wp-content\/uploads\/2023\/04\/newpic9-768x512.jpg 768w, https:\/\/vilasunce.ba\/wp-content\/uploads\/2023\/04\/newpic9-1536x1023.jpg 1536w, https:\/\/vilasunce.ba\/wp-content\/uploads\/2023\/04\/newpic9-18x12.jpg 18w\" sizes=\"(max-width: 1920px) 100vw, 1920px\" \/><\/a><div class=\"flex-caption\"><h2 class=\"post-title\"><a class=\"link_image\" href=\"https:\/\/vilasunce.makimakaron.com\/sobe\/trokrevetna-soba\/\">Trokrevetna soba<\/a><\/h2><p>A spacious guest room that can accommodate a family or a group of four. This room has two double beds or a double bed and a sofa bed, which allows everyone to sleep comfortably. The balcony is a great feature that allows guests to enjoy the fresh air and picturesque view. A private bathroom ensures that everyone has their own space to get ready and freshen up. Additionally, the room comes with amenities such as free Wi-Fi and a TV, making it easy to stay connected and entertained during your stay. All in all, the hotel&#8217;s family room is a great option for families looking for a comfortable and convenient place to stay while traveling.<\/p>\n<\/div><\/li><li><a class=\"link_image\" href=\"https:\/\/vilasunce.makimakaron.com\/sobe\/dvokrevetna-soba\/\"><img decoding=\"async\" width=\"1920\" height=\"1279\" src=\"https:\/\/vilasunce.ba\/wp-content\/uploads\/2023\/04\/newpic9.jpg\" class=\"attachment-full\" alt=\"\" title=\"newpic9\" srcset=\"https:\/\/vilasunce.ba\/wp-content\/uploads\/2023\/04\/newpic9.jpg 1920w, https:\/\/vilasunce.ba\/wp-content\/uploads\/2023\/04\/newpic9-300x200.jpg 300w, https:\/\/vilasunce.ba\/wp-content\/uploads\/2023\/04\/newpic9-1024x682.jpg 1024w, https:\/\/vilasunce.ba\/wp-content\/uploads\/2023\/04\/newpic9-768x512.jpg 768w, https:\/\/vilasunce.ba\/wp-content\/uploads\/2023\/04\/newpic9-1536x1023.jpg 1536w, https:\/\/vilasunce.ba\/wp-content\/uploads\/2023\/04\/newpic9-18x12.jpg 18w\" sizes=\"(max-width: 1920px) 100vw, 1920px\" \/><\/a><div class=\"flex-caption\"><h2 class=\"post-title\"><a class=\"link_image\" href=\"https:\/\/vilasunce.makimakaron.com\/sobe\/dvokrevetna-soba\/\">Dvokrevetna soba<\/a><\/h2><p>A spacious guest room that can accommodate a family or a group of four. This room has two double beds or a double bed and a sofa bed, which allows everyone to sleep comfortably. The balcony is a great feature that allows guests to enjoy the fresh air and picturesque view. A private bathroom ensures that everyone has their own space to get ready and freshen up. Additionally, the room comes with amenities such as free Wi-Fi and a TV, making it easy to stay connected and entertained during your stay. All in all, the hotel&#8217;s family room is a great option for families looking for a comfortable and convenient place to stay while traveling.<\/p>\n<\/div><\/li><\/ul><\/div>\n\t\t<\/div>\n\t<\/div>\n<\/div><\/div><\/div><\/div>","protected":false},"excerpt":{"rendered":"<p>Prostrana gostinjsku sobu koja mo\u017ee primiti obitelj ili grupu od \u010detiri osobe. Ova sobe ima dva bra\u010dna kreveta ili bra\u010dni krevet i kau\u010d na razvla\u010denje, \u0161to svima omogu\u0107uje udobno spavanje. Balkon je izvrsna zna\u010dajka koja gostima omogu\u0107uje u\u017eivanje u svje\u017eem zraku i slikovitom pogledu. Vlastita kupaonica osigurava da svatko ima vlastiti prostor za spremanje i osvje\u017eenje. Dodatno, soba dolazi sa sadr\u017eajima kao \u0161to su besplatni Wi-Fi i TV, \u0161to olak\u0161ava da ostanete povezani i zabavite se tijekom boravka. Sve u svemu, hotelska obiteljska soba je odli\u010dna opcija za obitelji koje tra\u017ee udobno i prakti\u010dno mjesto za boravak tijekom putovanja.<\/p>","protected":false},"featured_media":4691,"comment_status":"closed","ping_status":"closed","template":"","meta":[],"product_cat":[32],"product_tag":[],"class_list":["post-3045","product","type-product","status-publish","has-post-thumbnail","hentry","product_cat-rooms","has_thumb"],"acf":[],"_links":{"self":[{"href":"https:\/\/vilasunce.ba\/bs\/wp-json\/wp\/v2\/product\/3045","targetHints":{"allow":["GET"]}}],"collection":[{"href":"https:\/\/vilasunce.ba\/bs\/wp-json\/wp\/v2\/product"}],"about":[{"href":"https:\/\/vilasunce.ba\/bs\/wp-json\/wp\/v2\/types\/product"}],"replies":[{"embeddable":true,"href":"https:\/\/vilasunce.ba\/bs\/wp-json\/wp\/v2\/comments?post=3045"}],"wp:featuredmedia":[{"embeddable":true,"href":"https:\/\/vilasunce.ba\/bs\/wp-json\/wp\/v2\/media\/4691"}],"wp:attachment":[{"href":"https:\/\/vilasunce.ba\/bs\/wp-json\/wp\/v2\/media?parent=3045"}],"wp:term":[{"taxonomy":"product_cat","embeddable":true,"href":"https:\/\/vilasunce.ba\/bs\/wp-json\/wp\/v2\/product_cat?post=3045"},{"taxonomy":"product_tag","embeddable":true,"href":"https:\/\/vilasunce.ba\/bs\/wp-json\/wp\/v2\/product_tag?post=3045"}],"curies":[{"name":"wp","href":"https:\/\/api.w.org\/{rel}","templated":true}]}}